{"id":164964,"date":"2026-03-14T00:00:00","date_gmt":"2026-03-14T05:00:00","guid":{"rendered":"https:\/\/gpl-love.com\/es\/producto\/wp-adminify-pro\/"},"modified":"2026-03-14T17:16:24","modified_gmt":"2026-03-14T22:16:24","slug":"wp-adminify-pro","status":"publish","type":"product","link":"https:\/\/gpl-love.com\/es\/producto\/wp-adminify-pro\/","title":{"rendered":"WP Adminify Pro 4.1.7"},"content":{"rendered":"<h3>WP Adminify Pro Caracteristicas<\/h3>\n<p>Presentamos WP Adminify Pro, la soluci\u00f3n definitiva para transformar la experiencia de tu panel de control de WordPress. Dise\u00f1ado para la eficiencia y la facilidad de uso, WP Adminify Pro eleva tu panel de administraci\u00f3n con una interfaz elegante e intuitiva. Dile adi\u00f3s a los paneles de control recargados y dale la bienvenida a un flujo de trabajo optimizado.<\/p>\n<p>Con WP Adminify Pro, puedes personalizar tu panel de control para que se adapte perfectamente a tu flujo de trabajo. Sus potentes funciones incluyen widgets avanzados, un modo oscuro para sesiones de trabajo nocturnas y un editor de men\u00fa intuitivo. Mejora tu productividad con acceso r\u00e1pido a herramientas esenciales y un entorno sin distracciones.<\/p>\n<p>WP Adminify Pro es perfecto para desarrolladores y administradores de sitios que buscan un panel de control r\u00e1pido, responsivo y visualmente atractivo. Su dise\u00f1o ligero garantiza que tu sitio web se mantenga ultrarr\u00e1pido a la vez que ofrece una funcionalidad de primer nivel. Compatible con los principales plugins, WP Adminify Pro se integra a la perfecci\u00f3n con tu configuraci\u00f3n actual.<\/p>\n<p>Tanto si gestionas un solo blog como una red de sitios web, WP Adminify Pro te ofrece la flexibilidad y el control que necesitas.<\/p>\n<ul>\n<li>Personalizaci\u00f3n avanzada del panel de control de WordPress<\/li>\n<li>Gesti\u00f3n de roles y permisos de usuario<\/li>\n<li>Herramientas de optimizaci\u00f3n del rendimiento y la velocidad<\/li>\n<li>Men\u00fa de administraci\u00f3n y widgets personalizables<\/li>\n<li>Opciones de marca blanca<\/li>\n<li>An\u00e1lisis e informes detallados<\/li>\n<li>Modo oscuro para la interfaz de administraci\u00f3n<\/li>\n<li>Registros de actividad y seguimiento de usuarios<\/li>\n<li>Compatibilidad con m\u00faltiples sitios<\/li>\n<\/ul>\n","protected":false},"excerpt":{"rendered":"<p>Presentamos WP Adminify Pro, el plugin definitivo para optimizar el panel de administraci\u00f3n de WordPress, dise\u00f1ado para optimizar la gesti\u00f3n de tu sitio web. Transforma tu panel con interfaces elegantes e intuitivas y potentes opciones de personalizaci\u00f3n. Aumenta tu productividad con las funciones avanzadas de WP Adminify Pro, que incluyen registros de actividad en tiempo real, editores de men\u00fa intuitivos y herramientas de rendimiento optimizadas. Este plugin es perfecto para desarrolladores web y propietarios de sitios web que buscan optimizar su flujo de trabajo y la navegaci\u00f3n. Con WP Adminify Pro, disfruta de una integraci\u00f3n perfecta y un control inigualable sobre tu experiencia en WordPress.<\/p>\n","protected":false},"featured_media":169356,"comment_status":"open","ping_status":"open","template":"","meta":[],"product_brand":[2697],"product_cat":[1212,1206,1211],"product_tag":[2698],"class_list":{"0":"post-164964","1":"product","2":"type-product","3":"status-publish","4":"has-post-thumbnail","6":"product_brand-pixarlabs","7":"product_cat-administracion-wordpress-plugins","8":"product_cat-plugins","9":"product_cat-wordpress-plugins","10":"product_tag-pixarlabs","11":"member-discount","12":"discount-restricted","14":"first","15":"instock","16":"sale","17":"downloadable","18":"virtual","19":"sold-individually","20":"purchasable","21":"product-type-simple"},"_links":{"self":[{"href":"https:\/\/gpl-love.com\/es\/wp-json\/wp\/v2\/product\/164964","targetHints":{"allow":["GET"]}}],"collection":[{"href":"https:\/\/gpl-love.com\/es\/wp-json\/wp\/v2\/product"}],"about":[{"href":"https:\/\/gpl-love.com\/es\/wp-json\/wp\/v2\/types\/product"}],"replies":[{"embeddable":true,"href":"https:\/\/gpl-love.com\/es\/wp-json\/wp\/v2\/comments?post=164964"}],"wp:featuredmedia":[{"embeddable":true,"href":"https:\/\/gpl-love.com\/es\/wp-json\/wp\/v2\/media\/169356"}],"wp:attachment":[{"href":"https:\/\/gpl-love.com\/es\/wp-json\/wp\/v2\/media?parent=164964"}],"wp:term":[{"taxonomy":"product_brand","embeddable":true,"href":"https:\/\/gpl-love.com\/es\/wp-json\/wp\/v2\/product_brand?post=164964"},{"taxonomy":"product_cat","embeddable":true,"href":"https:\/\/gpl-love.com\/es\/wp-json\/wp\/v2\/product_cat?post=164964"},{"taxonomy":"product_tag","embeddable":true,"href":"https:\/\/gpl-love.com\/es\/wp-json\/wp\/v2\/product_tag?post=164964"}],"curies":[{"name":"wp","href":"https:\/\/api.w.org\/{rel}","templated":true}]}}