{"id":164962,"date":"2025-05-06T00:00:00","date_gmt":"2025-05-06T05:00:00","guid":{"rendered":"https:\/\/gpl-love.com\/es\/producto\/athletex-woocommerce-sport-equipment\/"},"modified":"2026-03-13T17:37:20","modified_gmt":"2026-03-13T22:37:20","slug":"athletex-woocommerce-sport-equipment","status":"publish","type":"product","link":"https:\/\/gpl-love.com\/es\/producto\/athletex-woocommerce-sport-equipment\/","title":{"rendered":"Athletex WooCommerce Sport Equipment 1.1.0"},"content":{"rendered":"<h3>Athletex WooCommerce Sport Equipment Caracteristicas<\/h3>\n<p>Presentamos el tema Athletex para WooCommerce de equipamiento deportivo: la soluci\u00f3n definitiva para crear una tienda de deportes online din\u00e1mica. Este tema para WooCommerce de equipamiento deportivo est\u00e1 dise\u00f1ado para mejorar tu sitio de comercio electr\u00f3nico con una est\u00e9tica elegante y moderna, y una funcionalidad robusta. Tanto si est\u00e1s lanzando un nuevo negocio de equipamiento deportivo como renovando uno ya existente, el tema Athletex es la base perfecta.<\/p>\n<p>Con el tema Athletex para WooCommerce, puedes mostrar tus productos f\u00e1cilmente con un dise\u00f1o responsivo que se ve genial en cualquier dispositivo. Este tema para WooCommerce de equipamiento deportivo est\u00e1 repleto de funciones personalizables y una navegaci\u00f3n intuitiva, lo que garantiza una experiencia de compra fluida para tus clientes.<\/p>\n<p>Optimiza tu tienda con las herramientas SEO integradas del tema Athletex, dise\u00f1adas para mejorar el posicionamiento en buscadores y generar tr\u00e1fico. Su integraci\u00f3n con WooCommerce facilita la gesti\u00f3n del inventario y el procesamiento de pedidos. Adem\u00e1s, la compatibilidad del tema con plugins populares ofrece infinitas posibilidades de personalizaci\u00f3n.<\/p>\n<ul>\n<li>Dise\u00f1o responsivo optimizado para diversos dispositivos<\/li>\n<li>Integraci\u00f3n perfecta con WooCommerce para facilitar las ventas en l\u00ednea<\/li>\n<li>Plantillas predise\u00f1adas de equipamiento deportivo para una configuraci\u00f3n r\u00e1pida<\/li>\n<li>Opciones de dise\u00f1o personalizables que se adaptan a la identidad de marca<\/li>\n<li>Herramientas SEO integradas para mejorar la visibilidad en buscadores<\/li>\n<li>Creador de p\u00e1ginas intuitivo con funci\u00f3n de arrastrar y soltar<\/li>\n<li>Compatibilidad con los principales plugins de WordPress<\/li>\n<li>Alto rendimiento y tiempos de carga r\u00e1pidos<\/li>\n<li>M\u00faltiples estilos de encabezado y pie de p\u00e1gina<\/li>\n<li>Soporte dedicado y actualizaciones peri\u00f3dicas del tema<\/li>\n<\/ul>\n","protected":false},"excerpt":{"rendered":"<p>Presentamos el tema Athletex para WooCommerce de equipamiento deportivo, la soluci\u00f3n definitiva para tu tienda online de deportes. Este din\u00e1mico tema est\u00e1 dise\u00f1ado para integrarse a la perfecci\u00f3n con WooCommerce, ofreciendo una plataforma robusta para mostrar y vender tus productos. El tema Athletex ofrece un dise\u00f1o elegante y moderno, ideal para los amantes del equipamiento deportivo. Con su interfaz intuitiva, el tema Athletex para WooCommerce garantiza una navegaci\u00f3n sencilla y una experiencia de compra fluida. Perfecto para cualquier necesidad de WooCommerce de equipamiento deportivo, mejora la interacci\u00f3n del usuario e impulsa las ventas.<\/p>\n","protected":false},"featured_media":169354,"comment_status":"open","ping_status":"open","template":"","meta":[],"product_brand":[2337],"product_cat":[1267,1237,1238],"product_tag":[1391],"class_list":{"0":"post-164962","1":"product","2":"type-product","3":"status-publish","4":"has-post-thumbnail","6":"product_brand-themeforest","7":"product_cat-creativo","8":"product_cat-temas","9":"product_cat-wordpress-temas","10":"product_tag-themeforest","11":"member-discount","12":"discount-restricted","14":"first","15":"instock","16":"sale","17":"downloadable","18":"virtual","19":"sold-individually","20":"purchasable","21":"product-type-simple"},"_links":{"self":[{"href":"https:\/\/gpl-love.com\/es\/wp-json\/wp\/v2\/product\/164962","targetHints":{"allow":["GET"]}}],"collection":[{"href":"https:\/\/gpl-love.com\/es\/wp-json\/wp\/v2\/product"}],"about":[{"href":"https:\/\/gpl-love.com\/es\/wp-json\/wp\/v2\/types\/product"}],"replies":[{"embeddable":true,"href":"https:\/\/gpl-love.com\/es\/wp-json\/wp\/v2\/comments?post=164962"}],"wp:featuredmedia":[{"embeddable":true,"href":"https:\/\/gpl-love.com\/es\/wp-json\/wp\/v2\/media\/169354"}],"wp:attachment":[{"href":"https:\/\/gpl-love.com\/es\/wp-json\/wp\/v2\/media?parent=164962"}],"wp:term":[{"taxonomy":"product_brand","embeddable":true,"href":"https:\/\/gpl-love.com\/es\/wp-json\/wp\/v2\/product_brand?post=164962"},{"taxonomy":"product_cat","embeddable":true,"href":"https:\/\/gpl-love.com\/es\/wp-json\/wp\/v2\/product_cat?post=164962"},{"taxonomy":"product_tag","embeddable":true,"href":"https:\/\/gpl-love.com\/es\/wp-json\/wp\/v2\/product_tag?post=164962"}],"curies":[{"name":"wp","href":"https:\/\/api.w.org\/{rel}","templated":true}]}}