{"id":164961,"date":"2025-05-06T00:00:00","date_gmt":"2025-05-06T05:00:00","guid":{"rendered":"https:\/\/gpl-love.com\/es\/producto\/paid-memberships-pro-payfast-gateway\/"},"modified":"2026-03-09T08:49:28","modified_gmt":"2026-03-09T13:49:28","slug":"paid-memberships-pro-payfast-gateway","status":"publish","type":"product","link":"https:\/\/gpl-love.com\/es\/producto\/paid-memberships-pro-payfast-gateway\/","title":{"rendered":"Paid Memberships Pro PayFast Gateway 1.7.1"},"content":{"rendered":"<h3>Paid Memberships Pro PayFast Gateway Caracteristicas<\/h3>\n<p>Optimice las transacciones de su sitio de membres\u00eda con la pasarela PayFast de Paid Memberships Pro. Esta robusta integraci\u00f3n est\u00e1 dise\u00f1ada para optimizar sus procesos de pago y garantizar una experiencia de usuario fluida. Ya sea que est\u00e9 creando un nuevo sitio de membres\u00eda u optimizando uno existente, la pasarela PayFast para Paid Memberships Pro es la soluci\u00f3n ideal.<\/p>\n<p>\u00bfSe pregunta c\u00f3mo usar PayFast con Paid Memberships Pro? Nuestra gu\u00eda paso a paso le facilita la configuraci\u00f3n de PayFast con Paid Memberships Pro, permiti\u00e9ndole administrar f\u00e1cilmente sus cuotas de membres\u00eda. Con esta integraci\u00f3n, tendr\u00e1 acceso a diversas opciones de pago, mejorando la flexibilidad y la comodidad de su sitio.<\/p>\n<p>La integraci\u00f3n PayFast de Paid Memberships Pro es perfecta para sitios de membres\u00eda que buscan una pasarela de pagos confiable y eficiente. Desde la configuraci\u00f3n inicial hasta las transacciones continuas, esta integraci\u00f3n garantiza que su sitio funcione de forma fluida y eficiente. Descubra los beneficios de la integraci\u00f3n de PayFast para sitios de membres\u00eda y mejore sus capacidades de procesamiento de pagos.<\/p>\n<ul>\n<li>Integraci\u00f3n perfecta con Membres\u00edas Pagadas Pro<\/li>\n<li>Compatible con la pasarela de pagos PayFast para transacciones<\/li>\n<li>Procesamiento seguro de pagos<\/li>\n<li>Pagos recurrentes de suscripciones<\/li>\n<li>Opciones de pago \u00fanico<\/li>\n<li>Configuraci\u00f3n personalizable para diferentes niveles de membres\u00eda<\/li>\n<li>Compatible con m\u00faltiples divisas<\/li>\n<li>Compatibilidad integrada para el procesamiento de reembolsos<\/li>\n<li>F\u00e1cil configuraci\u00f3n<\/li>\n<li>Informes detallados de transacciones y pagos<\/li>\n<\/ul>\n","protected":false},"excerpt":{"rendered":"<p>Optimice sus transacciones con la integraci\u00f3n de la pasarela de pago PayFast de Paid Memberships Pro. Configure PayFast con Paid Memberships Pro f\u00e1cilmente para optimizar las opciones de pago de su sitio de membres\u00eda. Esta potente integraci\u00f3n de PayFast para sitios de membres\u00eda garantiza pagos seguros y eficientes, atendiendo a su creciente p\u00fablico. Descubra c\u00f3mo usar PayFast con Paid Memberships Pro y mejore su experiencia con la pasarela de pago. Nuestra gu\u00eda intuitiva simplifica la configuraci\u00f3n de PayFast de Paid Memberships Pro, permiti\u00e9ndole concentrarse en lo m\u00e1s importante: sus miembros.<\/p>\n","protected":false},"featured_media":169353,"comment_status":"open","ping_status":"open","template":"","meta":[],"product_brand":[2524],"product_cat":[1278,1206,1211],"product_tag":[2255],"class_list":{"0":"post-164961","1":"product","2":"type-product","3":"status-publish","4":"has-post-thumbnail","6":"product_brand-paid-memberships-pro","7":"product_cat-pago","8":"product_cat-plugins","9":"product_cat-wordpress-plugins","10":"product_tag-paid-memberships-pro","11":"member-discount","12":"discount-restricted","14":"first","15":"instock","16":"sale","17":"downloadable","18":"virtual","19":"sold-individually","20":"purchasable","21":"product-type-simple"},"_links":{"self":[{"href":"https:\/\/gpl-love.com\/es\/wp-json\/wp\/v2\/product\/164961","targetHints":{"allow":["GET"]}}],"collection":[{"href":"https:\/\/gpl-love.com\/es\/wp-json\/wp\/v2\/product"}],"about":[{"href":"https:\/\/gpl-love.com\/es\/wp-json\/wp\/v2\/types\/product"}],"replies":[{"embeddable":true,"href":"https:\/\/gpl-love.com\/es\/wp-json\/wp\/v2\/comments?post=164961"}],"wp:featuredmedia":[{"embeddable":true,"href":"https:\/\/gpl-love.com\/es\/wp-json\/wp\/v2\/media\/169353"}],"wp:attachment":[{"href":"https:\/\/gpl-love.com\/es\/wp-json\/wp\/v2\/media?parent=164961"}],"wp:term":[{"taxonomy":"product_brand","embeddable":true,"href":"https:\/\/gpl-love.com\/es\/wp-json\/wp\/v2\/product_brand?post=164961"},{"taxonomy":"product_cat","embeddable":true,"href":"https:\/\/gpl-love.com\/es\/wp-json\/wp\/v2\/product_cat?post=164961"},{"taxonomy":"product_tag","embeddable":true,"href":"https:\/\/gpl-love.com\/es\/wp-json\/wp\/v2\/product_tag?post=164961"}],"curies":[{"name":"wp","href":"https:\/\/api.w.org\/{rel}","templated":true}]}}