{"id":164959,"date":"2025-11-20T00:00:00","date_gmt":"2025-11-20T05:00:00","guid":{"rendered":"https:\/\/gpl-love.com\/es\/producto\/gravity-perks-limit-dates\/"},"modified":"2026-03-09T08:49:26","modified_gmt":"2026-03-09T13:49:26","slug":"gravity-perks-limit-dates","status":"publish","type":"product","link":"https:\/\/gpl-love.com\/es\/producto\/gravity-perks-limit-dates\/","title":{"rendered":"Gravity Perks Limit Dates 1.1.35"},"content":{"rendered":"<h3>Gravity Perks Limit Dates Caracteristicas<\/h3>\n<p>Presentamos el plugin definitivo para WordPress, Gravity Perks Limit Dates: una herramienta revolucionaria para la gesti\u00f3n de campos de fecha en Gravity Forms. Perfecto para coordinadores de eventos, programadores de citas y cualquiera que necesite un control preciso sobre las entradas de formularios, este plugin te permite definir restricciones de fecha espec\u00edficas sin esfuerzo.<\/p>\n<p>Con Gravity Perks Limit Dates, puedes establecer f\u00e1cilmente fechas de inicio y fin, desactivar fines de semana e incluso bloquear d\u00edas festivos con solo unos clics. Olv\u00eddate del seguimiento manual: automatiza tu proceso y mejora la experiencia del usuario asegur\u00e1ndote de que los env\u00edos de formularios se ajusten a tu horario.<\/p>\n<p>Esta potente herramienta se integra a la perfecci\u00f3n con tu configuraci\u00f3n actual de Gravity Forms, ofreciendo una interfaz intuitiva que no requiere conocimientos de programaci\u00f3n. Tanto si gestionas una peque\u00f1a empresa como operaciones a gran escala, Gravity Perks Limit Dates optimiza tu flujo de trabajo evitando entradas de fechas inv\u00e1lidas y reduciendo errores.<\/p>\n<ul>\n<li>Restringe la selecci\u00f3n de fechas a per\u00edodos espec\u00edficos<\/li>\n<li>Permite establecer fechas de inicio y fin para la disponibilidad<\/li>\n<li>Admite fechas restringidas para d\u00edas festivos o eventos especiales<\/li>\n<li>Ofrece ajustes din\u00e1micos del rango de fechas mediante l\u00f3gica condicional<\/li>\n<li>Compatible con Gravity Forms<\/li>\n<li>Proporciona una interfaz intuitiva para una configuraci\u00f3n sencilla<\/li>\n<li>Permite restricciones de selecci\u00f3n de fechas seg\u00fan las entradas del usuario<\/li>\n<li>Permite mensajes de error personalizados para selecciones de fechas no v\u00e1lidas<\/li>\n<li>Compatible con otros complementos de Gravity Perks<\/li>\n<li>Ofrece validaci\u00f3n autom\u00e1tica de fechas para el env\u00edo de formularios<\/li>\n<\/ul>\n","protected":false},"excerpt":{"rendered":"<p>Presentamos Gravity Perks Limit Dates, \u00a1la soluci\u00f3n definitiva para gestionar los campos de fecha en tus formularios! Este potente complemento de Gravity Forms te permite controlar f\u00e1cilmente la disponibilidad de fechas, garantizando que los usuarios seleccionen solo las fechas permitidas. Tanto si configuras reservas de citas como inscripciones a eventos, te beneficiar\u00e1s de su interfaz intuitiva y su integraci\u00f3n perfecta. Con Gravity Perks Limit Dates, mejora la experiencia del usuario evitando conflictos de fechas y garantizando una programaci\u00f3n precisa.<\/p>\n","protected":false},"featured_media":169351,"comment_status":"open","ping_status":"open","template":"","meta":[],"product_brand":[2470],"product_cat":[1214,1206,1211],"product_tag":[2325],"class_list":{"0":"post-164959","1":"product","2":"type-product","3":"status-publish","4":"has-post-thumbnail","6":"product_brand-gravity-perks","7":"product_cat-personalizacion","8":"product_cat-plugins","9":"product_cat-wordpress-plugins","10":"product_tag-gravity-perks","11":"member-discount","12":"discount-restricted","14":"first","15":"instock","16":"sale","17":"downloadable","18":"virtual","19":"sold-individually","20":"purchasable","21":"product-type-simple"},"_links":{"self":[{"href":"https:\/\/gpl-love.com\/es\/wp-json\/wp\/v2\/product\/164959","targetHints":{"allow":["GET"]}}],"collection":[{"href":"https:\/\/gpl-love.com\/es\/wp-json\/wp\/v2\/product"}],"about":[{"href":"https:\/\/gpl-love.com\/es\/wp-json\/wp\/v2\/types\/product"}],"replies":[{"embeddable":true,"href":"https:\/\/gpl-love.com\/es\/wp-json\/wp\/v2\/comments?post=164959"}],"wp:featuredmedia":[{"embeddable":true,"href":"https:\/\/gpl-love.com\/es\/wp-json\/wp\/v2\/media\/169351"}],"wp:attachment":[{"href":"https:\/\/gpl-love.com\/es\/wp-json\/wp\/v2\/media?parent=164959"}],"wp:term":[{"taxonomy":"product_brand","embeddable":true,"href":"https:\/\/gpl-love.com\/es\/wp-json\/wp\/v2\/product_brand?post=164959"},{"taxonomy":"product_cat","embeddable":true,"href":"https:\/\/gpl-love.com\/es\/wp-json\/wp\/v2\/product_cat?post=164959"},{"taxonomy":"product_tag","embeddable":true,"href":"https:\/\/gpl-love.com\/es\/wp-json\/wp\/v2\/product_tag?post=164959"}],"curies":[{"name":"wp","href":"https:\/\/api.w.org\/{rel}","templated":true}]}}