{"id":164958,"date":"2025-12-18T00:00:00","date_gmt":"2025-12-18T05:00:00","guid":{"rendered":"https:\/\/gpl-love.com\/es\/producto\/modern-events-calendar-elementor-shortcode-designer\/"},"modified":"2026-03-09T08:49:25","modified_gmt":"2026-03-09T13:49:25","slug":"modern-events-calendar-elementor-shortcode-designer","status":"publish","type":"product","link":"https:\/\/gpl-love.com\/es\/producto\/modern-events-calendar-elementor-shortcode-designer\/","title":{"rendered":"Modern Events Calendar Elementor Shortcode Designer 1.5.0"},"content":{"rendered":"<h3>Modern Events Calendar Elementor Shortcode Designer Caracteristicas<\/h3>\n<p>Descubre la soluci\u00f3n definitiva para crear presentaciones de eventos visualmente impactantes con el Dise\u00f1ador de Shortcodes de Elementor para Calendarios de Eventos Modernos. Esta potente herramienta se integra a la perfecci\u00f3n con Elementor, permiti\u00e9ndote dise\u00f1ar y personalizar tus listas de eventos f\u00e1cilmente. Ya sea que organices conferencias corporativas, festivales de m\u00fasica animados o talleres privados, nuestro dise\u00f1ador de shortcodes te permite crear presentaciones \u00fanicas y atractivas.<\/p>\n<p>Con su interfaz intuitiva, el Dise\u00f1ador de Shortcodes de Elementor para Calendarios de Eventos Modernos te permite modificar dise\u00f1os, colores y fuentes para que se adapten perfectamente a la est\u00e9tica de tu marca. \u00bfNo sabes programar? \u00a1No hay problema! Nuestra funci\u00f3n de arrastrar y soltar garantiza una experiencia sencilla, haci\u00e9ndola accesible para usuarios de todos los niveles. Mejora la interacci\u00f3n del usuario con dise\u00f1os responsivos que se ven impecables en cualquier dispositivo.<\/p>\n<p>Mejora el SEO de tu sitio web y atrae a m\u00e1s asistentes utilizando nuestras funciones de calendario din\u00e1mico. Presenta los pr\u00f3ximos eventos, gestiona las reservas y ofrece actualizaciones en tiempo real sin esfuerzo. Transforma tu experiencia de gesti\u00f3n de eventos hoy mismo con el Dise\u00f1ador de Shortcodes de Elementor para Calendarios de Eventos Modernos, donde la creatividad se une a la funcionalidad.<\/p>\n<ul>\n<li>Integraci\u00f3n perfecta con Elementor para una f\u00e1cil personalizaci\u00f3n del dise\u00f1o<\/li>\n<li>Interfaz intuitiva para crear y gestionar eventos<\/li>\n<li>Funcionalidad de arrastrar y soltar para un dise\u00f1o de maquetaci\u00f3n sencillo<\/li>\n<li>Opciones de shortcode personalizables para una visualizaci\u00f3n flexible<\/li>\n<li>Dise\u00f1o responsivo que garantiza la compatibilidad en todos los dispositivos<\/li>\n<li>Opciones de estilo avanzadas para presentaciones de eventos \u00fanicas<\/li>\n<li>Vista previa en tiempo real para ver los cambios al instante<\/li>\n<li>Compatibilidad con eventos recurrentes y m\u00faltiples categor\u00edas de eventos<\/li>\n<li>Integraci\u00f3n con Google Maps para visualizar la ubicaci\u00f3n de los eventos<\/li>\n<li>Documentaci\u00f3n completa y soporte para la resoluci\u00f3n de problemas<\/li>\n<\/ul>\n","protected":false},"excerpt":{"rendered":"<p>Presentamos el Dise\u00f1ador de Shortcodes de Elementor para Calendarios de Eventos Modernos, una herramienta revolucionaria que transforma la gesti\u00f3n de eventos en tu sitio web. Integra f\u00e1cilmente listas de eventos elegantes y personalizables con Elementor, mejorando la funcionalidad y el atractivo de tu sitio. Este dise\u00f1ador intuitivo te permite crear f\u00e1cilmente presentaciones de eventos visualmente impactantes que captan la atenci\u00f3n y atraen a tu audiencia. Con su interfaz intuitiva, puedes destacar las caracter\u00edsticas y beneficios clave, asegurando que tus eventos se presenten de la mejor manera. Ya sea que gestiones talleres, conferencias o reuniones sociales, nuestra soluci\u00f3n est\u00e1 dise\u00f1ada para atraer e informar a clientes potenciales, haciendo que tus eventos sean inolvidables.<\/p>\n","protected":false},"featured_media":169350,"comment_status":"open","ping_status":"open","template":"","meta":[],"product_brand":[2408],"product_cat":[1214,1206,1211],"product_tag":[1419],"class_list":{"0":"post-164958","1":"product","2":"type-product","3":"status-publish","4":"has-post-thumbnail","6":"product_brand-webnus","7":"product_cat-personalizacion","8":"product_cat-plugins","9":"product_cat-wordpress-plugins","10":"product_tag-webnus","11":"member-discount","12":"discount-restricted","14":"first","15":"instock","16":"sale","17":"downloadable","18":"virtual","19":"sold-individually","20":"purchasable","21":"product-type-simple"},"_links":{"self":[{"href":"https:\/\/gpl-love.com\/es\/wp-json\/wp\/v2\/product\/164958","targetHints":{"allow":["GET"]}}],"collection":[{"href":"https:\/\/gpl-love.com\/es\/wp-json\/wp\/v2\/product"}],"about":[{"href":"https:\/\/gpl-love.com\/es\/wp-json\/wp\/v2\/types\/product"}],"replies":[{"embeddable":true,"href":"https:\/\/gpl-love.com\/es\/wp-json\/wp\/v2\/comments?post=164958"}],"wp:featuredmedia":[{"embeddable":true,"href":"https:\/\/gpl-love.com\/es\/wp-json\/wp\/v2\/media\/169350"}],"wp:attachment":[{"href":"https:\/\/gpl-love.com\/es\/wp-json\/wp\/v2\/media?parent=164958"}],"wp:term":[{"taxonomy":"product_brand","embeddable":true,"href":"https:\/\/gpl-love.com\/es\/wp-json\/wp\/v2\/product_brand?post=164958"},{"taxonomy":"product_cat","embeddable":true,"href":"https:\/\/gpl-love.com\/es\/wp-json\/wp\/v2\/product_cat?post=164958"},{"taxonomy":"product_tag","embeddable":true,"href":"https:\/\/gpl-love.com\/es\/wp-json\/wp\/v2\/product_tag?post=164958"}],"curies":[{"name":"wp","href":"https:\/\/api.w.org\/{rel}","templated":true}]}}