{"id":164952,"date":"2026-03-20T00:00:00","date_gmt":"2026-03-20T05:00:00","guid":{"rendered":"https:\/\/gpl-love.com\/es\/producto\/woocommerce-checkout-manager-pro\/"},"modified":"2026-03-20T17:17:06","modified_gmt":"2026-03-20T22:17:06","slug":"woocommerce-checkout-manager-pro","status":"publish","type":"product","link":"https:\/\/gpl-love.com\/es\/producto\/woocommerce-checkout-manager-pro\/","title":{"rendered":"WooCommerce Checkout Manager Pro 7.6.4"},"content":{"rendered":"<h3>WooCommerce Checkout Manager Pro Caracteristicas<\/h3>\n<p>Mejora tu experiencia de comercio electr\u00f3nico con WooCommerce Checkout Manager Pro, la soluci\u00f3n definitiva para personalizar tu proceso de pago. Dise\u00f1ado pensando en la facilidad de uso, este potente plugin te permite a\u00f1adir, editar y reordenar campos de pago f\u00e1cilmente. Mejora la satisfacci\u00f3n del cliente personalizando la experiencia de pago para que se ajuste a la identidad \u00fanica de tu marca.<\/p>\n<p>Con WooCommerce Checkout Manager Pro, optimiza tu flujo de trabajo y aumenta las tasas de conversi\u00f3n recopilando solo la informaci\u00f3n que necesitas. Este plugin premium admite campos condicionales, lo que te permite mostrar campos espec\u00edficos seg\u00fan la informaci\u00f3n del usuario, garantizando una experiencia de usuario fluida.<\/p>\n<p>Optimiza el rendimiento de tu tienda con funciones avanzadas como la validaci\u00f3n de campos, los tipos de campos personalizados y la compatibilidad con las pasarelas de pago m\u00e1s populares. Ya sea que vendas productos f\u00edsicos, descargas digitales o servicios de suscripci\u00f3n, WooCommerce Checkout Manager Pro se adapta a las necesidades de tu negocio.<\/p>\n<p>F\u00e1cil de instalar y configurar, este plugin se integra a la perfecci\u00f3n con tu configuraci\u00f3n actual de WooCommerce, ahorr\u00e1ndote tiempo y esfuerzo.<\/p>\n<ul>\n<li>Campos de pago personalizables<\/li>\n<li>Visualizaci\u00f3n de campos condicional<\/li>\n<li>Ordenaci\u00f3n de campos mediante arrastrar y soltar<\/li>\n<li>Compatibilidad con tipos de campos adicionales<\/li>\n<li>Integraci\u00f3n con pasarelas de pago populares<\/li>\n<li>Opci\u00f3n para configurar campos como obligatorios u opcionales<\/li>\n<li>Compatibilidad con varios idiomas<\/li>\n<li>Compatibilidad con temas y plugins de WooCommerce<\/li>\n<li>Experiencia de pago mejorada para los clientes<\/li>\n<li>Opciones detalladas de validaci\u00f3n de campos<\/li>\n<\/ul>\n","protected":false},"excerpt":{"rendered":"<p>Presentamos WooCommerce Checkout Manager Pro, la soluci\u00f3n definitiva para optimizar el proceso de pago de tu tienda online. Esta potente herramienta te permite personalizar y gestionar f\u00e1cilmente tus campos de pago, mejorando la experiencia del cliente y aumentando las tasas de conversi\u00f3n. Con funciones como la gesti\u00f3n de campos con funci\u00f3n de arrastrar y soltar, campos condicionales y an\u00e1lisis avanzados, tendr\u00e1s control total sobre tu p\u00e1gina de pago. WooCommerce Checkout Manager Pro se integra a la perfecci\u00f3n con tu tienda actual, garantizando una transici\u00f3n fluida y una interfaz intuitiva. Impulsa tu negocio de comercio electr\u00f3nico personalizando el proceso de pago para satisfacer las necesidades de tus clientes, reduciendo el abandono del carrito y aumentando las ventas.<\/p>\n","protected":false},"featured_media":169344,"comment_status":"open","ping_status":"open","template":"","meta":[],"product_brand":[2594],"product_cat":[1207,1248,1206],"product_tag":[2140],"class_list":{"0":"post-164952","1":"product","2":"type-product","3":"status-publish","4":"has-post-thumbnail","6":"product_brand-quadlayers","7":"product_cat-comercio-electronico-plugins","8":"product_cat-personalizacion-comercio-electronico-plugins","9":"product_cat-plugins","10":"product_tag-quadlayers","11":"member-discount","12":"discount-restricted","14":"first","15":"instock","16":"sale","17":"downloadable","18":"virtual","19":"sold-individually","20":"purchasable","21":"product-type-simple"},"_links":{"self":[{"href":"https:\/\/gpl-love.com\/es\/wp-json\/wp\/v2\/product\/164952","targetHints":{"allow":["GET"]}}],"collection":[{"href":"https:\/\/gpl-love.com\/es\/wp-json\/wp\/v2\/product"}],"about":[{"href":"https:\/\/gpl-love.com\/es\/wp-json\/wp\/v2\/types\/product"}],"replies":[{"embeddable":true,"href":"https:\/\/gpl-love.com\/es\/wp-json\/wp\/v2\/comments?post=164952"}],"wp:featuredmedia":[{"embeddable":true,"href":"https:\/\/gpl-love.com\/es\/wp-json\/wp\/v2\/media\/169344"}],"wp:attachment":[{"href":"https:\/\/gpl-love.com\/es\/wp-json\/wp\/v2\/media?parent=164952"}],"wp:term":[{"taxonomy":"product_brand","embeddable":true,"href":"https:\/\/gpl-love.com\/es\/wp-json\/wp\/v2\/product_brand?post=164952"},{"taxonomy":"product_cat","embeddable":true,"href":"https:\/\/gpl-love.com\/es\/wp-json\/wp\/v2\/product_cat?post=164952"},{"taxonomy":"product_tag","embeddable":true,"href":"https:\/\/gpl-love.com\/es\/wp-json\/wp\/v2\/product_tag?post=164952"}],"curies":[{"name":"wp","href":"https:\/\/api.w.org\/{rel}","templated":true}]}}