{"id":164950,"date":"2026-04-18T00:00:00","date_gmt":"2026-04-18T05:00:00","guid":{"rendered":"https:\/\/gpl-love.com\/es\/producto\/sureforms-business\/"},"modified":"2026-04-18T17:17:20","modified_gmt":"2026-04-18T22:17:20","slug":"sureforms-business","status":"publish","type":"product","link":"https:\/\/gpl-love.com\/es\/producto\/sureforms-business\/","title":{"rendered":"SureForms Business 2.8.0"},"content":{"rendered":"<h3>SureForms Business Caracteristicas<\/h3>\n<p>Presentamos SureForms Business: la soluci\u00f3n definitiva para todas sus necesidades de formularios digitales. Si busca optimizar su flujo de trabajo y optimizar la recopilaci\u00f3n de datos, SureForms Business es su herramienta ideal. Dise\u00f1ada pensando en las empresas, nuestra plataforma ofrece una interfaz intuitiva que facilita la creaci\u00f3n, gesti\u00f3n y an\u00e1lisis de formularios.<\/p>\n<p>Con SureForms Business, puede despedirse del tedioso papeleo y dar la bienvenida a datos eficientes y precisos. Nuestro intuitivo creador de formularios con funci\u00f3n de arrastrar y soltar le permite personalizar formularios sin esfuerzo, garantizando que se ajusten a las necesidades espec\u00edficas de su negocio. Ya sea que est\u00e9 recopilando comentarios de clientes, procesando pedidos u organizando encuestas, SureForms Business lo tiene cubierto.<\/p>\n<p>Nuestra plataforma garantiza la seguridad de sus datos con un cifrado robusto y el cumplimiento de los est\u00e1ndares del sector. Adem\u00e1s, puede integrar SureForms con sus herramientas empresariales favoritas, lo que hace que la transferencia de datos sea fluida y eficiente.<\/p>\n<p>Experimente el poder de la automatizaci\u00f3n y aumente su productividad con SureForms Business. Pru\u00e9belo hoy mismo y observe c\u00f3mo se transforman sus procesos empresariales. No pierda la oportunidad de optimizar sus operaciones con nuestra soluci\u00f3n de vanguardia.<\/p>\n<ul>\n<li>Creador de formularios avanzado para empresas<\/li>\n<li>Plantillas personalizables para diversos sectores<\/li>\n<li>Interfaz de arrastrar y soltar para un dise\u00f1o sencillo<\/li>\n<li>Integraci\u00f3n con plataformas populares de CRM y correo electr\u00f3nico<\/li>\n<li>An\u00e1lisis e informes en tiempo real<\/li>\n<li>Dise\u00f1o adaptable a dispositivos m\u00f3viles<\/li>\n<li>Recopilaci\u00f3n y almacenamiento seguros de datos<\/li>\n<li>Compatibilidad con varios idiomas<\/li>\n<li>L\u00f3gica condicional para una experiencia de usuario personalizada<\/li>\n<\/ul>\n","protected":false},"excerpt":{"rendered":"<p>Presentamos SureForms Business, la soluci\u00f3n definitiva para optimizar los procesos empresariales. Dise\u00f1ado para la eficiencia, SureForms Business ofrece creaci\u00f3n y gesti\u00f3n intuitiva de formularios para optimizar la productividad. Con interfaces intuitivas y s\u00f3lidas funciones de seguridad, SureForms Business garantiza la seguridad de sus datos a la vez que optimiza el flujo de trabajo. Ideal para empresas de todos los tama\u00f1os, nuestra plataforma permite una integraci\u00f3n perfecta con los sistemas existentes, ahorr\u00e1ndole tiempo y recursos. Experimente hoy mismo las ventajas de SureForms Business: optimice sus operaciones, mejore la comunicaci\u00f3n y alcance sus objetivos empresariales sin esfuerzo. Descubra por qu\u00e9 SureForms Business es la opci\u00f3n preferida de los profesionales expertos que buscan soluciones de formularios fiables y eficientes.<\/p>\n","protected":false},"featured_media":169342,"comment_status":"open","ping_status":"open","template":"","meta":[],"product_brand":[2693],"product_cat":[1216,1206,1211],"product_tag":[2694],"class_list":{"0":"post-164950","1":"product","2":"type-product","3":"status-publish","4":"has-post-thumbnail","6":"product_brand-sureforms","7":"product_cat-formas","8":"product_cat-plugins","9":"product_cat-wordpress-plugins","10":"product_tag-sureforms","11":"member-discount","12":"discount-restricted","14":"first","15":"instock","16":"sale","17":"downloadable","18":"virtual","19":"sold-individually","20":"purchasable","21":"product-type-simple"},"_links":{"self":[{"href":"https:\/\/gpl-love.com\/es\/wp-json\/wp\/v2\/product\/164950","targetHints":{"allow":["GET"]}}],"collection":[{"href":"https:\/\/gpl-love.com\/es\/wp-json\/wp\/v2\/product"}],"about":[{"href":"https:\/\/gpl-love.com\/es\/wp-json\/wp\/v2\/types\/product"}],"replies":[{"embeddable":true,"href":"https:\/\/gpl-love.com\/es\/wp-json\/wp\/v2\/comments?post=164950"}],"wp:featuredmedia":[{"embeddable":true,"href":"https:\/\/gpl-love.com\/es\/wp-json\/wp\/v2\/media\/169342"}],"wp:attachment":[{"href":"https:\/\/gpl-love.com\/es\/wp-json\/wp\/v2\/media?parent=164950"}],"wp:term":[{"taxonomy":"product_brand","embeddable":true,"href":"https:\/\/gpl-love.com\/es\/wp-json\/wp\/v2\/product_brand?post=164950"},{"taxonomy":"product_cat","embeddable":true,"href":"https:\/\/gpl-love.com\/es\/wp-json\/wp\/v2\/product_cat?post=164950"},{"taxonomy":"product_tag","embeddable":true,"href":"https:\/\/gpl-love.com\/es\/wp-json\/wp\/v2\/product_tag?post=164950"}],"curies":[{"name":"wp","href":"https:\/\/api.w.org\/{rel}","templated":true}]}}