{"id":164949,"date":"2026-01-04T00:00:00","date_gmt":"2026-01-04T05:00:00","guid":{"rendered":"https:\/\/gpl-love.com\/es\/producto\/sumo-discounts\/"},"modified":"2026-03-09T08:49:11","modified_gmt":"2026-03-09T13:49:11","slug":"sumo-discounts","status":"publish","type":"product","link":"https:\/\/gpl-love.com\/es\/producto\/sumo-discounts\/","title":{"rendered":"SUMO Discounts 6.8.0"},"content":{"rendered":"<h3>SUMO Discounts Caracteristicas<\/h3>\n<p>Descubre ofertas inigualables y ahorra a lo grande con Descuentos SUMO, tu mejor opci\u00f3n para ofertas y promociones exclusivas. Ya sea que compres moda, electr\u00f3nica, art\u00edculos para el hogar o m\u00e1s, Descuentos SUMO te ofrece incre\u00edbles ahorros en las mejores marcas. Nuestra plataforma f\u00e1cil de usar te garantiza encontrar los mejores c\u00f3digos de descuento y cupones para maximizar tu presupuesto sin sacrificar la calidad.<\/p>\n<ul>\n<li>Ofrece descuentos autom\u00e1ticos y c\u00f3digos de cup\u00f3n.<\/li>\n<li>Admite descuentos porcentuales, de importe fijo y espec\u00edficos para cada producto.<\/li>\n<li>Permite programar descuentos para fechas y horas espec\u00edficas.<\/li>\n<li>Compatible con una amplia gama de temas y plugins de WooCommerce.<\/li>\n<li>Ofrece descuentos y restricciones seg\u00fan el rol del usuario.<\/li>\n<li>Incluye descuentos por cantidad y por subtotal del carrito.<\/li>\n<li>Mensajes de descuento personalizables y opciones de visualizaci\u00f3n.<\/li>\n<li>Se integra a la perfecci\u00f3n con los procesos de pago existentes.<\/li>\n<li>Proporciona informes y an\u00e1lisis detallados sobre el uso de los descuentos.<\/li>\n<li>Compatible con configuraciones multiling\u00fces y multidivisa.<\/li>\n<\/ul>\n","protected":false},"excerpt":{"rendered":"<p>Presentamos Descuentos SUMO, \u00a1la soluci\u00f3n definitiva para compradores inteligentes que buscan maximizar sus ahorros! Con nuestra plataforma intuitiva, puede acceder f\u00e1cilmente a ofertas exclusivas, consultar su historial de descuentos y disfrutar de una integraci\u00f3n perfecta con sus tiendas en l\u00ednea favoritas. Descuentos SUMO le ofrece actualizaciones en tiempo real sobre las mejores ofertas, para que nunca se pierda una ganga. Ya sea que compre electr\u00f3nica, moda o art\u00edculos para el hogar, nuestra interfaz intuitiva facilita encontrar y aplicar los mejores descuentos disponibles. \u00a1Empiece a ahorrar hoy mismo con Descuentos SUMO y disfrute de la m\u00e1xima comodidad y valor en sus compras!<\/p>\n","protected":false},"featured_media":169341,"comment_status":"open","ping_status":"open","template":"","meta":[],"product_brand":[2339],"product_cat":[1207,1225,1206],"product_tag":[1256],"class_list":{"0":"post-164949","1":"product","2":"type-product","3":"status-publish","4":"has-post-thumbnail","6":"product_brand-codecanyon","7":"product_cat-comercio-electronico-plugins","8":"product_cat-marketing","9":"product_cat-plugins","10":"product_tag-codecanyon","11":"member-discount","12":"discount-restricted","14":"first","15":"instock","16":"sale","17":"downloadable","18":"virtual","19":"sold-individually","20":"purchasable","21":"product-type-simple"},"_links":{"self":[{"href":"https:\/\/gpl-love.com\/es\/wp-json\/wp\/v2\/product\/164949","targetHints":{"allow":["GET"]}}],"collection":[{"href":"https:\/\/gpl-love.com\/es\/wp-json\/wp\/v2\/product"}],"about":[{"href":"https:\/\/gpl-love.com\/es\/wp-json\/wp\/v2\/types\/product"}],"replies":[{"embeddable":true,"href":"https:\/\/gpl-love.com\/es\/wp-json\/wp\/v2\/comments?post=164949"}],"wp:featuredmedia":[{"embeddable":true,"href":"https:\/\/gpl-love.com\/es\/wp-json\/wp\/v2\/media\/169341"}],"wp:attachment":[{"href":"https:\/\/gpl-love.com\/es\/wp-json\/wp\/v2\/media?parent=164949"}],"wp:term":[{"taxonomy":"product_brand","embeddable":true,"href":"https:\/\/gpl-love.com\/es\/wp-json\/wp\/v2\/product_brand?post=164949"},{"taxonomy":"product_cat","embeddable":true,"href":"https:\/\/gpl-love.com\/es\/wp-json\/wp\/v2\/product_cat?post=164949"},{"taxonomy":"product_tag","embeddable":true,"href":"https:\/\/gpl-love.com\/es\/wp-json\/wp\/v2\/product_tag?post=164949"}],"curies":[{"name":"wp","href":"https:\/\/api.w.org\/{rel}","templated":true}]}}