{"id":164945,"date":"2026-04-07T00:00:00","date_gmt":"2026-04-07T05:00:00","guid":{"rendered":"https:\/\/gpl-love.com\/es\/producto\/woocommerce-flexible-pricing\/"},"modified":"2026-04-07T17:16:52","modified_gmt":"2026-04-07T22:16:52","slug":"woocommerce-flexible-pricing","status":"publish","type":"product","link":"https:\/\/gpl-love.com\/es\/producto\/woocommerce-flexible-pricing\/","title":{"rendered":"WooCommerce Flexible Pricing 1.5.42"},"content":{"rendered":"<h3>WooCommerce Flexible Pricing Caracteristicas<\/h3>\n<p>Libera todo el potencial de tu tienda online con el plugin WP Desk WooCommerce Flexible Pricing. Dise\u00f1ado para propietarios de tiendas con experiencia, esta potente herramienta ofrece precios flexibles para WooCommerce, lo que te permite implementar estrategias de precios din\u00e1micos que se adaptan a las necesidades de tu negocio. Tanto si buscas configurar descuentos por volumen en WooCommerce como precios escalonados, este plugin simplifica el proceso con sus intuitivas reglas de precios.<\/p>\n<p>Maximiza tus ventas creando estrategias de descuento personalizadas para WooCommerce que atraigan a m\u00e1s clientes. Las opciones avanzadas de precios del plugin facilitan el ajuste de precios seg\u00fan los roles del cliente, la cantidad del pedido o el historial de compras. Con la funci\u00f3n de calculadora de precios de WooCommerce, puedes ofrecer precios transparentes a tus clientes, mejorando as\u00ed su experiencia de compra.<\/p>\n<p>\u00bfTe interesa saber c\u00f3mo configurar precios flexibles en WooCommerce? El plugin WP Desk ofrece una interfaz intuitiva que te permite configurar f\u00e1cilmente los ajustes de precios de WooCommerce sin necesidad de conocimientos de programaci\u00f3n. Mejora tu estrategia de comercio electr\u00f3nico con esta herramienta esencial, perfecta para empresas que buscan mantenerse competitivas en un mercado din\u00e1mico.<\/p>\n<ul>\n<li>Ajustes din\u00e1micos de precios seg\u00fan la cantidad del carrito o las combinaciones de productos.<\/li>\n<li>Admite descuentos porcentuales, de importe fijo y personalizados.<\/li>\n<li>Posibilidad de establecer reglas de precios para roles de usuario o grupos de clientes espec\u00edficos.<\/li>\n<li>Programa reglas de precios con fechas de inicio y fin para promociones.<\/li>\n<li>Interfaz intuitiva para configurar f\u00e1cilmente las estrategias de precios.<\/li>\n<li>Compatible con cupones y descuentos de WooCommerce.<\/li>\n<li>Opci\u00f3n para aplicar reglas de precios globalmente o a productos o categor\u00edas espec\u00edficos.<\/li>\n<li>Informes y an\u00e1lisis detallados sobre el rendimiento de las reglas de precios.<\/li>\n<li>Integraci\u00f3n con la configuraci\u00f3n de impuestos de WooCommerce para una fijaci\u00f3n de precios precisa.<\/li>\n<li>Actualizaciones peri\u00f3dicas y compatibilidad con las \u00faltimas versiones de WooCommerce.<\/li>\n<\/ul>\n","protected":false},"excerpt":{"rendered":"<p>Presentamos el plugin WPDesk WooCommerce Flexible Pricing, tu soluci\u00f3n definitiva para estrategias de precios din\u00e1micos adaptadas a las necesidades de tu negocio. Implementa f\u00e1cilmente precios flexibles para WooCommerce con nuestra interfaz intuitiva. Tanto si necesitas un plugin de descuentos por volumen para WooCommerce como si quieres explorar opciones de precios avanzadas, nuestra herramienta te ayuda. Configura precios escalonados en WooCommerce y crea reglas de precios completas para maximizar tus ganancias. Descubre c\u00f3mo establecer precios flexibles en WooCommerce y aplicar estrategias de descuento efectivas. Optimiza tu tienda hoy mismo con nuestro plugin de ajuste y calculadora de precios para WooCommerce, dise\u00f1ado para optimizar tu estrategia de ventas sin esfuerzo.<\/p>\n","protected":false},"featured_media":169337,"comment_status":"open","ping_status":"open","template":"","meta":[],"product_brand":[2454],"product_cat":[1207,1248,1206],"product_tag":[1716],"class_list":{"0":"post-164945","1":"product","2":"type-product","3":"status-publish","4":"has-post-thumbnail","6":"product_brand-wp-desk","7":"product_cat-comercio-electronico-plugins","8":"product_cat-personalizacion-comercio-electronico-plugins","9":"product_cat-plugins","10":"product_tag-wp-desk","11":"member-discount","12":"discount-restricted","14":"first","15":"instock","16":"sale","17":"downloadable","18":"virtual","19":"sold-individually","20":"purchasable","21":"product-type-simple"},"_links":{"self":[{"href":"https:\/\/gpl-love.com\/es\/wp-json\/wp\/v2\/product\/164945","targetHints":{"allow":["GET"]}}],"collection":[{"href":"https:\/\/gpl-love.com\/es\/wp-json\/wp\/v2\/product"}],"about":[{"href":"https:\/\/gpl-love.com\/es\/wp-json\/wp\/v2\/types\/product"}],"replies":[{"embeddable":true,"href":"https:\/\/gpl-love.com\/es\/wp-json\/wp\/v2\/comments?post=164945"}],"wp:featuredmedia":[{"embeddable":true,"href":"https:\/\/gpl-love.com\/es\/wp-json\/wp\/v2\/media\/169337"}],"wp:attachment":[{"href":"https:\/\/gpl-love.com\/es\/wp-json\/wp\/v2\/media?parent=164945"}],"wp:term":[{"taxonomy":"product_brand","embeddable":true,"href":"https:\/\/gpl-love.com\/es\/wp-json\/wp\/v2\/product_brand?post=164945"},{"taxonomy":"product_cat","embeddable":true,"href":"https:\/\/gpl-love.com\/es\/wp-json\/wp\/v2\/product_cat?post=164945"},{"taxonomy":"product_tag","embeddable":true,"href":"https:\/\/gpl-love.com\/es\/wp-json\/wp\/v2\/product_tag?post=164945"}],"curies":[{"name":"wp","href":"https:\/\/api.w.org\/{rel}","templated":true}]}}