{"id":164944,"date":"2026-01-04T00:00:00","date_gmt":"2026-01-04T05:00:00","guid":{"rendered":"https:\/\/gpl-love.com\/es\/producto\/woocommerce-registration-and-login-with-mobile-phone-number\/"},"modified":"2026-03-09T08:49:04","modified_gmt":"2026-03-09T13:49:04","slug":"woocommerce-registration-and-login-with-mobile-phone-number","status":"publish","type":"product","link":"https:\/\/gpl-love.com\/es\/producto\/woocommerce-registration-and-login-with-mobile-phone-number\/","title":{"rendered":"WooCommerce Registration y Login with Mobile Phone Number 1.3.2"},"content":{"rendered":"<h3>WooCommerce Registration y Login with Mobile Phone Number Caracteristicas<\/h3>\n<p>Disfruta de una experiencia de compra fluida con nuestro registro e inicio de sesi\u00f3n en WooCommerce con tu n\u00famero de m\u00f3vil. Olv\u00eddate de las complicadas verificaciones por correo electr\u00f3nico y disfruta de la comodidad de registrarte en WooCommerce con tu n\u00famero de tel\u00e9fono. Nuestra plataforma permite iniciar sesi\u00f3n f\u00e1cilmente en WooCommerce con un n\u00famero de m\u00f3vil, agilizando el acceso a tu tienda online favorita.<\/p>\n<p>Reg\u00edstrate en WooCommerce con tu n\u00famero de tel\u00e9fono y disfruta de una forma m\u00e1s r\u00e1pida y segura de comprar. Con la autenticaci\u00f3n por n\u00famero de m\u00f3vil, crear tu cuenta en WooCommerce es muy sencillo y fiable. Simplemente reg\u00edstrate con tu n\u00famero de m\u00f3vil y empieza a comprar sin complicaciones.<\/p>\n<p>Nuestra verificaci\u00f3n por n\u00famero de m\u00f3vil en WooCommerce garantiza la protecci\u00f3n de tu cuenta, ofreci\u00e9ndote tranquilidad mientras navegas y compras. Tanto si inicias sesi\u00f3n en WooCommerce con tu m\u00f3vil como si creas una nueva cuenta, nuestro sistema est\u00e1 dise\u00f1ado para ofrecerte la mejor experiencia de usuario.<\/p>\n<p>\u00danete a los innumerables clientes satisfechos que ya se han pasado al m\u00f3vil. Experimenta el futuro de las compras online con WooCommerce: reg\u00edstrate hoy mismo con un n\u00famero de m\u00f3vil.<\/p>\n<ul>\n<li>Permite a los usuarios registrarse e iniciar sesi\u00f3n con su n\u00famero de tel\u00e9fono m\u00f3vil.<\/li>\n<li>Admite verificaci\u00f3n OTP (contrase\u00f1a de un solo uso) para mayor seguridad.<\/li>\n<li>Compatible con todos los temas y plugins de WooCommerce.<\/li>\n<li>F\u00e1cil integraci\u00f3n con la configuraci\u00f3n de la tienda WooCommerce existente.<\/li>\n<li>Proporciona una interfaz de usuario intuitiva para una experiencia de usuario fluida.<\/li>\n<li>Opci\u00f3n para activar o desactivar el registro por correo electr\u00f3nico.<\/li>\n<li>Plantillas de SMS personalizables para mensajes OTP.<\/li>\n<li>Compatible con m\u00faltiples proveedores de pasarelas de SMS.<\/li>\n<li>Gesti\u00f3n segura de datos y cumplimiento del RGPD.<\/li>\n<li>Proporciona informes detallados de registro e inicio de sesi\u00f3n de usuarios.<\/li>\n<\/ul>\n","protected":false},"excerpt":{"rendered":"<p>Presentamos nuestra innovadora soluci\u00f3n WooCommerce, que optimiza el acceso de los usuarios mediante el registro e inicio de sesi\u00f3n con n\u00famero de tel\u00e9fono m\u00f3vil. Reg\u00edstrese f\u00e1cilmente en WooCommerce con su n\u00famero de tel\u00e9fono para una experiencia fluida. Nuestro sistema admite el registro en WooCommerce con n\u00fameros de tel\u00e9fono m\u00f3vil, lo que garantiza la creaci\u00f3n segura de cuentas y la verificaci\u00f3n del n\u00famero de tel\u00e9fono. Disfrute de la comodidad de iniciar sesi\u00f3n en WooCommerce con n\u00fameros de tel\u00e9fono m\u00f3vil, simplificando el acceso con la autenticaci\u00f3n del n\u00famero de tel\u00e9fono m\u00f3vil. Mejore la experiencia de usuario de su tienda habilitando el registro en WooCommerce con n\u00fameros de tel\u00e9fono m\u00f3vil. Nuestra soluci\u00f3n prioriza la seguridad y la facilidad de uso, lo que la convierte en la opci\u00f3n ideal para el comercio digital moderno. \u00a1Transforme su tienda WooCommerce hoy mismo con el inicio de sesi\u00f3n con n\u00famero de tel\u00e9fono m\u00f3vil!<\/p>\n","protected":false},"featured_media":169336,"comment_status":"open","ping_status":"open","template":"","meta":[],"product_brand":[2344],"product_cat":[1207,1248,1206],"product_tag":[1423],"class_list":{"0":"post-164944","1":"product","2":"type-product","3":"status-publish","4":"has-post-thumbnail","6":"product_brand-woocommerce","7":"product_cat-comercio-electronico-plugins","8":"product_cat-personalizacion-comercio-electronico-plugins","9":"product_cat-plugins","10":"product_tag-woocommerce","11":"member-discount","12":"discount-restricted","14":"first","15":"instock","16":"sale","17":"downloadable","18":"virtual","19":"sold-individually","20":"purchasable","21":"product-type-simple"},"_links":{"self":[{"href":"https:\/\/gpl-love.com\/es\/wp-json\/wp\/v2\/product\/164944","targetHints":{"allow":["GET"]}}],"collection":[{"href":"https:\/\/gpl-love.com\/es\/wp-json\/wp\/v2\/product"}],"about":[{"href":"https:\/\/gpl-love.com\/es\/wp-json\/wp\/v2\/types\/product"}],"replies":[{"embeddable":true,"href":"https:\/\/gpl-love.com\/es\/wp-json\/wp\/v2\/comments?post=164944"}],"wp:featuredmedia":[{"embeddable":true,"href":"https:\/\/gpl-love.com\/es\/wp-json\/wp\/v2\/media\/169336"}],"wp:attachment":[{"href":"https:\/\/gpl-love.com\/es\/wp-json\/wp\/v2\/media?parent=164944"}],"wp:term":[{"taxonomy":"product_brand","embeddable":true,"href":"https:\/\/gpl-love.com\/es\/wp-json\/wp\/v2\/product_brand?post=164944"},{"taxonomy":"product_cat","embeddable":true,"href":"https:\/\/gpl-love.com\/es\/wp-json\/wp\/v2\/product_cat?post=164944"},{"taxonomy":"product_tag","embeddable":true,"href":"https:\/\/gpl-love.com\/es\/wp-json\/wp\/v2\/product_tag?post=164944"}],"curies":[{"name":"wp","href":"https:\/\/api.w.org\/{rel}","templated":true}]}}