{"id":164943,"date":"2025-11-14T00:00:00","date_gmt":"2025-11-14T05:00:00","guid":{"rendered":"https:\/\/gpl-love.com\/es\/producto\/jetsloth-gravity-forms-enhanced-choices\/"},"modified":"2026-03-09T08:49:03","modified_gmt":"2026-03-09T13:49:03","slug":"jetsloth-gravity-forms-enhanced-choices","status":"publish","type":"product","link":"https:\/\/gpl-love.com\/es\/producto\/jetsloth-gravity-forms-enhanced-choices\/","title":{"rendered":"Jetsloth Gravity Forms Enhanced Choices 0.2.16"},"content":{"rendered":"<h3>Jetsloth Gravity Forms Enhanced Choices Caracteristicas<\/h3>\n<p>Presentamos las Opciones Mejoradas de Gravity Forms de Jetsloth, la soluci\u00f3n definitiva para llevar la funcionalidad de sus formularios al siguiente nivel. Dise\u00f1ado espec\u00edficamente para usuarios de Gravity Forms, este innovador complemento optimiza la configuraci\u00f3n de sus formularios con facilidad y eficiencia. Con Opciones Mejoradas, puede gestionar f\u00e1cilmente largas listas de selecciones, lo que lo hace ideal para formularios con men\u00fas desplegables extensos, casillas de verificaci\u00f3n o botones de opci\u00f3n.<\/p>\n<p>Las Opciones Mejoradas de Gravity Forms de Jetsloth le permiten crear una experiencia de usuario fluida con funciones como la selecci\u00f3n de im\u00e1genes y una interfaz de usuario mejorada para una mayor usabilidad. Ya sea que est\u00e9 creando formularios de registro, encuestas o pedidos de productos, esta herramienta optimiza sus formularios al permitir a los usuarios navegar por las opciones de forma r\u00e1pida e intuitiva.<\/p>\n<p>El complemento Opciones Mejoradas se integra a la perfecci\u00f3n con su configuraci\u00f3n actual de Gravity Forms, garantizando un proceso de instalaci\u00f3n y configuraci\u00f3n sin complicaciones. Transforme sus formularios con opciones visualmente atractivas y altamente funcionales, y observe c\u00f3mo se disparan sus tasas de interacci\u00f3n y conversi\u00f3n.<\/p>\n<ul>\n<li>Integraci\u00f3n perfecta con Gravity Forms<\/li>\n<li>Interfaz de usuario mejorada para una gesti\u00f3n optimizada de formularios<\/li>\n<li>Funcionalidad de arrastrar y soltar para reordenar f\u00e1cilmente las opciones<\/li>\n<li>Compatibilidad con la edici\u00f3n masiva de opciones de formulario<\/li>\n<li>Dise\u00f1os de opciones personalizables para una mejor presentaci\u00f3n<\/li>\n<li>Compatibilidad con funciones de l\u00f3gica condicional<\/li>\n<li>Optimizado para un rendimiento m\u00ednimo en los tiempos de carga de los formularios<\/li>\n<li>Dise\u00f1o adaptable para uso en dispositivos m\u00f3viles y de escritorio<\/li>\n<li>F\u00e1cil instalaci\u00f3n y configuraci\u00f3n<\/li>\n<li>Actualizaciones peri\u00f3dicas y compatibilidad con las \u00faltimas versiones de Gravity Forms<\/li>\n<\/ul>\n","protected":false},"excerpt":{"rendered":"<p>Presentamos Jetsloth Gravity Forms Enhanced Choices: la soluci\u00f3n definitiva para optimizar su experiencia de creaci\u00f3n de formularios. Dise\u00f1ado para ser f\u00e1cil y eficiente, este potente complemento se integra a la perfecci\u00f3n con Gravity Forms, ofreciendo opciones mejoradas para una personalizaci\u00f3n superior. Con Jetsloth, agilice su flujo de trabajo, mejore la interacci\u00f3n del usuario y aumente las tasas de conversi\u00f3n. Ya sea que cree encuestas, registros o formularios de pedido, nuestra herramienta ofrece opciones din\u00e1micas que cautivan y atraen a los usuarios. Experimente el futuro del dise\u00f1o de formularios con Jetsloth Gravity Forms Enhanced Choices y transforme su forma de recopilar datos hoy mismo.<\/p>\n","protected":false},"featured_media":169335,"comment_status":"open","ping_status":"open","template":"","meta":[],"product_brand":[2481],"product_cat":[1216,1206,1211],"product_tag":[1317],"class_list":{"0":"post-164943","1":"product","2":"type-product","3":"status-publish","4":"has-post-thumbnail","6":"product_brand-jetsloth","7":"product_cat-formas","8":"product_cat-plugins","9":"product_cat-wordpress-plugins","10":"product_tag-jetsloth","11":"member-discount","12":"discount-restricted","14":"first","15":"instock","16":"sale","17":"downloadable","18":"virtual","19":"sold-individually","20":"purchasable","21":"product-type-simple"},"_links":{"self":[{"href":"https:\/\/gpl-love.com\/es\/wp-json\/wp\/v2\/product\/164943","targetHints":{"allow":["GET"]}}],"collection":[{"href":"https:\/\/gpl-love.com\/es\/wp-json\/wp\/v2\/product"}],"about":[{"href":"https:\/\/gpl-love.com\/es\/wp-json\/wp\/v2\/types\/product"}],"replies":[{"embeddable":true,"href":"https:\/\/gpl-love.com\/es\/wp-json\/wp\/v2\/comments?post=164943"}],"wp:featuredmedia":[{"embeddable":true,"href":"https:\/\/gpl-love.com\/es\/wp-json\/wp\/v2\/media\/169335"}],"wp:attachment":[{"href":"https:\/\/gpl-love.com\/es\/wp-json\/wp\/v2\/media?parent=164943"}],"wp:term":[{"taxonomy":"product_brand","embeddable":true,"href":"https:\/\/gpl-love.com\/es\/wp-json\/wp\/v2\/product_brand?post=164943"},{"taxonomy":"product_cat","embeddable":true,"href":"https:\/\/gpl-love.com\/es\/wp-json\/wp\/v2\/product_cat?post=164943"},{"taxonomy":"product_tag","embeddable":true,"href":"https:\/\/gpl-love.com\/es\/wp-json\/wp\/v2\/product_tag?post=164943"}],"curies":[{"name":"wp","href":"https:\/\/api.w.org\/{rel}","templated":true}]}}