{"id":164942,"date":"2025-12-12T00:00:00","date_gmt":"2025-12-12T05:00:00","guid":{"rendered":"https:\/\/gpl-love.com\/es\/producto\/newsletter-ultimate-member\/"},"modified":"2026-03-09T08:49:02","modified_gmt":"2026-03-09T13:49:02","slug":"newsletter-ultimate-member","status":"publish","type":"product","link":"https:\/\/gpl-love.com\/es\/producto\/newsletter-ultimate-member\/","title":{"rendered":"Newsletter Ultimate Member 1.2.4"},"content":{"rendered":"<h3>Newsletter Ultimate Member Caracteristicas<\/h3>\n<p>Presentamos el plugin Newsletter Ultimate Member, \u00a1la soluci\u00f3n definitiva para tu sitio WordPress! Dise\u00f1ado para integrarse a la perfecci\u00f3n con tu plataforma actual, este plugin te permite gestionar y aumentar tu lista de correo electr\u00f3nico sin esfuerzo.<\/p>\n<p>Con Newsletter Ultimate Member, puedes crear boletines informativos impactantes y totalmente personalizables que cautivar\u00e1n a tu audiencia y har\u00e1n que vuelvan por m\u00e1s. Ya sea que te dirijas a nuevos suscriptores o a los ya existentes, esta herramienta ofrece una interfaz intuitiva que facilita el email marketing.<\/p>\n<p>Las funciones clave incluyen segmentaci\u00f3n avanzada, lo que garantiza que tus mensajes lleguen al p\u00fablico adecuado en el momento oportuno. Adem\u00e1s, con las anal\u00edticas integradas, puedes monitorizar el \u00e9xito de tus campa\u00f1as y optimizarlas para obtener mejores resultados.<\/p>\n<ul>\n<li>Integraci\u00f3n perfecta con las plataformas de email marketing m\u00e1s populares<\/li>\n<li>Plantillas de newsletter personalizables<\/li>\n<li>Opciones avanzadas de segmentaci\u00f3n de miembros<\/li>\n<li>Programaci\u00f3n automatizada de emails<\/li>\n<li>An\u00e1lisis e informes en tiempo real<\/li>\n<li>Editor intuitivo de arrastrar y soltar<\/li>\n<li>Herramientas de personalizaci\u00f3n para contenido espec\u00edfico<\/li>\n<li>Dise\u00f1o adaptable a dispositivos m\u00f3viles<\/li>\n<li>Gesti\u00f3n de datos conforme al RGPD<\/li>\n<li>Compatibilidad con varios idiomas<\/li>\n<\/ul>\n","protected":false},"excerpt":{"rendered":"<p>Presentamos el plugin Newsletter Ultimate Member, tu soluci\u00f3n integral para un email marketing fluido. Dise\u00f1ado para integrarse f\u00e1cilmente con tu sitio WordPress, esta potente herramienta mejora la interacci\u00f3n del usuario y aumenta la retenci\u00f3n. Con plantillas personalizables, campa\u00f1as automatizadas y an\u00e1lisis avanzados, optimizar\u00e1s cada interacci\u00f3n. Perfecto para empresas que buscan ampliar su alcance y cultivar relaciones duraderas, Newsletter Ultimate Member garantiza que tu mensaje destaque. Transforma tu estrategia de email marketing hoy mismo y disfruta de los beneficios de una comunicaci\u00f3n dirigida y una mayor fidelizaci\u00f3n de clientes. Descubre lo \u00faltimo en eficiencia en email marketing y eleva la presencia de tu marca f\u00e1cilmente.<\/p>\n","protected":false},"featured_media":169334,"comment_status":"open","ping_status":"open","template":"","meta":[],"product_brand":[2506],"product_cat":[1232,1206,1211],"product_tag":[2211],"class_list":{"0":"post-164942","1":"product","2":"type-product","3":"status-publish","4":"has-post-thumbnail","6":"product_brand-newsletter","7":"product_cat-marketing-wordpress-plugins","8":"product_cat-plugins","9":"product_cat-wordpress-plugins","10":"product_tag-newsletter","11":"member-discount","12":"discount-restricted","14":"first","15":"instock","16":"sale","17":"downloadable","18":"virtual","19":"sold-individually","20":"purchasable","21":"product-type-simple"},"_links":{"self":[{"href":"https:\/\/gpl-love.com\/es\/wp-json\/wp\/v2\/product\/164942","targetHints":{"allow":["GET"]}}],"collection":[{"href":"https:\/\/gpl-love.com\/es\/wp-json\/wp\/v2\/product"}],"about":[{"href":"https:\/\/gpl-love.com\/es\/wp-json\/wp\/v2\/types\/product"}],"replies":[{"embeddable":true,"href":"https:\/\/gpl-love.com\/es\/wp-json\/wp\/v2\/comments?post=164942"}],"wp:featuredmedia":[{"embeddable":true,"href":"https:\/\/gpl-love.com\/es\/wp-json\/wp\/v2\/media\/169334"}],"wp:attachment":[{"href":"https:\/\/gpl-love.com\/es\/wp-json\/wp\/v2\/media?parent=164942"}],"wp:term":[{"taxonomy":"product_brand","embeddable":true,"href":"https:\/\/gpl-love.com\/es\/wp-json\/wp\/v2\/product_brand?post=164942"},{"taxonomy":"product_cat","embeddable":true,"href":"https:\/\/gpl-love.com\/es\/wp-json\/wp\/v2\/product_cat?post=164942"},{"taxonomy":"product_tag","embeddable":true,"href":"https:\/\/gpl-love.com\/es\/wp-json\/wp\/v2\/product_tag?post=164942"}],"curies":[{"name":"wp","href":"https:\/\/api.w.org\/{rel}","templated":true}]}}