{"id":164898,"date":"2025-08-25T00:00:00","date_gmt":"2025-08-25T05:00:00","guid":{"rendered":"https:\/\/gpl-love.com\/es\/producto\/everest-forms-advanced-form-analytics-2\/"},"modified":"2026-03-13T17:37:18","modified_gmt":"2026-03-13T22:37:18","slug":"everest-forms-advanced-form-analytics-2","status":"publish","type":"product","link":"https:\/\/gpl-love.com\/es\/producto\/everest-forms-advanced-form-analytics-2\/","title":{"rendered":"Podover Podcast WordPress Theme 1.2.4"},"content":{"rendered":"<h3>Podover Podcast WordPress Theme Caracteristicas<\/h3>\n<p>Presentamos el tema Podover Podcast para WordPress: la soluci\u00f3n definitiva para podcasters que buscan mejorar su presencia online. Dise\u00f1ado pensando en ellos, este tema combina estilo, funcionalidad y flexibilidad para crear una experiencia de usuario fluida. Con Podover, puedes mostrar tus episodios f\u00e1cilmente, conectar con tu audiencia y ampliar tu base de oyentes.<\/p>\n<p>Este tema para podcasts de WordPress presenta un dise\u00f1o elegante y moderno que se adapta a la perfecci\u00f3n a todos los dispositivos, garantizando que tu contenido se vea espectacular desde una computadora, tableta o smartphone. El tema Podover est\u00e1 optimizado para SEO, lo que ayuda a que tu podcast tenga un mejor posicionamiento en los resultados de b\u00fasqueda y a atraer a m\u00e1s oyentes.<\/p>\n<p>Personaliza f\u00e1cilmente tu sitio web con herramientas intuitivas de arrastrar y soltar, y disfruta de la flexibilidad de integraci\u00f3n con los plugins de podcast m\u00e1s populares. Basado en una s\u00f3lida plataforma, Podover garantiza tiempos de carga r\u00e1pidos y un rendimiento fluido, lo que lo convierte en la mejor opci\u00f3n para podcasters que buscan eficiencia y estilo.<\/p>\n<ul>\n<li>Dise\u00f1o totalmente adaptable para una visualizaci\u00f3n \u00f3ptima en todos los dispositivos<\/li>\n<li>Creador de p\u00e1ginas f\u00e1cil de usar con funci\u00f3n de arrastrar y soltar<\/li>\n<li>Reproductor de podcast integrado para una reproducci\u00f3n de audio fluida<\/li>\n<li>Compatible con los principales plugins de podcasting<\/li>\n<li>M\u00faltiples dise\u00f1os de p\u00e1gina de inicio predise\u00f1ados<\/li>\n<li>Esquemas de color y tipograf\u00eda personalizables<\/li>\n<li>Estructura optimizada para SEO para mejorar el posicionamiento en buscadores<\/li>\n<li>Compatibilidad integrada con v\u00eddeo y contenido multimedia<\/li>\n<li>Integraci\u00f3n con redes sociales para compartir f\u00e1cilmente<\/li>\n<li>Actualizaciones peri\u00f3dicas y atenci\u00f3n al cliente personalizada<\/li>\n<\/ul>\n","protected":false},"excerpt":{"rendered":"<p>Presentamos el tema Podover Podcast para WordPress, una innovaci\u00f3n para podcasters que buscan mejorar su presencia online. Este tema responsivo y optimizado para SEO est\u00e1 dise\u00f1ado espec\u00edficamente para creadores de podcasts que desean mostrar sus episodios con estilo y facilidad. Con dise\u00f1os personalizables, integraci\u00f3n perfecta con plugins de podcast populares y una navegaci\u00f3n intuitiva, Podover garantiza que tu contenido destaque. Impulsa la visibilidad de tu podcast e interact\u00faa con tu audiencia con funciones integradas para compartir en redes sociales y un rendimiento optimizado. Perfecto tanto para entusiastas del podcast como para profesionales, el tema Podover Podcast para WordPress es la herramienta definitiva para crear un sitio web de podcast atractivo y funcional.<\/p>\n","protected":false},"featured_media":169333,"comment_status":"open","ping_status":"open","template":"","meta":[],"product_brand":[2689],"product_cat":[1245,1237,1238],"product_tag":[2690],"class_list":{"0":"post-164898","1":"product","2":"type-product","3":"status-publish","4":"has-post-thumbnail","6":"product_brand-ovatheme","7":"product_cat-blog-revista","8":"product_cat-temas","9":"product_cat-wordpress-temas","10":"product_tag-ovatheme","11":"member-discount","12":"discount-restricted","14":"first","15":"instock","16":"sale","17":"downloadable","18":"virtual","19":"sold-individually","20":"purchasable","21":"product-type-simple"},"_links":{"self":[{"href":"https:\/\/gpl-love.com\/es\/wp-json\/wp\/v2\/product\/164898","targetHints":{"allow":["GET"]}}],"collection":[{"href":"https:\/\/gpl-love.com\/es\/wp-json\/wp\/v2\/product"}],"about":[{"href":"https:\/\/gpl-love.com\/es\/wp-json\/wp\/v2\/types\/product"}],"replies":[{"embeddable":true,"href":"https:\/\/gpl-love.com\/es\/wp-json\/wp\/v2\/comments?post=164898"}],"wp:featuredmedia":[{"embeddable":true,"href":"https:\/\/gpl-love.com\/es\/wp-json\/wp\/v2\/media\/169333"}],"wp:attachment":[{"href":"https:\/\/gpl-love.com\/es\/wp-json\/wp\/v2\/media?parent=164898"}],"wp:term":[{"taxonomy":"product_brand","embeddable":true,"href":"https:\/\/gpl-love.com\/es\/wp-json\/wp\/v2\/product_brand?post=164898"},{"taxonomy":"product_cat","embeddable":true,"href":"https:\/\/gpl-love.com\/es\/wp-json\/wp\/v2\/product_cat?post=164898"},{"taxonomy":"product_tag","embeddable":true,"href":"https:\/\/gpl-love.com\/es\/wp-json\/wp\/v2\/product_tag?post=164898"}],"curies":[{"name":"wp","href":"https:\/\/api.w.org\/{rel}","templated":true}]}}