{"id":163220,"date":"2025-07-13T00:00:00","date_gmt":"2025-07-13T05:00:00","guid":{"rendered":"https:\/\/gpl-love.com\/es\/producto\/learndash-lms-woocommerce\/"},"modified":"2026-03-09T08:48:14","modified_gmt":"2026-03-09T13:48:14","slug":"learndash-lms-woocommerce","status":"publish","type":"product","link":"https:\/\/gpl-love.com\/es\/producto\/learndash-lms-woocommerce\/","title":{"rendered":"LearnDash LMS WooCommerce 2.0.2"},"content":{"rendered":"<h3>LearnDash LMS WooCommerce Caracteristicas<\/h3>\n<p>La soluci\u00f3n definitiva para e-learning: la integraci\u00f3n de LearnDash LMS con WooCommerce. Transforma tu tienda online en una plataforma de aprendizaje din\u00e1mica con esta potente combinaci\u00f3n. Con LearnDash, puedes crear cursos atractivos, gestionar cuestionarios y seguir el progreso de tus alumnos sin problemas. Al combinarlo con WooCommerce, podr\u00e1s vender cursos f\u00e1cilmente, ofreciendo una experiencia de compra fluida a tus clientes.<\/p>\n<p>Esta integraci\u00f3n permite a educadores y emprendedores crear, vender y escalar sus cursos online f\u00e1cilmente. El intuitivo creador de cursos de LearnDash te permite dise\u00f1ar contenido atractivo, mientras que WooCommerce gestiona las transacciones de forma segura y eficiente. Personaliza tu tienda, ofrece descuentos y gestiona suscripciones, todo desde un \u00fanico sistema.<\/p>\n<p>Impulsa las ventas de tus cursos aprovechando las amplias herramientas de marketing de WooCommerce y las robustas funciones del LMS de LearnDash. Tanto si est\u00e1s lanzando una nueva empresa de e-learning como si est\u00e1s mejorando una plataforma existente, esta integraci\u00f3n te ofrece la flexibilidad y la potencia que necesitas. Mejora tu experiencia de aprendizaje online hoy mismo con LearnDash LMS WooCommerce y libera el potencial de tu negocio educativo.<\/p>\n<ul>\n<li>Integraci\u00f3n perfecta entre LearnDash y WooCommerce<\/li>\n<li>Posibilidad de vender cursos mediante la robusta plataforma de comercio electr\u00f3nico de WooCommerce<\/li>\n<li>Compatibilidad con m\u00faltiples pasarelas de pago a trav\u00e9s de WooCommerce<\/li>\n<li>Inscripci\u00f3n autom\u00e1tica al curso al finalizar la compra<\/li>\n<li>Opciones de precios flexibles, incluyendo suscripciones y paquetes<\/li>\n<li>Acceso a la extensa biblioteca de extensiones y plugins de WooCommerce<\/li>\n<li>P\u00e1ginas de cursos personalizables con las herramientas de dise\u00f1o de WooCommerce<\/li>\n<li>Informes detallados de ventas e ingresos en WooCommerce<\/li>\n<li>Compatibilidad con cupones y descuentos para promocionar cursos<\/li>\n<li>Gesti\u00f3n de usuarios mejorada con los perfiles de cliente de WooCommerce<\/li>\n<\/ul>\n","protected":false},"excerpt":{"rendered":"<p>Presentamos la soluci\u00f3n definitiva de e-learning: LearnDash LMS con integraci\u00f3n con WooCommerce. Transforme sus cursos online con este potente sistema de gesti\u00f3n del aprendizaje, dise\u00f1ado para mejorar la experiencia del usuario y aumentar la participaci\u00f3n. Int\u00e9grelo f\u00e1cilmente con WooCommerce para gestionar pagos, suscripciones y membres\u00edas sin esfuerzo. Con LearnDash, puede crear cursos din\u00e1micos, cuestionarios y certificados, a la vez que realiza un seguimiento del progreso del alumno. Esta robusta plataforma ofrece flexibilidad y escalabilidad tanto para educadores como para empresas, garantizando que sus ofertas de educaci\u00f3n online sean innovadoras y rentables. Descubra las ventajas de combinar LearnDash LMS con WooCommerce y mejore su plataforma de e-learning hoy mismo.<\/p>\n","protected":false},"featured_media":169293,"comment_status":"open","ping_status":"open","template":"","meta":[],"product_brand":[2483],"product_cat":[1207,1248,1206],"product_tag":[1320],"class_list":{"0":"post-163220","1":"product","2":"type-product","3":"status-publish","4":"has-post-thumbnail","6":"product_brand-learndash","7":"product_cat-comercio-electronico-plugins","8":"product_cat-personalizacion-comercio-electronico-plugins","9":"product_cat-plugins","10":"product_tag-learndash","11":"member-discount","12":"discount-restricted","14":"first","15":"instock","16":"sale","17":"downloadable","18":"virtual","19":"sold-individually","20":"purchasable","21":"product-type-simple"},"_links":{"self":[{"href":"https:\/\/gpl-love.com\/es\/wp-json\/wp\/v2\/product\/163220","targetHints":{"allow":["GET"]}}],"collection":[{"href":"https:\/\/gpl-love.com\/es\/wp-json\/wp\/v2\/product"}],"about":[{"href":"https:\/\/gpl-love.com\/es\/wp-json\/wp\/v2\/types\/product"}],"replies":[{"embeddable":true,"href":"https:\/\/gpl-love.com\/es\/wp-json\/wp\/v2\/comments?post=163220"}],"wp:featuredmedia":[{"embeddable":true,"href":"https:\/\/gpl-love.com\/es\/wp-json\/wp\/v2\/media\/169293"}],"wp:attachment":[{"href":"https:\/\/gpl-love.com\/es\/wp-json\/wp\/v2\/media?parent=163220"}],"wp:term":[{"taxonomy":"product_brand","embeddable":true,"href":"https:\/\/gpl-love.com\/es\/wp-json\/wp\/v2\/product_brand?post=163220"},{"taxonomy":"product_cat","embeddable":true,"href":"https:\/\/gpl-love.com\/es\/wp-json\/wp\/v2\/product_cat?post=163220"},{"taxonomy":"product_tag","embeddable":true,"href":"https:\/\/gpl-love.com\/es\/wp-json\/wp\/v2\/product_tag?post=163220"}],"curies":[{"name":"wp","href":"https:\/\/api.w.org\/{rel}","templated":true}]}}