{"id":161381,"date":"2026-02-06T00:00:00","date_gmt":"2026-02-06T05:00:00","guid":{"rendered":"https:\/\/gpl-love.com\/es\/producto\/everest-forms-advanced-form-analytics\/"},"modified":"2026-03-09T08:49:00","modified_gmt":"2026-03-09T13:49:00","slug":"everest-forms-advanced-form-analytics","status":"publish","type":"product","link":"https:\/\/gpl-love.com\/es\/producto\/everest-forms-advanced-form-analytics\/","title":{"rendered":"Everest Forms Advanced Form Analytics 1.0.2"},"content":{"rendered":"<h3>Everest Forms Advanced Form Analytics Caracteristicas<\/h3>\n<p>\u00a1Desbloquea el poder de tus datos con Everest Forms Advanced Form Analytics! Dise\u00f1ada espec\u00edficamente para Everest Forms, esta herramienta de vanguardia proporciona informaci\u00f3n inigualable sobre el rendimiento de tus formularios. Con Everest Forms Advanced Form Analytics, puedes rastrear f\u00e1cilmente las interacciones de los usuarios y obtener an\u00e1lisis detallados para optimizar tus conversiones.<\/p>\n<p>Everest Forms Analytics ofrece an\u00e1lisis personalizados adaptados a tus necesidades. Ya sea que busques un seguimiento avanzado de formularios para Everest Forms o informaci\u00f3n detallada sobre los usuarios, esta herramienta te cubre las espaldas. Supervisa f\u00e1cilmente el rendimiento de tus formularios y toma decisiones basadas en datos con Everest Forms Performance Tracking.<\/p>\n<p>Profundiza en tus datos con Everest Forms Data Tracking y comprende el comportamiento de los usuarios como nunca antes. Obt\u00e9n informaci\u00f3n completa sobre los usuarios de Everest Forms para refinar tus estrategias y mejorar la experiencia del usuario. Con Everest Forms Advanced Form Analytics, tienes todas las herramientas que necesitas para alcanzar el \u00e9xito.<\/p>\n<p>Experimenta el futuro del an\u00e1lisis de formularios con Everest Forms. Optimiza, analiza y crece con confianza. \u00a1Pruebe Everest Forms Advanced Form Analytics hoy y transforme la forma en que interact\u00faa con su audiencia!<\/p>\n<ul>\n<li>Seguimiento del env\u00edo de formularios en tiempo real<\/li>\n<li>Informes detallados de interacci\u00f3n del usuario<\/li>\n<li>An\u00e1lisis de la tasa de conversi\u00f3n<\/li>\n<li>Interfaz intuitiva<\/li>\n<li>Paneles de informes personalizables<\/li>\n<li>Integraci\u00f3n con CRM populares<\/li>\n<li>Opciones avanzadas de filtrado y segmentaci\u00f3n<\/li>\n<li>Representaci\u00f3n visual de datos (gr\u00e1ficos y tablas)<\/li>\n<li>Informes anal\u00edticos exportables<\/li>\n<li>Gesti\u00f3n de datos conforme al RGPD<\/li>\n<\/ul>\n","protected":false},"excerpt":{"rendered":"<p>Mejore el seguimiento de sus formularios con el An\u00e1lisis Avanzado de Formularios de Everest Forms. Obtenga informaci\u00f3n detallada sobre las interacciones de los usuarios con el an\u00e1lisis avanzado de formularios de Everest Forms. Nuestros an\u00e1lisis personalizados proporcionan an\u00e1lisis detallados de formularios para Everest Forms, ofreciendo un seguimiento de datos e informaci\u00f3n de rendimiento inigualables. Con el an\u00e1lisis de Everest Forms, puede supervisar el comportamiento del usuario y optimizar sus formularios como nunca antes. Experimente el seguimiento avanzado de formularios con el preciso seguimiento de datos e informaci\u00f3n de usuario de Everest Forms, garantizando el m\u00e1ximo rendimiento de sus formularios. \u00a1Desbloquee todo el potencial de sus formularios con el seguimiento del rendimiento y la informaci\u00f3n de usuario de Everest Forms hoy mismo!<\/p>\n","protected":false},"featured_media":169332,"comment_status":"open","ping_status":"open","template":"","meta":[],"product_brand":[2585],"product_cat":[1214,1206,1211],"product_tag":[2159],"class_list":{"0":"post-161381","1":"product","2":"type-product","3":"status-publish","4":"has-post-thumbnail","6":"product_brand-wpeverest","7":"product_cat-personalizacion","8":"product_cat-plugins","9":"product_cat-wordpress-plugins","10":"product_tag-wpeverest","11":"member-discount","12":"discount-restricted","14":"first","15":"instock","16":"sale","17":"downloadable","18":"virtual","19":"sold-individually","20":"purchasable","21":"product-type-simple"},"_links":{"self":[{"href":"https:\/\/gpl-love.com\/es\/wp-json\/wp\/v2\/product\/161381","targetHints":{"allow":["GET"]}}],"collection":[{"href":"https:\/\/gpl-love.com\/es\/wp-json\/wp\/v2\/product"}],"about":[{"href":"https:\/\/gpl-love.com\/es\/wp-json\/wp\/v2\/types\/product"}],"replies":[{"embeddable":true,"href":"https:\/\/gpl-love.com\/es\/wp-json\/wp\/v2\/comments?post=161381"}],"wp:featuredmedia":[{"embeddable":true,"href":"https:\/\/gpl-love.com\/es\/wp-json\/wp\/v2\/media\/169332"}],"wp:attachment":[{"href":"https:\/\/gpl-love.com\/es\/wp-json\/wp\/v2\/media?parent=161381"}],"wp:term":[{"taxonomy":"product_brand","embeddable":true,"href":"https:\/\/gpl-love.com\/es\/wp-json\/wp\/v2\/product_brand?post=161381"},{"taxonomy":"product_cat","embeddable":true,"href":"https:\/\/gpl-love.com\/es\/wp-json\/wp\/v2\/product_cat?post=161381"},{"taxonomy":"product_tag","embeddable":true,"href":"https:\/\/gpl-love.com\/es\/wp-json\/wp\/v2\/product_tag?post=161381"}],"curies":[{"name":"wp","href":"https:\/\/api.w.org\/{rel}","templated":true}]}}