{"id":161379,"date":"2025-09-24T00:00:00","date_gmt":"2025-09-24T05:00:00","guid":{"rendered":"https:\/\/gpl-love.com\/es\/producto\/everest-forms-survey-polls-and-quiz\/"},"modified":"2026-04-02T11:16:39","modified_gmt":"2026-04-02T16:16:39","slug":"everest-forms-survey-polls-and-quiz","status":"publish","type":"product","link":"https:\/\/gpl-love.com\/es\/producto\/everest-forms-survey-polls-and-quiz\/","title":{"rendered":"Everest Forms Survey Polls y Quiz 1.2.13"},"content":{"rendered":"<h3>Everest Forms Survey Polls y Quiz Caracteristicas<\/h3>\n<p>\u00a1Claro! Aqu\u00ed tienes una atractiva descripci\u00f3n de producto optimizada para SEO con las palabras clave: Everest Forms, Encuestas, Sondeos y Cuestionarios:<\/p>\n<p>&#8212;<\/p>\n<p>\u00a1Desbloquea todo el potencial de tu sitio web de WordPress con Everest Forms! Nuestro potente plugin ofrece una integraci\u00f3n perfecta para crear encuestas, sondeos y cuestionarios atractivos que capturan informaci\u00f3n valiosa de tu audiencia. Ya sea que est\u00e9s realizando estudios de mercado, recopilando opiniones de clientes o simplemente divirti\u00e9ndote con contenido interactivo, Everest Forms es tu soluci\u00f3n ideal.<\/p>\n<p>Dise\u00f1a f\u00e1cilmente encuestas personalizadas con nuestro intuitivo creador de arrastrar y soltar. Crea encuestas que involucren a los usuarios e impulsen la participaci\u00f3n. Desarrolla cuestionarios que eval\u00faen sus conocimientos o entretengan a tus visitantes. Everest Forms te ofrece la flexibilidad y las herramientas para crear formularios interactivos sin necesidad de conocimientos de programaci\u00f3n.<\/p>\n<p>Con funciones avanzadas como l\u00f3gica condicional, formularios de varios pasos y plantillas personalizables, Everest Forms garantiza que tus encuestas, sondeos y cuestionarios no solo sean funcionales, sino tambi\u00e9n visualmente atractivos. Analiza las respuestas en tiempo real y exporta los datos para un an\u00e1lisis exhaustivo.<\/p>\n<p>\u00danase a miles<\/p>\n<ul>\n<li>Creador de formularios f\u00e1cil de usar con funci\u00f3n de arrastrar y soltar<\/li>\n<li>M\u00faltiples plantillas de formulario disponibles<\/li>\n<li>Opciones personalizables de encuestas, sondeos y cuestionarios<\/li>\n<li>Seguimiento y an\u00e1lisis de respuestas en tiempo real<\/li>\n<li>L\u00f3gica condicional para una experiencia de usuario personalizada<\/li>\n<li>Dise\u00f1o adaptable a dispositivos m\u00f3viles<\/li>\n<li>Integraci\u00f3n con herramientas populares de email marketing<\/li>\n<li>Exportaci\u00f3n de datos a CSV para facilitar el an\u00e1lisis<\/li>\n<li>Compatibilidad con formularios de varios pasos<\/li>\n<li>Recopilaci\u00f3n segura de datos con CAPTCHA y protecci\u00f3n antispam<\/li>\n<\/ul>\n","protected":false},"excerpt":{"rendered":"<p>Presentamos Everest Forms, la soluci\u00f3n definitiva para crear encuestas, sondeos y cuestionarios atractivos. Con su interfaz intuitiva y sus potentes funciones, Everest Forms facilita la recopilaci\u00f3n de datos e informaci\u00f3n valiosa. Ya sea que realice estudios de mercado, recopile opiniones de clientes o cree cuestionarios divertidos, nuestra herramienta garantiza una experiencia fluida. Elija entre una variedad de plantillas personalizables y opciones avanzadas para adaptar cada formulario a sus necesidades. Optimice su proceso de recopilaci\u00f3n de datos con Everest Forms, su herramienta predilecta para encuestas, sondeos y cuestionarios.<\/p>\n","protected":false},"featured_media":169331,"comment_status":"open","ping_status":"open","template":"","meta":[],"product_brand":[2585],"product_cat":[1214,1206,1211],"product_tag":[2159],"class_list":{"0":"post-161379","1":"product","2":"type-product","3":"status-publish","4":"has-post-thumbnail","6":"product_brand-wpeverest","7":"product_cat-personalizacion","8":"product_cat-plugins","9":"product_cat-wordpress-plugins","10":"product_tag-wpeverest","11":"member-discount","12":"discount-restricted","14":"first","15":"instock","16":"sale","17":"downloadable","18":"virtual","19":"sold-individually","20":"purchasable","21":"product-type-simple"},"_links":{"self":[{"href":"https:\/\/gpl-love.com\/es\/wp-json\/wp\/v2\/product\/161379","targetHints":{"allow":["GET"]}}],"collection":[{"href":"https:\/\/gpl-love.com\/es\/wp-json\/wp\/v2\/product"}],"about":[{"href":"https:\/\/gpl-love.com\/es\/wp-json\/wp\/v2\/types\/product"}],"replies":[{"embeddable":true,"href":"https:\/\/gpl-love.com\/es\/wp-json\/wp\/v2\/comments?post=161379"}],"wp:featuredmedia":[{"embeddable":true,"href":"https:\/\/gpl-love.com\/es\/wp-json\/wp\/v2\/media\/169331"}],"wp:attachment":[{"href":"https:\/\/gpl-love.com\/es\/wp-json\/wp\/v2\/media?parent=161379"}],"wp:term":[{"taxonomy":"product_brand","embeddable":true,"href":"https:\/\/gpl-love.com\/es\/wp-json\/wp\/v2\/product_brand?post=161379"},{"taxonomy":"product_cat","embeddable":true,"href":"https:\/\/gpl-love.com\/es\/wp-json\/wp\/v2\/product_cat?post=161379"},{"taxonomy":"product_tag","embeddable":true,"href":"https:\/\/gpl-love.com\/es\/wp-json\/wp\/v2\/product_tag?post=161379"}],"curies":[{"name":"wp","href":"https:\/\/api.w.org\/{rel}","templated":true}]}}