{"id":161377,"date":"2025-04-18T00:00:00","date_gmt":"2025-04-18T05:00:00","guid":{"rendered":"https:\/\/gpl-love.com\/es\/producto\/everest-forms-conversational-forms\/"},"modified":"2026-04-02T05:16:49","modified_gmt":"2026-04-02T10:16:49","slug":"everest-forms-conversational-forms","status":"publish","type":"product","link":"https:\/\/gpl-love.com\/es\/producto\/everest-forms-conversational-forms\/","title":{"rendered":"Everest Forms Conversational Forms 1.0.7"},"content":{"rendered":"<h3>Everest Forms Conversational Forms Caracteristicas<\/h3>\n<p>\u00bfListo para revolucionar tu experiencia de creaci\u00f3n de formularios? \u00a1Descubre el poder de los Formularios Conversacionales de Everest Forms! Con el plugin, puedes transformar formularios tradicionales en conversaciones interactivas y atractivas. Esta innovadora funci\u00f3n hace que rellenar formularios sea m\u00e1s intuitivo y f\u00e1cil de usar.<\/p>\n<p>\u00bfTe preguntas c\u00f3mo usar los Formularios Conversacionales de Everest Forms? Nuestro completo tutorial y gu\u00eda de configuraci\u00f3n te guiar\u00e1 paso a paso. Tanto si eres principiante como experto, nuestra gu\u00eda te resultar\u00e1 incre\u00edblemente \u00fatil.<\/p>\n<p>Desata el potencial de tu sitio web con los beneficios de los Formularios Conversacionales de Everest Forms. Desde impulsar la interacci\u00f3n del usuario hasta mejorar las tasas de finalizaci\u00f3n de formularios, las ventajas son infinitas. Consulta ejemplos reales de Formularios Conversacionales de Everest Forms y comprueba la diferencia.<\/p>\n<p>No te f\u00edes solo de nuestras palabras: lee nuestra rese\u00f1a de Formularios Conversacionales de Everest Forms y descubre por qu\u00e9 a los usuarios les encanta. \u00bfListo para empezar?<\/p>\n<ul>\n<li>Experiencia de usuario fluida e interactiva<\/li>\n<li>Validaci\u00f3n de formularios en tiempo real<\/li>\n<li>Opciones de dise\u00f1o personalizables<\/li>\n<li>L\u00f3gica condicional para respuestas din\u00e1micas<\/li>\n<li>Dise\u00f1o adaptable y adaptable a dispositivos m\u00f3viles<\/li>\n<li>Generador de formularios con funci\u00f3n de arrastrar y soltar<\/li>\n<li>Integraci\u00f3n con herramientas populares de email marketing<\/li>\n<li>Funcionalidad de formularios de varios pasos<\/li>\n<li>Funciones que cumplen con el RGPD<\/li>\n<li>An\u00e1lisis e informes detallados de formularios<\/li>\n<\/ul>\n","protected":false},"excerpt":{"rendered":"<p>Presentamos Formularios Conversacionales de Everest Forms, un innovador plugin dise\u00f1ado para mejorar la interacci\u00f3n del usuario en tu sitio web. Con la funci\u00f3n Formularios Conversacionales de Everest Forms, puedes crear formularios atractivos e intuitivos que simulan una conversaci\u00f3n natural. Descubre c\u00f3mo usar Formularios Conversacionales de Everest Forms con nuestra completa gu\u00eda de configuraci\u00f3n y tutorial. Descubre sus ventajas, explora ejemplos y lee nuestra rese\u00f1a detallada. \u00a1Mejora tu experiencia de creaci\u00f3n de formularios con Formularios Conversacionales de Everest Forms hoy mismo!<\/p>\n","protected":false},"featured_media":169330,"comment_status":"open","ping_status":"open","template":"","meta":[],"product_brand":[2585],"product_cat":[1214,1206,1211],"product_tag":[2159],"class_list":{"0":"post-161377","1":"product","2":"type-product","3":"status-publish","4":"has-post-thumbnail","6":"product_brand-wpeverest","7":"product_cat-personalizacion","8":"product_cat-plugins","9":"product_cat-wordpress-plugins","10":"product_tag-wpeverest","11":"member-discount","12":"discount-restricted","14":"first","15":"instock","16":"sale","17":"downloadable","18":"virtual","19":"sold-individually","20":"purchasable","21":"product-type-simple"},"_links":{"self":[{"href":"https:\/\/gpl-love.com\/es\/wp-json\/wp\/v2\/product\/161377","targetHints":{"allow":["GET"]}}],"collection":[{"href":"https:\/\/gpl-love.com\/es\/wp-json\/wp\/v2\/product"}],"about":[{"href":"https:\/\/gpl-love.com\/es\/wp-json\/wp\/v2\/types\/product"}],"replies":[{"embeddable":true,"href":"https:\/\/gpl-love.com\/es\/wp-json\/wp\/v2\/comments?post=161377"}],"wp:featuredmedia":[{"embeddable":true,"href":"https:\/\/gpl-love.com\/es\/wp-json\/wp\/v2\/media\/169330"}],"wp:attachment":[{"href":"https:\/\/gpl-love.com\/es\/wp-json\/wp\/v2\/media?parent=161377"}],"wp:term":[{"taxonomy":"product_brand","embeddable":true,"href":"https:\/\/gpl-love.com\/es\/wp-json\/wp\/v2\/product_brand?post=161377"},{"taxonomy":"product_cat","embeddable":true,"href":"https:\/\/gpl-love.com\/es\/wp-json\/wp\/v2\/product_cat?post=161377"},{"taxonomy":"product_tag","embeddable":true,"href":"https:\/\/gpl-love.com\/es\/wp-json\/wp\/v2\/product_tag?post=161377"}],"curies":[{"name":"wp","href":"https:\/\/api.w.org\/{rel}","templated":true}]}}