{"id":161375,"date":"2025-06-12T00:00:00","date_gmt":"2025-06-12T05:00:00","guid":{"rendered":"https:\/\/gpl-love.com\/es\/producto\/everest-forms-pdf-form-submission\/"},"modified":"2026-04-02T11:16:38","modified_gmt":"2026-04-02T16:16:38","slug":"everest-forms-pdf-form-submission","status":"publish","type":"product","link":"https:\/\/gpl-love.com\/es\/producto\/everest-forms-pdf-form-submission\/","title":{"rendered":"Everest Forms PDF Form Submission 1.4.2"},"content":{"rendered":"<h3>Everest Forms PDF Form Submission Caracteristicas<\/h3>\n<p>Simplifique su flujo de trabajo con el env\u00edo de formularios PDF de Everest Forms<\/p>\n<p>Transforme sus env\u00edos de formularios en archivos PDF f\u00e1ciles de compartir con la funci\u00f3n de env\u00edo de formularios PDF de Everest Forms. Esta herramienta esencial del plugin Everest Forms le permite gestionar eficientemente las tareas de env\u00edo de formularios a PDF, garantizando un env\u00edo y almacenamiento fluidos.<\/p>\n<p>Con Everest Forms PDF, puede convertir los env\u00edos de formularios a PDF al instante, simplificando la gesti\u00f3n de datos. La generaci\u00f3n de PDF a partir del env\u00edo del formulario est\u00e1 automatizada, lo que le ahorra tiempo y esfuerzo. Ya sea que necesite un plugin de env\u00edo de formularios PDF para empresas, educaci\u00f3n o uso personal, Everest Forms lo tiene cubierto.<\/p>\n<p>Explore las amplias funciones de Everest Forms que se adaptan a sus necesidades espec\u00edficas. La funci\u00f3n de exportaci\u00f3n a PDF de Everest Forms facilita la exportaci\u00f3n de los env\u00edos de formularios a PDF, lo que facilita compartir y archivar datos. Para obtener instrucciones detalladas, la documentaci\u00f3n y el tutorial de Everest Forms ofrecen instrucciones paso a paso para maximizar su&#8230;<\/p>\n<ul>\n<li>Env\u00edo fluido de formularios PDF<\/li>\n<li>Interfaz intuitiva<\/li>\n<li>Campos de formulario personalizables<\/li>\n<li>Generaci\u00f3n automatizada de PDF<\/li>\n<li>Gesti\u00f3n segura de datos<\/li>\n<li>Compatibilidad con varios dispositivos<\/li>\n<li>Integraci\u00f3n con notificaciones por correo electr\u00f3nico<\/li>\n<li>Compatibilidad con varios idiomas<\/li>\n<li>F\u00e1cil instalaci\u00f3n y configuraci\u00f3n<\/li>\n<li>Actualizaciones y soporte t\u00e9cnico peri\u00f3dicos<\/li>\n<\/ul>\n","protected":false},"excerpt":{"rendered":"<p>Presentamos el plugin de env\u00edo de formularios PDF de Everest Forms, la soluci\u00f3n definitiva para generar PDF sin problemas a partir de los env\u00edos de formularios. Convierta f\u00e1cilmente los env\u00edos de formularios a PDF con nuestra potente integraci\u00f3n con Everest Forms. Disfrute de las potentes funciones de Everest Forms, como la f\u00e1cil exportaci\u00f3n a PDF de los env\u00edos y el env\u00edo eficiente de formularios PDF. Explore la completa documentaci\u00f3n y tutoriales de Everest Forms para maximizar su experiencia. Con la exportaci\u00f3n a PDF de Everest Forms, descargar los PDF de los env\u00edos de formularios nunca ha sido tan f\u00e1cil. Simplifique su flujo de trabajo y mejore su productividad con Everest Forms, su plugin de env\u00edo de formularios PDF de confianza.<\/p>\n","protected":false},"featured_media":169329,"comment_status":"open","ping_status":"open","template":"","meta":[],"product_brand":[2585],"product_cat":[1214,1206,1211],"product_tag":[2159],"class_list":{"0":"post-161375","1":"product","2":"type-product","3":"status-publish","4":"has-post-thumbnail","6":"product_brand-wpeverest","7":"product_cat-personalizacion","8":"product_cat-plugins","9":"product_cat-wordpress-plugins","10":"product_tag-wpeverest","11":"member-discount","12":"discount-restricted","14":"first","15":"instock","16":"sale","17":"downloadable","18":"virtual","19":"sold-individually","20":"purchasable","21":"product-type-simple"},"_links":{"self":[{"href":"https:\/\/gpl-love.com\/es\/wp-json\/wp\/v2\/product\/161375","targetHints":{"allow":["GET"]}}],"collection":[{"href":"https:\/\/gpl-love.com\/es\/wp-json\/wp\/v2\/product"}],"about":[{"href":"https:\/\/gpl-love.com\/es\/wp-json\/wp\/v2\/types\/product"}],"replies":[{"embeddable":true,"href":"https:\/\/gpl-love.com\/es\/wp-json\/wp\/v2\/comments?post=161375"}],"wp:featuredmedia":[{"embeddable":true,"href":"https:\/\/gpl-love.com\/es\/wp-json\/wp\/v2\/media\/169329"}],"wp:attachment":[{"href":"https:\/\/gpl-love.com\/es\/wp-json\/wp\/v2\/media?parent=161375"}],"wp:term":[{"taxonomy":"product_brand","embeddable":true,"href":"https:\/\/gpl-love.com\/es\/wp-json\/wp\/v2\/product_brand?post=161375"},{"taxonomy":"product_cat","embeddable":true,"href":"https:\/\/gpl-love.com\/es\/wp-json\/wp\/v2\/product_cat?post=161375"},{"taxonomy":"product_tag","embeddable":true,"href":"https:\/\/gpl-love.com\/es\/wp-json\/wp\/v2\/product_tag?post=161375"}],"curies":[{"name":"wp","href":"https:\/\/api.w.org\/{rel}","templated":true}]}}