{"id":161373,"date":"2025-08-11T00:00:00","date_gmt":"2025-08-11T05:00:00","guid":{"rendered":"https:\/\/gpl-love.com\/es\/producto\/everest-forms-multi-step-forms\/"},"modified":"2026-04-02T05:16:48","modified_gmt":"2026-04-02T10:16:48","slug":"everest-forms-multi-step-forms","status":"publish","type":"product","link":"https:\/\/gpl-love.com\/es\/producto\/everest-forms-multi-step-forms\/","title":{"rendered":"Everest Forms Multi-Step Forms 1.6.5"},"content":{"rendered":"<h3>Everest Forms Multi-Step Forms Caracteristicas<\/h3>\n<p>Desbloquea todo el potencial de tus formularios con nuestro completo tutorial de formularios multipaso de Everest Forms. Aprende a crear formularios multipaso con Everest Forms y disfruta de las numerosas ventajas de usar Everest Forms Multi-Step para tu sitio web. Esta detallada gu\u00eda de configuraci\u00f3n de Everest Forms Multi-Step te guiar\u00e1 paso a paso, desde la configuraci\u00f3n inicial hasta la personalizaci\u00f3n avanzada.<\/p>\n<p>Nuestro generador de formularios Everest Forms Multi-Step, f\u00e1cil de usar, cuenta con una interfaz intuitiva de arrastrar y soltar, lo que facilita el dise\u00f1o de formularios funcionales y visualmente atractivos. Con nuestra gu\u00eda de usuario de Everest Forms Multi-Step, dominar\u00e1s r\u00e1pidamente las habilidades esenciales.<\/p>\n<p>Mejora a\u00fan m\u00e1s tus formularios con las opciones de integraci\u00f3n fluidas de Everest Forms Multi-Step y sigue las mejores pr\u00e1cticas para garantizar un rendimiento \u00f3ptimo. Insp\u00edrate con ejemplos de formularios de Everest Forms Multi-Step e implementa consejos de dise\u00f1o para crear formularios impactantes que conviertan.<\/p>\n<p>Tanto si eres principiante como si eres un usuario experimentado, Everest Forms Multi-Step&#8230;<\/p>\n<ul>\n<li>Creador de formularios intuitivo de varios pasos<\/li>\n<li>Interfaz de arrastrar y soltar<\/li>\n<li>Campos de formulario personalizables<\/li>\n<li>Compatibilidad con l\u00f3gica condicional<\/li>\n<li>Dise\u00f1o adaptable a dispositivos m\u00f3viles<\/li>\n<li>Integraci\u00f3n con servicios populares de email marketing<\/li>\n<li>Compatibilidad con varios idiomas<\/li>\n<li>Plantillas de formulario predise\u00f1adas<\/li>\n<li>Vista previa en tiempo real<\/li>\n<li>Protecci\u00f3n contra spam e integraci\u00f3n con CAPTCHA<\/li>\n<\/ul>\n","protected":false},"excerpt":{"rendered":"<p>Descubra la soluci\u00f3n definitiva para crear formularios sin complicaciones con Everest Forms Multi-Step Forms. Este intuitivo creador de formularios le permite crear formularios de varios pasos f\u00e1cilmente. Siga nuestro completo tutorial y gu\u00eda de configuraci\u00f3n para integrar y personalizar sus formularios sin esfuerzo. Aproveche la funci\u00f3n de arrastrar y soltar y las mejores pr\u00e1cticas para un dise\u00f1o \u00f3ptimo. Nuestra gu\u00eda de usuario ofrece instrucciones paso a paso, mientras que nuestros ejemplos de formularios le servir\u00e1n de inspiraci\u00f3n. Desbloquee todo el potencial de sus formularios con Everest Forms Multi-Step Forms y disfrute de una recopilaci\u00f3n de datos optimizada con consejos de dise\u00f1o profesionales. \u00a1Comience su experiencia hoy mismo!<\/p>\n","protected":false},"featured_media":169328,"comment_status":"open","ping_status":"open","template":"","meta":[],"product_brand":[2585],"product_cat":[1214,1206,1211],"product_tag":[2159],"class_list":{"0":"post-161373","1":"product","2":"type-product","3":"status-publish","4":"has-post-thumbnail","6":"product_brand-wpeverest","7":"product_cat-personalizacion","8":"product_cat-plugins","9":"product_cat-wordpress-plugins","10":"product_tag-wpeverest","11":"member-discount","12":"discount-restricted","14":"first","15":"instock","16":"sale","17":"downloadable","18":"virtual","19":"sold-individually","20":"purchasable","21":"product-type-simple"},"_links":{"self":[{"href":"https:\/\/gpl-love.com\/es\/wp-json\/wp\/v2\/product\/161373","targetHints":{"allow":["GET"]}}],"collection":[{"href":"https:\/\/gpl-love.com\/es\/wp-json\/wp\/v2\/product"}],"about":[{"href":"https:\/\/gpl-love.com\/es\/wp-json\/wp\/v2\/types\/product"}],"replies":[{"embeddable":true,"href":"https:\/\/gpl-love.com\/es\/wp-json\/wp\/v2\/comments?post=161373"}],"wp:featuredmedia":[{"embeddable":true,"href":"https:\/\/gpl-love.com\/es\/wp-json\/wp\/v2\/media\/169328"}],"wp:attachment":[{"href":"https:\/\/gpl-love.com\/es\/wp-json\/wp\/v2\/media?parent=161373"}],"wp:term":[{"taxonomy":"product_brand","embeddable":true,"href":"https:\/\/gpl-love.com\/es\/wp-json\/wp\/v2\/product_brand?post=161373"},{"taxonomy":"product_cat","embeddable":true,"href":"https:\/\/gpl-love.com\/es\/wp-json\/wp\/v2\/product_cat?post=161373"},{"taxonomy":"product_tag","embeddable":true,"href":"https:\/\/gpl-love.com\/es\/wp-json\/wp\/v2\/product_tag?post=161373"}],"curies":[{"name":"wp","href":"https:\/\/api.w.org\/{rel}","templated":true}]}}