{"id":161371,"date":"2025-01-30T00:00:00","date_gmt":"2025-01-30T05:00:00","guid":{"rendered":"https:\/\/gpl-love.com\/es\/producto\/everest-forms-post-submissions\/"},"modified":"2026-04-02T11:16:37","modified_gmt":"2026-04-02T16:16:37","slug":"everest-forms-post-submissions","status":"publish","type":"product","link":"https:\/\/gpl-love.com\/es\/producto\/everest-forms-post-submissions\/","title":{"rendered":"Everest Forms Post Submissions 1.0.10"},"content":{"rendered":"<h3>Everest Forms Post Submissions Caracteristicas<\/h3>\n<p>### Env\u00edos de Publicaciones de Everest Forms: Gestiona tus Entradas de Formularios sin Problemas<\/p>\n<p>Desbloquea todo el potencial de tus formularios con el plugin de Env\u00edos de Publicaciones de Everest Forms. Tanto si eres principiante como experto, nuestro completo tutorial de Env\u00edos de Publicaciones de Everest Forms te guiar\u00e1 en cada paso del proceso. Aprende a usar Env\u00edos de Publicaciones de Everest Forms eficazmente con nuestra gu\u00eda detallada e instrucciones de configuraci\u00f3n.<\/p>\n<p>\u00bfBuscas una forma fiable de gestionar las entradas de tus formularios? Nuestro plugin ofrece funciones robustas adaptadas a tus necesidades. Desde una integraci\u00f3n sencilla hasta una personalizaci\u00f3n avanzada, Env\u00edos de Publicaciones de Everest Forms simplifica la optimizaci\u00f3n de tu flujo de trabajo. \u00a1Descubre por qu\u00e9 a los usuarios les encanta!<\/p>\n<p>### Caracter\u00edsticas Clave:<br \/>\nIntegraci\u00f3n Perfecta: Con\u00e9ctate f\u00e1cilmente con otros complementos de Everest Forms.<br \/>\nPersonalizaci\u00f3n Avanzada: Adapta tus env\u00edos de formularios a tus necesidades.<br \/>\nInterfaz Intuitiva: Simplifica tu configuraci\u00f3n con nuestro dise\u00f1o intuitivo. Gu\u00eda completa: Accede a las instrucciones paso a paso en nuestra Everest<\/p>\n<ul>\n<li>F\u00e1cil integraci\u00f3n con WordPress<\/li>\n<li>Interfaz intuitiva<\/li>\n<li>Campos de formulario personalizables<\/li>\n<li>Admite m\u00faltiples tipos de entrada (texto, correo electr\u00f3nico, men\u00fas desplegables, etc.)<\/li>\n<li>Protecci\u00f3n antispam integrada<\/li>\n<li>L\u00f3gica condicional para formularios din\u00e1micos<\/li>\n<li>Notificaciones por correo electr\u00f3nico al enviar el formulario<\/li>\n<li>Exportaci\u00f3n de env\u00edos a CSV<\/li>\n<li>Dise\u00f1o adaptable a dispositivos m\u00f3viles<\/li>\n<li>Panel de control detallado para la gesti\u00f3n de env\u00edos<\/li>\n<\/ul>\n","protected":false},"excerpt":{"rendered":"<p>Descubra la soluci\u00f3n definitiva para gestionar el env\u00edo de formularios con el plugin Everest Forms Post Submissions. Esta completa herramienta optimiza su flujo de trabajo, integr\u00e1ndose a la perfecci\u00f3n con su sitio web. Nuestra gu\u00eda y tutorial detallados de Everest Forms Post Submissions le mostrar\u00e1n c\u00f3mo utilizarlo eficazmente, desde la configuraci\u00f3n hasta la personalizaci\u00f3n. Explore sus potentes funciones y lea nuestra rese\u00f1a de Everest Forms Post Submissions para descubrir por qu\u00e9 es la mejor opci\u00f3n para sus necesidades. Mejore la funcionalidad de su sitio web hoy mismo con la integraci\u00f3n de Everest Forms Post Submissions, dise\u00f1ada para facilitar su uso y eficiencia.<\/p>\n","protected":false},"featured_media":169327,"comment_status":"open","ping_status":"open","template":"","meta":[],"product_brand":[2585],"product_cat":[1214,1206,1211],"product_tag":[2159],"class_list":{"0":"post-161371","1":"product","2":"type-product","3":"status-publish","4":"has-post-thumbnail","6":"product_brand-wpeverest","7":"product_cat-personalizacion","8":"product_cat-plugins","9":"product_cat-wordpress-plugins","10":"product_tag-wpeverest","11":"member-discount","12":"discount-restricted","14":"first","15":"instock","16":"sale","17":"downloadable","18":"virtual","19":"sold-individually","20":"purchasable","21":"product-type-simple"},"_links":{"self":[{"href":"https:\/\/gpl-love.com\/es\/wp-json\/wp\/v2\/product\/161371","targetHints":{"allow":["GET"]}}],"collection":[{"href":"https:\/\/gpl-love.com\/es\/wp-json\/wp\/v2\/product"}],"about":[{"href":"https:\/\/gpl-love.com\/es\/wp-json\/wp\/v2\/types\/product"}],"replies":[{"embeddable":true,"href":"https:\/\/gpl-love.com\/es\/wp-json\/wp\/v2\/comments?post=161371"}],"wp:featuredmedia":[{"embeddable":true,"href":"https:\/\/gpl-love.com\/es\/wp-json\/wp\/v2\/media\/169327"}],"wp:attachment":[{"href":"https:\/\/gpl-love.com\/es\/wp-json\/wp\/v2\/media?parent=161371"}],"wp:term":[{"taxonomy":"product_brand","embeddable":true,"href":"https:\/\/gpl-love.com\/es\/wp-json\/wp\/v2\/product_brand?post=161371"},{"taxonomy":"product_cat","embeddable":true,"href":"https:\/\/gpl-love.com\/es\/wp-json\/wp\/v2\/product_cat?post=161371"},{"taxonomy":"product_tag","embeddable":true,"href":"https:\/\/gpl-love.com\/es\/wp-json\/wp\/v2\/product_tag?post=161371"}],"curies":[{"name":"wp","href":"https:\/\/api.w.org\/{rel}","templated":true}]}}