{"id":161369,"date":"2024-09-21T00:00:00","date_gmt":"2024-09-21T05:00:00","guid":{"rendered":"https:\/\/gpl-love.com\/es\/producto\/everest-forms-style-customizer\/"},"modified":"2026-03-09T08:48:53","modified_gmt":"2026-03-09T13:48:53","slug":"everest-forms-style-customizer","status":"publish","type":"product","link":"https:\/\/gpl-love.com\/es\/producto\/everest-forms-style-customizer\/","title":{"rendered":"Everest Forms Style Customizer 1.1.7"},"content":{"rendered":"<h3>Everest Forms Style Customizer Caracteristicas<\/h3>\n<p>Libera todo el potencial de tu sitio WordPress con el Personalizador de Estilo de Formularios Everest. Esta potente herramienta te permite personalizar f\u00e1cilmente tus formularios, asegur\u00e1ndote de que se adapten perfectamente a la est\u00e9tica de tu marca. Tanto si eres principiante como si eres un desarrollador experimentado, nuestra interfaz intuitiva facilita enormemente la personalizaci\u00f3n.<\/p>\n<p>Con el Personalizador de Estilo de Formularios Everest, puedes ajustar colores, fuentes y dise\u00f1os, ofreciendo una experiencia de usuario fluida que mantiene a tus visitantes enganchados. Olv\u00eddate de lidiar con c\u00f3digo complejo; nuestro dise\u00f1o intuitivo te permite crear formularios impresionantes en minutos.<\/p>\n<p>Mejora la funcionalidad y el atractivo visual de tu sitio con funciones como vista previa en vivo, dise\u00f1o adaptable y amplias opciones de estilo. Adem\u00e1s, nuestro plugin es totalmente compatible con los temas y plugins m\u00e1s populares de WordPress, lo que garantiza una integraci\u00f3n fluida.<\/p>\n<p>No te conformes con formularios gen\u00e9ricos. Mejora tu sitio con el Personalizador de Estilo de Formularios Everest y disfruta de una apariencia profesional y cohesiva que impulsa las conversiones. \u00a1Pru\u00e9balo hoy y descubre la diferencia!<\/p>\n<p>Caracter\u00edsticas principales:<br \/>\nInterfaz f\u00e1cil de usar<br \/>\nAmplia<\/p>\n<ul>\n<li>Interfaz intuitiva para personalizar f\u00e1cilmente los formularios<\/li>\n<li>Vista previa en tiempo real de los cambios en el formulario<\/li>\n<li>Amplias opciones de color y fuente<\/li>\n<li>Dise\u00f1os y estilos de formulario personalizables<\/li>\n<li>Integraci\u00f3n con el generador de formularios de arrastrar y soltar<\/li>\n<li>Dise\u00f1o adaptable para dispositivos m\u00f3viles y tabletas<\/li>\n<li>Compatibilidad con CSS personalizado para un estilo avanzado<\/li>\n<li>Plantillas predise\u00f1adas para una configuraci\u00f3n r\u00e1pida<\/li>\n<li>Compatibilidad con los temas m\u00e1s populares de WordPress<\/li>\n<li>Actualizaciones peri\u00f3dicas y soporte dedicado<\/li>\n<\/ul>\n","protected":false},"excerpt":{"rendered":"<p>Presentamos el Personalizador de Estilo de Formularios Everest, \u00a1la soluci\u00f3n definitiva para dise\u00f1ar formularios sin esfuerzo! Esta potente herramienta te permite crear formularios impactantes y profesionales f\u00e1cilmente. Personaliza cada aspecto, desde fuentes y colores hasta bordes y fondos. Perfecto para propietarios y desarrolladores de sitios web que buscan mejorar la experiencia y la interacci\u00f3n del usuario. Con el Personalizador de Estilo de Formularios Everest, tus formularios destacar\u00e1n, atraer\u00e1n m\u00e1s respuestas e impulsar\u00e1n las conversiones. \u00a1Empieza a transformar tus formularios hoy mismo!<\/p>\n","protected":false},"featured_media":169326,"comment_status":"open","ping_status":"open","template":"","meta":[],"product_brand":[2585],"product_cat":[1214,1206,1211],"product_tag":[2159],"class_list":{"0":"post-161369","1":"product","2":"type-product","3":"status-publish","4":"has-post-thumbnail","6":"product_brand-wpeverest","7":"product_cat-personalizacion","8":"product_cat-plugins","9":"product_cat-wordpress-plugins","10":"product_tag-wpeverest","11":"member-discount","12":"discount-restricted","14":"first","15":"instock","16":"sale","17":"downloadable","18":"virtual","19":"sold-individually","20":"purchasable","21":"product-type-simple"},"_links":{"self":[{"href":"https:\/\/gpl-love.com\/es\/wp-json\/wp\/v2\/product\/161369","targetHints":{"allow":["GET"]}}],"collection":[{"href":"https:\/\/gpl-love.com\/es\/wp-json\/wp\/v2\/product"}],"about":[{"href":"https:\/\/gpl-love.com\/es\/wp-json\/wp\/v2\/types\/product"}],"replies":[{"embeddable":true,"href":"https:\/\/gpl-love.com\/es\/wp-json\/wp\/v2\/comments?post=161369"}],"wp:featuredmedia":[{"embeddable":true,"href":"https:\/\/gpl-love.com\/es\/wp-json\/wp\/v2\/media\/169326"}],"wp:attachment":[{"href":"https:\/\/gpl-love.com\/es\/wp-json\/wp\/v2\/media?parent=161369"}],"wp:term":[{"taxonomy":"product_brand","embeddable":true,"href":"https:\/\/gpl-love.com\/es\/wp-json\/wp\/v2\/product_brand?post=161369"},{"taxonomy":"product_cat","embeddable":true,"href":"https:\/\/gpl-love.com\/es\/wp-json\/wp\/v2\/product_cat?post=161369"},{"taxonomy":"product_tag","embeddable":true,"href":"https:\/\/gpl-love.com\/es\/wp-json\/wp\/v2\/product_tag?post=161369"}],"curies":[{"name":"wp","href":"https:\/\/api.w.org\/{rel}","templated":true}]}}