{"id":161367,"date":"2025-07-21T00:00:00","date_gmt":"2025-07-21T05:00:00","guid":{"rendered":"https:\/\/gpl-love.com\/es\/producto\/everest-forms-save-and-continue\/"},"modified":"2026-04-02T11:16:36","modified_gmt":"2026-04-02T16:16:36","slug":"everest-forms-save-and-continue","status":"publish","type":"product","link":"https:\/\/gpl-love.com\/es\/producto\/everest-forms-save-and-continue\/","title":{"rendered":"Everest Forms Save y Continue 1.1.3"},"content":{"rendered":"<h3>Everest Forms Save y Continue Caracteristicas<\/h3>\n<p>Presentamos la funci\u00f3n \u00abGuardar y Continuar\u00bb de Everest Forms: \u00a1la soluci\u00f3n definitiva para agilizar el env\u00edo de formularios! Con \u00abGuardar Progreso\u00bb de Everest Forms, los usuarios pueden guardar f\u00e1cilmente sus formularios y continuar trabajando en ellos cuando les resulte conveniente. Olv\u00eddense de perder entradas o empezar desde cero.<\/p>\n<p>\u00bfSe pregunta c\u00f3mo guardar el progreso de un formulario en Everest Forms? Nuestro completo tutorial de \u00abGuardar Progreso\u00bb de Everest Forms le gu\u00eda paso a paso, garantizando que incluso los principiantes puedan dominarlo enseguida. La funci\u00f3n \u00abGuardar y Continuar\u00bb de Everest Forms permite env\u00edos parciales, lo que permite a los usuarios guardar formularios incompletos y retomar el trabajo justo donde lo dejaron.<\/p>\n<p>Con \u00abGuardar y Editar M\u00e1s Tarde\u00bb de Everest Forms, los usuarios pueden revisar las entradas guardadas y realizar los cambios necesarios antes del env\u00edo final. Esta funci\u00f3n es perfecta para formularios largos o complejos donde recopilar informaci\u00f3n precisa es crucial.<\/p>\n<p>Para empresas y organizaciones, \u00abGuardar Progreso\u00bb de Usuario de Everest Forms garantiza mayores tasas de finalizaci\u00f3n al permitir a los usuarios guardar y reanudar sus entradas. Dile adi\u00f3s a los formularios abandonados y dale la bienvenida a&#8230;<\/p>\n<ul>\n<li>Permite a los usuarios guardar el progreso del formulario y continuar m\u00e1s tarde<\/li>\n<li>Compatible con todos los formularios Everest<\/li>\n<li>Interfaz intuitiva<\/li>\n<li>Funci\u00f3n de guardado autom\u00e1tico<\/li>\n<li>Mensajes personalizables para guardar y continuar<\/li>\n<li>Compatible con m\u00faltiples sesiones de formulario<\/li>\n<li>Almacenamiento seguro de datos<\/li>\n<li>F\u00e1cil integraci\u00f3n con formularios existentes<\/li>\n<li>Dise\u00f1o optimizado para dispositivos m\u00f3viles<\/li>\n<li>No requiere programaci\u00f3n<\/li>\n<\/ul>\n","protected":false},"excerpt":{"rendered":"<p>Presentamos la funci\u00f3n \u00abGuardar y Continuar\u00bb de Everest Forms, \u00a1una innovaci\u00f3n para los usuarios! Con Everest Forms, puedes guardar f\u00e1cilmente el progreso del formulario y editarlo m\u00e1s tarde, garantizando as\u00ed env\u00edos incompletos. Descubre c\u00f3mo guardar el progreso del formulario en Everest Forms con nuestro completo tutorial. Esta potente herramienta permite env\u00edos parciales, lo que permite a los usuarios guardar y continuar sus entradas f\u00e1cilmente. Ya sea que necesites guardar y continuar o guardar entradas del formulario para usarlas m\u00e1s adelante, Everest Forms te ayuda. Mejora tu experiencia de usuario y no vuelvas a perder datos importantes con \u00abGuardar y Continuar\u00bb de Everest Forms.<\/p>\n","protected":false},"featured_media":169325,"comment_status":"open","ping_status":"open","template":"","meta":[],"product_brand":[2585],"product_cat":[1214,1206,1211],"product_tag":[2159],"class_list":{"0":"post-161367","1":"product","2":"type-product","3":"status-publish","4":"has-post-thumbnail","6":"product_brand-wpeverest","7":"product_cat-personalizacion","8":"product_cat-plugins","9":"product_cat-wordpress-plugins","10":"product_tag-wpeverest","11":"member-discount","12":"discount-restricted","14":"first","15":"instock","16":"sale","17":"downloadable","18":"virtual","19":"sold-individually","20":"purchasable","21":"product-type-simple"},"_links":{"self":[{"href":"https:\/\/gpl-love.com\/es\/wp-json\/wp\/v2\/product\/161367","targetHints":{"allow":["GET"]}}],"collection":[{"href":"https:\/\/gpl-love.com\/es\/wp-json\/wp\/v2\/product"}],"about":[{"href":"https:\/\/gpl-love.com\/es\/wp-json\/wp\/v2\/types\/product"}],"replies":[{"embeddable":true,"href":"https:\/\/gpl-love.com\/es\/wp-json\/wp\/v2\/comments?post=161367"}],"wp:featuredmedia":[{"embeddable":true,"href":"https:\/\/gpl-love.com\/es\/wp-json\/wp\/v2\/media\/169325"}],"wp:attachment":[{"href":"https:\/\/gpl-love.com\/es\/wp-json\/wp\/v2\/media?parent=161367"}],"wp:term":[{"taxonomy":"product_brand","embeddable":true,"href":"https:\/\/gpl-love.com\/es\/wp-json\/wp\/v2\/product_brand?post=161367"},{"taxonomy":"product_cat","embeddable":true,"href":"https:\/\/gpl-love.com\/es\/wp-json\/wp\/v2\/product_cat?post=161367"},{"taxonomy":"product_tag","embeddable":true,"href":"https:\/\/gpl-love.com\/es\/wp-json\/wp\/v2\/product_tag?post=161367"}],"curies":[{"name":"wp","href":"https:\/\/api.w.org\/{rel}","templated":true}]}}