{"id":161365,"date":"2024-09-21T00:00:00","date_gmt":"2024-09-21T05:00:00","guid":{"rendered":"https:\/\/gpl-love.com\/es\/producto\/everest-forms-sms-notifications\/"},"modified":"2026-03-09T08:48:51","modified_gmt":"2026-03-09T13:48:51","slug":"everest-forms-sms-notifications","status":"publish","type":"product","link":"https:\/\/gpl-love.com\/es\/producto\/everest-forms-sms-notifications\/","title":{"rendered":"Everest Forms SMS Notifications 1.0.3"},"content":{"rendered":"<h3>Everest Forms SMS Notifications Caracteristicas<\/h3>\n<p>Mejora tu experiencia en WordPress con las notificaciones SMS de Everest Forms. Integra f\u00e1cilmente las alertas SMS en Everest Forms para mantenerte al d\u00eda al instante cada vez que se env\u00ede un nuevo formulario. Con la funci\u00f3n de SMS del plugin Everest Forms, puedes recibir notificaciones por SMS en tiempo real para los formularios, lo que te garantiza que nunca te perder\u00e1s una entrada importante.<\/p>\n<p>Nuestra integraci\u00f3n de SMS con Everest Forms est\u00e1 dise\u00f1ada para ser intuitiva y altamente eficiente. Simplemente conecta tu pasarela SMS preferida a Everest Forms y estar\u00e1s listo para recibir actualizaciones puntuales directamente en tu dispositivo m\u00f3vil. Esta potente funci\u00f3n transforma la forma en que gestionas el env\u00edo de formularios, facilitando una respuesta r\u00e1pida y una organizaci\u00f3n organizada.<\/p>\n<p>Tanto si gestionas un sitio web con mucha actividad como si diriges una peque\u00f1a empresa, nuestras notificaciones SMS para formularios de WordPress son la soluci\u00f3n perfecta para mantenerte al d\u00eda. Experimenta la comodidad y la fiabilidad de las notificaciones SMS que se adaptan a tus necesidades. \u00a1Prueba las notificaciones SMS de Everest Forms hoy mismo y lleva la gesti\u00f3n de tus formularios al siguiente nivel!<\/p>\n<ul>\n<li>Alertas SMS en tiempo real para el env\u00edo de formularios<\/li>\n<li>F\u00e1cil integraci\u00f3n con las pasarelas SMS m\u00e1s populares<\/li>\n<li>Plantillas SMS personalizables<\/li>\n<li>Admite m\u00faltiples destinatarios<\/li>\n<li>L\u00f3gica condicional para notificaciones dirigidas<\/li>\n<li>Confirmaci\u00f3n autom\u00e1tica de respuesta a los usuarios<\/li>\n<li>Registro detallado de todos los mensajes enviados<\/li>\n<li>Configuraci\u00f3n intuitiva<\/li>\n<li>Compatible con todos los campos de Everest Forms<\/li>\n<li>Cumple con el RGPD para la privacidad de datos<\/li>\n<\/ul>\n","protected":false},"excerpt":{"rendered":"<p>\u00a1Presentamos las notificaciones SMS de Everest Forms! Optimiza tus formularios de WordPress con la integraci\u00f3n perfecta de SMS con el plugin Everest Forms. Con nuestras alertas SMS para Everest Forms, nunca perder\u00e1s un env\u00edo. Recibe notificaciones instant\u00e1neas por SMS para tus formularios, lo que garantiza respuestas oportunas y una mayor interacci\u00f3n. Nuestra pasarela SMS para Everest Forms garantiza una entrega fiable, manteni\u00e9ndote informado y conectado. Experimenta la comodidad de las notificaciones SMS para formularios y optimiza tu estrategia de comunicaci\u00f3n hoy mismo. Ideal para empresas que buscan mantenerse a la vanguardia, las notificaciones SMS de Everest Forms son tu soluci\u00f3n ideal para notificaciones SMS eficientes y efectivas para tus formularios de WordPress.<\/p>\n","protected":false},"featured_media":169324,"comment_status":"open","ping_status":"open","template":"","meta":[],"product_brand":[2585],"product_cat":[1214,1206,1211],"product_tag":[2159],"class_list":{"0":"post-161365","1":"product","2":"type-product","3":"status-publish","4":"has-post-thumbnail","6":"product_brand-wpeverest","7":"product_cat-personalizacion","8":"product_cat-plugins","9":"product_cat-wordpress-plugins","10":"product_tag-wpeverest","11":"member-discount","12":"discount-restricted","14":"first","15":"instock","16":"sale","17":"downloadable","18":"virtual","19":"sold-individually","20":"purchasable","21":"product-type-simple"},"_links":{"self":[{"href":"https:\/\/gpl-love.com\/es\/wp-json\/wp\/v2\/product\/161365","targetHints":{"allow":["GET"]}}],"collection":[{"href":"https:\/\/gpl-love.com\/es\/wp-json\/wp\/v2\/product"}],"about":[{"href":"https:\/\/gpl-love.com\/es\/wp-json\/wp\/v2\/types\/product"}],"replies":[{"embeddable":true,"href":"https:\/\/gpl-love.com\/es\/wp-json\/wp\/v2\/comments?post=161365"}],"wp:featuredmedia":[{"embeddable":true,"href":"https:\/\/gpl-love.com\/es\/wp-json\/wp\/v2\/media\/169324"}],"wp:attachment":[{"href":"https:\/\/gpl-love.com\/es\/wp-json\/wp\/v2\/media?parent=161365"}],"wp:term":[{"taxonomy":"product_brand","embeddable":true,"href":"https:\/\/gpl-love.com\/es\/wp-json\/wp\/v2\/product_brand?post=161365"},{"taxonomy":"product_cat","embeddable":true,"href":"https:\/\/gpl-love.com\/es\/wp-json\/wp\/v2\/product_cat?post=161365"},{"taxonomy":"product_tag","embeddable":true,"href":"https:\/\/gpl-love.com\/es\/wp-json\/wp\/v2\/product_tag?post=161365"}],"curies":[{"name":"wp","href":"https:\/\/api.w.org\/{rel}","templated":true}]}}