{"id":161363,"date":"2024-09-21T00:00:00","date_gmt":"2024-09-21T05:00:00","guid":{"rendered":"https:\/\/gpl-love.com\/es\/producto\/everest-forms-user-registration\/"},"modified":"2026-04-02T05:16:47","modified_gmt":"2026-04-02T10:16:47","slug":"everest-forms-user-registration","status":"publish","type":"product","link":"https:\/\/gpl-love.com\/es\/producto\/everest-forms-user-registration\/","title":{"rendered":"Everest Forms User Registration 1.0.10"},"content":{"rendered":"<h3>Everest Forms User Registration Caracteristicas<\/h3>\n<p>Presentamos Everest Forms User Registration: la soluci\u00f3n definitiva para una experiencia de usuario fluida en tu sitio web de WordPress. Este potente plugin se integra a la perfecci\u00f3n con Everest Forms, permiti\u00e9ndote crear formularios de registro personalizados con facilidad. Perfecto para sitios de membres\u00eda, comunidades online o cualquier plataforma que requiera cuentas de usuario, Everest Forms User Registration ofrece una flexibilidad y funcionalidad inigualables.<\/p>\n<p>Dise\u00f1a f\u00e1cilmente formularios de registro con un generador de arrastrar y soltar, que te permite a\u00f1adir campos personalizados y adaptar el formulario a tus necesidades espec\u00edficas. Con la asignaci\u00f3n de roles de usuario integrada y notificaciones por correo electr\u00f3nico, gestionar nuevos usuarios nunca ha sido tan f\u00e1cil. El plugin tambi\u00e9n admite funciones avanzadas como l\u00f3gica condicional e integraci\u00f3n con CAPTCHA, lo que garantiza un proceso de registro seguro e intuitivo.<\/p>\n<p>Everest Forms User Registration es totalmente compatible con los temas y plugins m\u00e1s populares de WordPress, lo que garantiza una integraci\u00f3n perfecta en tu sitio web. Adem\u00e1s, est\u00e1 optimizado para mayor velocidad y rendimiento, garantizando una experiencia fluida para tus usuarios.<\/p>\n<p>Transforma tu sitio web hoy mismo con Everest Forms User Registration: la soluci\u00f3n integral para una gesti\u00f3n de usuarios intuitiva y eficiente. Simplifica tu proceso de registro.<\/p>\n<ul>\n<li>F\u00e1cil integraci\u00f3n con Everest Forms<\/li>\n<li>Formularios de registro de usuario personalizables<\/li>\n<li>Generador de formularios con funci\u00f3n de arrastrar y soltar<\/li>\n<li>Notificaciones por correo electr\u00f3nico para nuevos registros<\/li>\n<li>Asignaci\u00f3n de roles de usuario al registrarse<\/li>\n<li>Compatibilidad con captcha para evitar spam<\/li>\n<li>Interfaz intuitiva<\/li>\n<li>Dise\u00f1o adaptable a dispositivos m\u00f3viles<\/li>\n<li>Compatibilidad con varios idiomas<\/li>\n<li>Proceso de registro conforme al RGPD<\/li>\n<\/ul>\n","protected":false},"excerpt":{"rendered":"<p>Presentamos Everest Forms: Registro de Usuarios: la soluci\u00f3n definitiva para crear formularios intuitivos y f\u00e1ciles de usar en su sitio web. Con Everest Forms, puede crear y gestionar f\u00e1cilmente formularios de registro de usuarios, mejorando la funcionalidad y la experiencia de usuario de su sitio web. Nuestro intuitivo creador de formularios con funci\u00f3n de arrastrar y soltar facilita la creaci\u00f3n de formularios, mientras que funciones avanzadas como campos personalizados, notificaciones por correo electr\u00f3nico y formularios de varios pasos garantizan un proceso de registro eficiente y profesional. Mejore su sitio web con Everest Forms: Registro de Usuarios y vea c\u00f3mo aumenta la interacci\u00f3n de sus usuarios. \u00a1Descubra hoy mismo la combinaci\u00f3n perfecta de simplicidad y potencia!<\/p>\n","protected":false},"featured_media":169323,"comment_status":"open","ping_status":"open","template":"","meta":[],"product_brand":[2585],"product_cat":[1214,1206,1211],"product_tag":[2159],"class_list":{"0":"post-161363","1":"product","2":"type-product","3":"status-publish","4":"has-post-thumbnail","6":"product_brand-wpeverest","7":"product_cat-personalizacion","8":"product_cat-plugins","9":"product_cat-wordpress-plugins","10":"product_tag-wpeverest","11":"member-discount","12":"discount-restricted","14":"first","15":"instock","16":"sale","17":"downloadable","18":"virtual","19":"sold-individually","20":"purchasable","21":"product-type-simple"},"_links":{"self":[{"href":"https:\/\/gpl-love.com\/es\/wp-json\/wp\/v2\/product\/161363","targetHints":{"allow":["GET"]}}],"collection":[{"href":"https:\/\/gpl-love.com\/es\/wp-json\/wp\/v2\/product"}],"about":[{"href":"https:\/\/gpl-love.com\/es\/wp-json\/wp\/v2\/types\/product"}],"replies":[{"embeddable":true,"href":"https:\/\/gpl-love.com\/es\/wp-json\/wp\/v2\/comments?post=161363"}],"wp:featuredmedia":[{"embeddable":true,"href":"https:\/\/gpl-love.com\/es\/wp-json\/wp\/v2\/media\/169323"}],"wp:attachment":[{"href":"https:\/\/gpl-love.com\/es\/wp-json\/wp\/v2\/media?parent=161363"}],"wp:term":[{"taxonomy":"product_brand","embeddable":true,"href":"https:\/\/gpl-love.com\/es\/wp-json\/wp\/v2\/product_brand?post=161363"},{"taxonomy":"product_cat","embeddable":true,"href":"https:\/\/gpl-love.com\/es\/wp-json\/wp\/v2\/product_cat?post=161363"},{"taxonomy":"product_tag","embeddable":true,"href":"https:\/\/gpl-love.com\/es\/wp-json\/wp\/v2\/product_tag?post=161363"}],"curies":[{"name":"wp","href":"https:\/\/api.w.org\/{rel}","templated":true}]}}