{"id":161361,"date":"2025-08-11T00:00:00","date_gmt":"2025-08-11T05:00:00","guid":{"rendered":"https:\/\/gpl-love.com\/es\/producto\/everest-forms-frontend-listing\/"},"modified":"2026-03-09T08:48:49","modified_gmt":"2026-03-09T13:48:49","slug":"everest-forms-frontend-listing","status":"publish","type":"product","link":"https:\/\/gpl-love.com\/es\/producto\/everest-forms-frontend-listing\/","title":{"rendered":"Everest Forms Frontend Listing 1.0.9"},"content":{"rendered":"<h3>Everest Forms Frontend Listing Caracteristicas<\/h3>\n<p>Transforma tu sitio web con Everest Forms Frontend Listing, la soluci\u00f3n definitiva para gestionar y mostrar tus formularios sin problemas. Este potente plugin te permite crear, personalizar y mostrar formularios directamente en la interfaz de tu sitio web con facilidad. Olv\u00eddate de las complicaciones del backend. Everest Forms Frontend Listing simplifica el proceso, haci\u00e9ndolo perfecto para usuarios de WordPress de todos los niveles.<\/p>\n<p>Con Everest Forms Frontend Listing, puedes mostrar f\u00e1cilmente las entradas de tu formulario en cualquier p\u00e1gina o entrada. Su interfaz intuitiva garantiza una experiencia fluida, mientras que las funciones avanzadas, como las plantillas personalizables y el dise\u00f1o responsivo, garantizan que tus formularios se vean incre\u00edbles en cualquier dispositivo. Adem\u00e1s, nuestro plugin es totalmente compatible con los temas y plugins m\u00e1s populares de WordPress, lo que garantiza una integraci\u00f3n perfecta con tu configuraci\u00f3n actual.<\/p>\n<p>Potencia la funcionalidad de tu sitio web y mejora la interacci\u00f3n de tus usuarios con Everest Forms Frontend Listing. Ya sea que gestiones formularios de contacto, encuestas o registros a eventos, este plugin es tu herramienta ideal. No pierdas la oportunidad de optimizar la gesti\u00f3n de formularios y ofrecer una experiencia de usuario superior. Prueba Everest Forms Frontend Listing.<\/p>\n<ul>\n<li>Interfaz intuitiva<\/li>\n<li>Generador de formularios con funci\u00f3n de arrastrar y soltar<\/li>\n<li>Plantillas de formulario personalizables<\/li>\n<li>Vista previa del formulario en tiempo real<\/li>\n<li>L\u00f3gica condicional para formularios din\u00e1micos<\/li>\n<li>Creaci\u00f3n de formularios en varios pasos<\/li>\n<li>Protecci\u00f3n contra spam con reCAPTCHA<\/li>\n<li>Dise\u00f1o adaptable a dispositivos m\u00f3viles<\/li>\n<li>Integraci\u00f3n con servicios de correo electr\u00f3nico populares<\/li>\n<li>An\u00e1lisis detallado del env\u00edo de formularios<\/li>\n<\/ul>\n","protected":false},"excerpt":{"rendered":"<p>Presentamos Everest Forms Frontend Listing: \u00a1la soluci\u00f3n definitiva para una gesti\u00f3n de formularios fluida! Con Everest Forms Frontend Listing, puedes crear, gestionar y mostrar formularios f\u00e1cilmente desde la interfaz de tu sitio web. Tanto si eres principiante como experto en web, nuestra interfaz intuitiva y nuestras potentes funciones facilitan la creaci\u00f3n de formularios. Disfruta de una funcionalidad mejorada con plantillas personalizables, opciones de campo avanzadas y recopilaci\u00f3n de datos en tiempo real. Optimiza tu flujo de trabajo e impulsa la interacci\u00f3n de tus usuarios con Everest Forms Frontend Listing. \u00a1Mejora tu experiencia web hoy mismo!<\/p>\n","protected":false},"featured_media":169322,"comment_status":"open","ping_status":"open","template":"","meta":[],"product_brand":[2585],"product_cat":[1214,1206,1211],"product_tag":[2159],"class_list":{"0":"post-161361","1":"product","2":"type-product","3":"status-publish","4":"has-post-thumbnail","6":"product_brand-wpeverest","7":"product_cat-personalizacion","8":"product_cat-plugins","9":"product_cat-wordpress-plugins","10":"product_tag-wpeverest","11":"member-discount","12":"discount-restricted","14":"first","15":"instock","16":"sale","17":"downloadable","18":"virtual","19":"sold-individually","20":"purchasable","21":"product-type-simple"},"_links":{"self":[{"href":"https:\/\/gpl-love.com\/es\/wp-json\/wp\/v2\/product\/161361","targetHints":{"allow":["GET"]}}],"collection":[{"href":"https:\/\/gpl-love.com\/es\/wp-json\/wp\/v2\/product"}],"about":[{"href":"https:\/\/gpl-love.com\/es\/wp-json\/wp\/v2\/types\/product"}],"replies":[{"embeddable":true,"href":"https:\/\/gpl-love.com\/es\/wp-json\/wp\/v2\/comments?post=161361"}],"wp:featuredmedia":[{"embeddable":true,"href":"https:\/\/gpl-love.com\/es\/wp-json\/wp\/v2\/media\/169322"}],"wp:attachment":[{"href":"https:\/\/gpl-love.com\/es\/wp-json\/wp\/v2\/media?parent=161361"}],"wp:term":[{"taxonomy":"product_brand","embeddable":true,"href":"https:\/\/gpl-love.com\/es\/wp-json\/wp\/v2\/product_brand?post=161361"},{"taxonomy":"product_cat","embeddable":true,"href":"https:\/\/gpl-love.com\/es\/wp-json\/wp\/v2\/product_cat?post=161361"},{"taxonomy":"product_tag","embeddable":true,"href":"https:\/\/gpl-love.com\/es\/wp-json\/wp\/v2\/product_tag?post=161361"}],"curies":[{"name":"wp","href":"https:\/\/api.w.org\/{rel}","templated":true}]}}