{"id":161359,"date":"2025-04-27T00:00:00","date_gmt":"2025-04-27T05:00:00","guid":{"rendered":"https:\/\/gpl-love.com\/es\/producto\/everest-forms-form-restriction\/"},"modified":"2026-04-02T05:16:46","modified_gmt":"2026-04-02T10:16:46","slug":"everest-forms-form-restriction","status":"publish","type":"product","link":"https:\/\/gpl-love.com\/es\/producto\/everest-forms-form-restriction\/","title":{"rendered":"Everest Forms Form Restriction 1.0.7"},"content":{"rendered":"<h3>Everest Forms Form Restriction Caracteristicas<\/h3>\n<p>\u00a1Desbloquea todo el potencial de tu sitio WordPress con Everest Forms Form Restriction! Este potente plugin te permite controlar f\u00e1cilmente el acceso a los formularios, garantizando que solo usuarios espec\u00edficos puedan verlos o enviarlos. Ideal para sitios de membres\u00eda, contenido exclusivo o procesos internos, Everest Forms Form Restriction ofrece una flexibilidad y seguridad inigualables.<\/p>\n<p>Con una configuraci\u00f3n f\u00e1cil de usar, puedes restringir formularios seg\u00fan los roles de usuario, el estado de inicio de sesi\u00f3n y m\u00e1s. Int\u00e9gralo a la perfecci\u00f3n con tu configuraci\u00f3n actual de Everest Forms y experimenta un nuevo nivel de gesti\u00f3n de usuarios. Ya sea que busques crear formularios de acceso VIP, administrar encuestas para empleados u ofrecer ofertas exclusivas a miembros registrados, este plugin es tu soluci\u00f3n ideal.<\/p>\n<p>Everest Forms Form Restriction est\u00e1 dise\u00f1ado para un rendimiento y una experiencia de usuario superiores. Su c\u00f3digo ligero garantiza que tu sitio web se mantenga r\u00e1pido, mientras que sus robustas funciones te brindan el control que necesitas. Mejora la funcionalidad de tu sitio web hoy mismo con Everest Forms Form Restriction y disfruta de una experiencia de formularios fluida, segura y exclusiva.<\/p>\n<ul>\n<li>Restringir el acceso a formularios seg\u00fan los roles de usuario<\/li>\n<li>Limitar el env\u00edo de formularios por usuario<\/li>\n<li>Establecer plazos de env\u00edo<\/li>\n<li>Activar la protecci\u00f3n con contrase\u00f1a para formularios<\/li>\n<li>Personalizar mensajes de restricci\u00f3n<\/li>\n<li>Restringir el acceso a formularios por direcci\u00f3n IP<\/li>\n<li>Programar la disponibilidad de formularios<\/li>\n<li>Combinar varias reglas de restricci\u00f3n<\/li>\n<li>Registros e informes de acceso detallados<\/li>\n<li>Integraci\u00f3n perfecta con otras funciones de Everest Forms<\/li>\n<\/ul>\n","protected":false},"excerpt":{"rendered":"<p>Presentamos la Restricci\u00f3n de Formularios de Everest Forms: la soluci\u00f3n definitiva para gestionar y limitar el env\u00edo de formularios en su sitio web. Con la Restricci\u00f3n de Formularios de Everest Forms, puede controlar el acceso f\u00e1cilmente, estableciendo l\u00edmites de env\u00edo seg\u00fan roles de usuario, fechas o reglas personalizadas. Esta potente funci\u00f3n garantiza que sus formularios se utilicen correctamente, mejorando la experiencia del usuario y la funcionalidad del sitio web. Ideal para registros en eventos, encuestas o contenido exclusivo, la Restricci\u00f3n de Formularios de Everest Forms es su herramienta ideal para una gesti\u00f3n precisa de formularios. \u00a1Descubra hoy mismo la integraci\u00f3n perfecta y el rendimiento robusto de la Restricci\u00f3n de Formularios de Everest Forms y eleve la gesti\u00f3n de sus formularios a un nuevo nivel!<\/p>\n","protected":false},"featured_media":169321,"comment_status":"open","ping_status":"open","template":"","meta":[],"product_brand":[2585],"product_cat":[1214,1206,1211],"product_tag":[2159],"class_list":{"0":"post-161359","1":"product","2":"type-product","3":"status-publish","4":"has-post-thumbnail","6":"product_brand-wpeverest","7":"product_cat-personalizacion","8":"product_cat-plugins","9":"product_cat-wordpress-plugins","10":"product_tag-wpeverest","11":"member-discount","12":"discount-restricted","14":"first","15":"instock","16":"sale","17":"downloadable","18":"virtual","19":"sold-individually","20":"purchasable","21":"product-type-simple"},"_links":{"self":[{"href":"https:\/\/gpl-love.com\/es\/wp-json\/wp\/v2\/product\/161359","targetHints":{"allow":["GET"]}}],"collection":[{"href":"https:\/\/gpl-love.com\/es\/wp-json\/wp\/v2\/product"}],"about":[{"href":"https:\/\/gpl-love.com\/es\/wp-json\/wp\/v2\/types\/product"}],"replies":[{"embeddable":true,"href":"https:\/\/gpl-love.com\/es\/wp-json\/wp\/v2\/comments?post=161359"}],"wp:featuredmedia":[{"embeddable":true,"href":"https:\/\/gpl-love.com\/es\/wp-json\/wp\/v2\/media\/169321"}],"wp:attachment":[{"href":"https:\/\/gpl-love.com\/es\/wp-json\/wp\/v2\/media?parent=161359"}],"wp:term":[{"taxonomy":"product_brand","embeddable":true,"href":"https:\/\/gpl-love.com\/es\/wp-json\/wp\/v2\/product_brand?post=161359"},{"taxonomy":"product_cat","embeddable":true,"href":"https:\/\/gpl-love.com\/es\/wp-json\/wp\/v2\/product_cat?post=161359"},{"taxonomy":"product_tag","embeddable":true,"href":"https:\/\/gpl-love.com\/es\/wp-json\/wp\/v2\/product_tag?post=161359"}],"curies":[{"name":"wp","href":"https:\/\/api.w.org\/{rel}","templated":true}]}}