{"id":161357,"date":"2024-09-21T00:00:00","date_gmt":"2024-09-21T05:00:00","guid":{"rendered":"https:\/\/gpl-love.com\/es\/producto\/everest-forms-constant-contact\/"},"modified":"2026-03-09T08:48:46","modified_gmt":"2026-03-09T13:48:46","slug":"everest-forms-constant-contact","status":"publish","type":"product","link":"https:\/\/gpl-love.com\/es\/producto\/everest-forms-constant-contact\/","title":{"rendered":"Everest Forms Constant Contact 1.0.1"},"content":{"rendered":"<h3>Everest Forms Constant Contact Caracteristicas<\/h3>\n<p>Presentamos la integraci\u00f3n de Everest Forms con Constant Contact: \u00a1la soluci\u00f3n definitiva para un email marketing fluido! Dise\u00f1ada para la eficiencia y la facilidad de uso, esta integraci\u00f3n te permite conectar f\u00e1cilmente tus Everest Forms con Constant Contact, una de las plataformas l\u00edderes de email marketing.<\/p>\n<p>Con la integraci\u00f3n de Everest Forms con Constant Contact, puedes captar leads f\u00e1cilmente y ampliar tus listas de correo electr\u00f3nico sincronizando autom\u00e1ticamente los env\u00edos de formularios con tu cuenta de Constant Contact. Olv\u00eddate de la entrada manual de datos y del riesgo de perder informaci\u00f3n valiosa de tus clientes: todo est\u00e1 optimizado y automatizado.<\/p>\n<p>Esta potente integraci\u00f3n ofrece campos de formulario personalizables que se adaptan a tus necesidades de marketing, garantizando la recopilaci\u00f3n de los datos correctos en todo momento. Tanto si gestionas una peque\u00f1a empresa como una gran corporaci\u00f3n, la integraci\u00f3n de Everest Forms con Constant Contact se adapta a tus necesidades, ofreciendo un rendimiento y una fiabilidad s\u00f3lidos.<\/p>\n<p>Las funciones clave incluyen sincronizaci\u00f3n de datos en tiempo real, plantillas de formulario personalizables y an\u00e1lisis avanzados para monitorizar el \u00e9xito de tus campa\u00f1as. Adem\u00e1s, con nuestro intuitivo generador de formularios de arrastrar y soltar, crear e integrar formularios nunca ha sido tan f\u00e1cil.<\/p>\n<p>Transforme su estrategia de marketing por correo electr\u00f3nico hoy con la integraci\u00f3n de Everest Forms y Constant Contact: la<\/p>\n<ul>\n<li>Integraci\u00f3n perfecta con Constant Contact<\/li>\n<li>Generador de formularios f\u00e1cil de usar con funci\u00f3n de arrastrar y soltar<\/li>\n<li>Varias plantillas de formulario disponibles<\/li>\n<li>Funciones que cumplen con el RGPD<\/li>\n<li>Notificaciones de correo electr\u00f3nico personalizables<\/li>\n<li>Protecci\u00f3n contra spam con reCAPTCHA<\/li>\n<li>Formularios de varios pasos<\/li>\n<li>Dise\u00f1o adaptable a dispositivos m\u00f3viles<\/li>\n<li>Opciones de campo avanzadas<\/li>\n<li>Exportaci\u00f3n de entradas de formulario a CSV<\/li>\n<\/ul>\n","protected":false},"excerpt":{"rendered":"<p>Presentamos Everest Forms, \u00a1la soluci\u00f3n definitiva para una integraci\u00f3n perfecta con Constant Contact! Optimiza tus campa\u00f1as de email marketing sin esfuerzo combinando la potencia de Everest Forms y Constant Contact. Capta leads con nuestros formularios intuitivos y personalizables y sincron\u00edzalos autom\u00e1ticamente con tus listas de Constant Contact. Perfecto para empresas de todos los tama\u00f1os, Everest Forms garantiza un flujo de trabajo fluido y eficiente, ahorr\u00e1ndote tiempo y maximizando tu potencial de marketing. \u00a1Empieza hoy mismo y observa c\u00f3mo tu interacci\u00f3n se dispara!<\/p>\n","protected":false},"featured_media":169320,"comment_status":"open","ping_status":"open","template":"","meta":[],"product_brand":[2585],"product_cat":[1232,1206,1211],"product_tag":[2159],"class_list":{"0":"post-161357","1":"product","2":"type-product","3":"status-publish","4":"has-post-thumbnail","6":"product_brand-wpeverest","7":"product_cat-marketing-wordpress-plugins","8":"product_cat-plugins","9":"product_cat-wordpress-plugins","10":"product_tag-wpeverest","11":"member-discount","12":"discount-restricted","14":"first","15":"instock","16":"sale","17":"downloadable","18":"virtual","19":"sold-individually","20":"purchasable","21":"product-type-simple"},"_links":{"self":[{"href":"https:\/\/gpl-love.com\/es\/wp-json\/wp\/v2\/product\/161357","targetHints":{"allow":["GET"]}}],"collection":[{"href":"https:\/\/gpl-love.com\/es\/wp-json\/wp\/v2\/product"}],"about":[{"href":"https:\/\/gpl-love.com\/es\/wp-json\/wp\/v2\/types\/product"}],"replies":[{"embeddable":true,"href":"https:\/\/gpl-love.com\/es\/wp-json\/wp\/v2\/comments?post=161357"}],"wp:featuredmedia":[{"embeddable":true,"href":"https:\/\/gpl-love.com\/es\/wp-json\/wp\/v2\/media\/169320"}],"wp:attachment":[{"href":"https:\/\/gpl-love.com\/es\/wp-json\/wp\/v2\/media?parent=161357"}],"wp:term":[{"taxonomy":"product_brand","embeddable":true,"href":"https:\/\/gpl-love.com\/es\/wp-json\/wp\/v2\/product_brand?post=161357"},{"taxonomy":"product_cat","embeddable":true,"href":"https:\/\/gpl-love.com\/es\/wp-json\/wp\/v2\/product_cat?post=161357"},{"taxonomy":"product_tag","embeddable":true,"href":"https:\/\/gpl-love.com\/es\/wp-json\/wp\/v2\/product_tag?post=161357"}],"curies":[{"name":"wp","href":"https:\/\/api.w.org\/{rel}","templated":true}]}}