{"id":161353,"date":"2025-10-13T00:00:00","date_gmt":"2025-10-13T05:00:00","guid":{"rendered":"https:\/\/gpl-love.com\/es\/producto\/everest-forms-repeater-fields\/"},"modified":"2026-04-02T11:16:35","modified_gmt":"2026-04-02T16:16:35","slug":"everest-forms-repeater-fields","status":"publish","type":"product","link":"https:\/\/gpl-love.com\/es\/producto\/everest-forms-repeater-fields\/","title":{"rendered":"Everest Forms Repeater Fields 1.1.5"},"content":{"rendered":"<h3>Everest Forms Repeater Fields Caracteristicas<\/h3>\n<p>\u00a1Desbloquea todo el potencial de tus formularios de WordPress con el plugin Everest Forms Repeater Fields! Esta potente herramienta te permite a\u00f1adir campos din\u00e1micos y repetibles a tus formularios, facilitando m\u00e1s que nunca la recopilaci\u00f3n de cantidades variables de datos de los usuarios.<\/p>\n<p>C\u00f3mo usar Everest Forms Repeater Fields: Sum\u00e9rgete en nuestro completo tutorial sobre Everest Forms Repeater Fields y sigue nuestra gu\u00eda paso a paso para dominar esta funci\u00f3n. Tanto si lo configuras por primera vez como si buscas una personalizaci\u00f3n avanzada, nuestra documentaci\u00f3n sobre Everest Forms Repeater Fields te lo pone f\u00e1cil.<\/p>\n<p>Caracter\u00edsticas y beneficios: Descubre las amplias funciones de Everest Forms Repeater Fields y c\u00f3mo se comparan con otras alternativas. Descubre las ventajas de Everest Forms Repeater Fields, como una experiencia de usuario mejorada y la flexibilidad para la recopilaci\u00f3n de datos.<\/p>\n<p>Personalizaci\u00f3n e integraci\u00f3n: Personaliza tus formularios con las opciones de personalizaci\u00f3n de Everest Forms Repeater Fields e int\u00e9gralos a la perfecci\u00f3n con tu configuraci\u00f3n actual. Nuestro Everest Forms Repeater<\/p>\n<ul>\n<li>F\u00e1cil de a\u00f1adir y gestionar m\u00faltiples grupos de campos<\/li>\n<li>Interfaz de arrastrar y soltar para una personalizaci\u00f3n perfecta<\/li>\n<li>Compatible con varios tipos de campos (texto, correo electr\u00f3nico, fecha, etc.)<\/li>\n<li>L\u00f3gica condicional para mostrar u ocultar campos seg\u00fan la entrada del usuario<\/li>\n<li>Dise\u00f1o adaptable a dispositivos m\u00f3viles para usar en cualquier dispositivo<\/li>\n<li>Integraci\u00f3n con plugins y temas de formularios populares<\/li>\n<li>Opciones de dise\u00f1o y estilo personalizables<\/li>\n<li>Exportaci\u00f3n e importaci\u00f3n de campos repetidores para su reutilizaci\u00f3n<\/li>\n<li>Ligero y optimizado para un rendimiento \u00f3ptimo<\/li>\n<li>Amplia documentaci\u00f3n y soporte<\/li>\n<\/ul>\n","protected":false},"excerpt":{"rendered":"<p>Descubre el poder de Everest Forms Repeater Fields, la soluci\u00f3n definitiva para la creaci\u00f3n din\u00e1mica de formularios en WordPress. Este completo plugin simplifica la configuraci\u00f3n de formularios complejos con campos repetibles. Aprende a usar Everest Forms Repeater Fields con nuestro tutorial detallado y ejemplos. Nuestra gu\u00eda y documentaci\u00f3n intuitivas garantizan una configuraci\u00f3n y personalizaci\u00f3n perfectas. Experimenta las ventajas y las funciones avanzadas que distinguen a Everest Forms Repeater Fields de las alternativas. Perfecto para cualquier sitio de WordPress, este plugin ofrece una integraci\u00f3n robusta y las mejores pr\u00e1cticas para un rendimiento \u00f3ptimo. \u00a1Transforma tus formularios hoy mismo con Everest Forms Repeater Fields!<\/p>\n","protected":false},"featured_media":169318,"comment_status":"open","ping_status":"open","template":"","meta":[],"product_brand":[2585],"product_cat":[1214,1206,1211],"product_tag":[2159],"class_list":{"0":"post-161353","1":"product","2":"type-product","3":"status-publish","4":"has-post-thumbnail","6":"product_brand-wpeverest","7":"product_cat-personalizacion","8":"product_cat-plugins","9":"product_cat-wordpress-plugins","10":"product_tag-wpeverest","11":"member-discount","12":"discount-restricted","14":"first","15":"instock","16":"sale","17":"downloadable","18":"virtual","19":"sold-individually","20":"purchasable","21":"product-type-simple"},"_links":{"self":[{"href":"https:\/\/gpl-love.com\/es\/wp-json\/wp\/v2\/product\/161353","targetHints":{"allow":["GET"]}}],"collection":[{"href":"https:\/\/gpl-love.com\/es\/wp-json\/wp\/v2\/product"}],"about":[{"href":"https:\/\/gpl-love.com\/es\/wp-json\/wp\/v2\/types\/product"}],"replies":[{"embeddable":true,"href":"https:\/\/gpl-love.com\/es\/wp-json\/wp\/v2\/comments?post=161353"}],"wp:featuredmedia":[{"embeddable":true,"href":"https:\/\/gpl-love.com\/es\/wp-json\/wp\/v2\/media\/169318"}],"wp:attachment":[{"href":"https:\/\/gpl-love.com\/es\/wp-json\/wp\/v2\/media?parent=161353"}],"wp:term":[{"taxonomy":"product_brand","embeddable":true,"href":"https:\/\/gpl-love.com\/es\/wp-json\/wp\/v2\/product_brand?post=161353"},{"taxonomy":"product_cat","embeddable":true,"href":"https:\/\/gpl-love.com\/es\/wp-json\/wp\/v2\/product_cat?post=161353"},{"taxonomy":"product_tag","embeddable":true,"href":"https:\/\/gpl-love.com\/es\/wp-json\/wp\/v2\/product_tag?post=161353"}],"curies":[{"name":"wp","href":"https:\/\/api.w.org\/{rel}","templated":true}]}}