{"id":161349,"date":"2025-04-27T00:00:00","date_gmt":"2025-04-27T05:00:00","guid":{"rendered":"https:\/\/gpl-love.com\/es\/producto\/everest-forms-email-templates\/"},"modified":"2026-04-02T05:16:45","modified_gmt":"2026-04-02T10:16:45","slug":"everest-forms-email-templates","status":"publish","type":"product","link":"https:\/\/gpl-love.com\/es\/producto\/everest-forms-email-templates\/","title":{"rendered":"Everest Forms Email Templates 1.0.8"},"content":{"rendered":"<h3>Everest Forms Email Templates Caracteristicas<\/h3>\n<p>\u00a1Desbloquea todo el potencial de tus formularios en l\u00ednea con las Plantillas de Correo Electr\u00f3nico de Everest Forms! Descubre c\u00f3mo usarlas para mejorar tu comunicaci\u00f3n y optimizar tu flujo de trabajo. Tanto si eres principiante como si eres un usuario experimentado, nuestra completa gu\u00eda de Plantillas de Correo Electr\u00f3nico de Everest Forms ofrece instrucciones paso a paso para configurarlas f\u00e1cilmente.<\/p>\n<p>Da rienda suelta a tu creatividad personalizando las Plantillas de Correo Electr\u00f3nico de Everest Forms para que se adapten a la identidad de tu marca. Nuestro tutorial de Plantillas de Correo Electr\u00f3nico de Everest Forms ofrece informaci\u00f3n detallada y las mejores pr\u00e1cticas para las Plantillas de Correo Electr\u00f3nico de Everest Forms, garantizando que tus correos electr\u00f3nicos no solo sean funcionales, sino tambi\u00e9n visualmente atractivos. \u00bfNecesitas inspiraci\u00f3n? Consulta nuestra colecci\u00f3n de ejemplos de Plantillas de Correo Electr\u00f3nico de Everest Forms, que muestran una variedad de estilos y formatos.<\/p>\n<p>Maximiza la eficiencia con nuestros consejos sobre las Plantillas de Correo Electr\u00f3nico de Everest Forms, dise\u00f1ados para ayudarte a navegar y utilizar las funciones eficazmente. \u00bfTienes problemas? Nuestra secci\u00f3n de resoluci\u00f3n de problemas ofrece soluciones pr\u00e1cticas para problemas comunes, facilitando la resoluci\u00f3n de problemas con las Plantillas de Correo Electr\u00f3nico de Everest Forms.<\/p>\n<ul>\n<li>Plantillas de correo electr\u00f3nico personalizables<\/li>\n<li>Interfaz sencilla de arrastrar y soltar<\/li>\n<li>Plantillas predise\u00f1adas disponibles<\/li>\n<li>Dise\u00f1o optimizado para dispositivos m\u00f3viles<\/li>\n<li>Integraci\u00f3n con los servicios de correo electr\u00f3nico m\u00e1s populares<\/li>\n<li>Opciones de personalizaci\u00f3n para los datos del destinatario<\/li>\n<li>Activadores de correo electr\u00f3nico automatizados<\/li>\n<li>Compatibilidad con varios idiomas<\/li>\n<li>Formatos de correo electr\u00f3nico HTML y texto plano<\/li>\n<li>An\u00e1lisis e informes detallados de correo electr\u00f3nico<\/li>\n<\/ul>\n","protected":false},"excerpt":{"rendered":"<p>Descubra la facilidad de uso de las plantillas de correo electr\u00f3nico de Everest Forms con nuestra gu\u00eda completa. Aprenda a usarlas eficientemente con nuestro tutorial paso a paso. Personalice sus plantillas f\u00e1cilmente y siga las mejores pr\u00e1cticas para obtener resultados \u00f3ptimos. Nuestra gu\u00eda incluye consejos pr\u00e1cticos, ejemplos y soluciones para garantizar una configuraci\u00f3n y personalizaci\u00f3n perfectas. \u00a1Mejore su comunicaci\u00f3n por correo electr\u00f3nico hoy mismo con las plantillas de correo electr\u00f3nico de Everest Forms!<\/p>\n","protected":false},"featured_media":169316,"comment_status":"open","ping_status":"open","template":"","meta":[],"product_brand":[2585],"product_cat":[1214,1206,1211],"product_tag":[2159],"class_list":{"0":"post-161349","1":"product","2":"type-product","3":"status-publish","4":"has-post-thumbnail","6":"product_brand-wpeverest","7":"product_cat-personalizacion","8":"product_cat-plugins","9":"product_cat-wordpress-plugins","10":"product_tag-wpeverest","11":"member-discount","12":"discount-restricted","14":"first","15":"instock","16":"sale","17":"downloadable","18":"virtual","19":"sold-individually","20":"purchasable","21":"product-type-simple"},"_links":{"self":[{"href":"https:\/\/gpl-love.com\/es\/wp-json\/wp\/v2\/product\/161349","targetHints":{"allow":["GET"]}}],"collection":[{"href":"https:\/\/gpl-love.com\/es\/wp-json\/wp\/v2\/product"}],"about":[{"href":"https:\/\/gpl-love.com\/es\/wp-json\/wp\/v2\/types\/product"}],"replies":[{"embeddable":true,"href":"https:\/\/gpl-love.com\/es\/wp-json\/wp\/v2\/comments?post=161349"}],"wp:featuredmedia":[{"embeddable":true,"href":"https:\/\/gpl-love.com\/es\/wp-json\/wp\/v2\/media\/169316"}],"wp:attachment":[{"href":"https:\/\/gpl-love.com\/es\/wp-json\/wp\/v2\/media?parent=161349"}],"wp:term":[{"taxonomy":"product_brand","embeddable":true,"href":"https:\/\/gpl-love.com\/es\/wp-json\/wp\/v2\/product_brand?post=161349"},{"taxonomy":"product_cat","embeddable":true,"href":"https:\/\/gpl-love.com\/es\/wp-json\/wp\/v2\/product_cat?post=161349"},{"taxonomy":"product_tag","embeddable":true,"href":"https:\/\/gpl-love.com\/es\/wp-json\/wp\/v2\/product_tag?post=161349"}],"curies":[{"name":"wp","href":"https:\/\/api.w.org\/{rel}","templated":true}]}}