{"id":161347,"date":"2024-09-21T00:00:00","date_gmt":"2024-09-21T05:00:00","guid":{"rendered":"https:\/\/gpl-love.com\/es\/producto\/everest-forms-active-campaign\/"},"modified":"2026-03-09T08:48:41","modified_gmt":"2026-03-09T13:48:41","slug":"everest-forms-active-campaign","status":"publish","type":"product","link":"https:\/\/gpl-love.com\/es\/producto\/everest-forms-active-campaign\/","title":{"rendered":"Everest Forms Active Campaign 1.0.4"},"content":{"rendered":"<h3>Everest Forms Active Campaign Caracteristicas<\/h3>\n<p>\u00a1Desbloquea todo el potencial de tu sitio web con la integraci\u00f3n de Everest Forms con Active Campaign! Perfecta para empresas que buscan potenciar sus estrategias de marketing, esta conexi\u00f3n fluida entre Everest Forms y Active Campaign facilita m\u00e1s que nunca la captaci\u00f3n de leads y su desarrollo mediante campa\u00f1as de email marketing automatizadas.<\/p>\n<p>Everest Forms, conocido por su intuitiva funci\u00f3n de arrastrar y soltar, te permite crear formularios personalizados en minutos. Ya sea que necesites formularios de contacto, encuestas o registro, Everest Forms te lo ofrece. Y ahora, con la integraci\u00f3n con Active Campaign, cada env\u00edo de formulario puede activar autom\u00e1ticamente secuencias de email marketing dirigidas, lo que te ayuda a conectar y convertir leads sin esfuerzo.<\/p>\n<p>Experimenta el poder de la automatizaci\u00f3n avanzada de marketing combinada con la creaci\u00f3n intuitiva de formularios. Olv\u00eddate de la entrada manual de datos y de perder oportunidades: solo flujos de trabajo fluidos y eficientes dise\u00f1ados para hacer crecer tu negocio. Ideal para peque\u00f1as empresas, tiendas online y profesionales del marketing que desean ahorrar tiempo y aumentar las conversiones, esta integraci\u00f3n es revolucionaria.<\/p>\n<p>No te pierdas esta potente herramienta. Prueba hoy mismo la integraci\u00f3n de Everest Forms con Active Campaign y observa c\u00f3mo tu negocio crece.<\/p>\n<ul>\n<li>Integraci\u00f3n perfecta con Active Campaign<\/li>\n<li>Generador de formularios con funci\u00f3n de arrastrar y soltar<\/li>\n<li>Plantillas de formulario personalizables<\/li>\n<li>Protecci\u00f3n contra spam con Google reCAPTCHA<\/li>\n<li>L\u00f3gica condicional para formularios personalizados<\/li>\n<li>Compatibilidad con formularios de varios pasos<\/li>\n<li>Notificaciones por correo electr\u00f3nico para el env\u00edo de formularios<\/li>\n<li>Cumplimiento del RGPD<\/li>\n<li>Dise\u00f1o adaptable a dispositivos m\u00f3viles<\/li>\n<li>F\u00e1cil gesti\u00f3n de datos de formularios y opciones de exportaci\u00f3n<\/li>\n<\/ul>\n","protected":false},"excerpt":{"rendered":"<p>Presentamos Everest Forms Active Campaign: la soluci\u00f3n definitiva para una integraci\u00f3n fluida de formularios y la automatizaci\u00f3n del email marketing. Cree formularios personalizados f\u00e1cilmente y con\u00e9ctelos directamente a su cuenta de Active Campaign. Mejore la interacci\u00f3n del usuario con un dise\u00f1o intuitivo, funciones avanzadas y an\u00e1lisis en tiempo real. Ideal para empresas de todos los tama\u00f1os, Everest Forms Active Campaign optimiza la recopilaci\u00f3n de datos y la gesti\u00f3n del email, ahorr\u00e1ndole tiempo y aumentando las tasas de conversi\u00f3n. Transforme su estrategia de marketing hoy mismo con esta herramienta potente y f\u00e1cil de usar.<\/p>\n","protected":false},"featured_media":169315,"comment_status":"open","ping_status":"open","template":"","meta":[],"product_brand":[2585],"product_cat":[1232,1206,1211],"product_tag":[2159],"class_list":{"0":"post-161347","1":"product","2":"type-product","3":"status-publish","4":"has-post-thumbnail","6":"product_brand-wpeverest","7":"product_cat-marketing-wordpress-plugins","8":"product_cat-plugins","9":"product_cat-wordpress-plugins","10":"product_tag-wpeverest","11":"member-discount","12":"discount-restricted","14":"first","15":"instock","16":"sale","17":"downloadable","18":"virtual","19":"sold-individually","20":"purchasable","21":"product-type-simple"},"_links":{"self":[{"href":"https:\/\/gpl-love.com\/es\/wp-json\/wp\/v2\/product\/161347","targetHints":{"allow":["GET"]}}],"collection":[{"href":"https:\/\/gpl-love.com\/es\/wp-json\/wp\/v2\/product"}],"about":[{"href":"https:\/\/gpl-love.com\/es\/wp-json\/wp\/v2\/types\/product"}],"replies":[{"embeddable":true,"href":"https:\/\/gpl-love.com\/es\/wp-json\/wp\/v2\/comments?post=161347"}],"wp:featuredmedia":[{"embeddable":true,"href":"https:\/\/gpl-love.com\/es\/wp-json\/wp\/v2\/media\/169315"}],"wp:attachment":[{"href":"https:\/\/gpl-love.com\/es\/wp-json\/wp\/v2\/media?parent=161347"}],"wp:term":[{"taxonomy":"product_brand","embeddable":true,"href":"https:\/\/gpl-love.com\/es\/wp-json\/wp\/v2\/product_brand?post=161347"},{"taxonomy":"product_cat","embeddable":true,"href":"https:\/\/gpl-love.com\/es\/wp-json\/wp\/v2\/product_cat?post=161347"},{"taxonomy":"product_tag","embeddable":true,"href":"https:\/\/gpl-love.com\/es\/wp-json\/wp\/v2\/product_tag?post=161347"}],"curies":[{"name":"wp","href":"https:\/\/api.w.org\/{rel}","templated":true}]}}