{"id":161345,"date":"2024-09-21T00:00:00","date_gmt":"2024-09-21T05:00:00","guid":{"rendered":"https:\/\/gpl-love.com\/es\/producto\/everest-forms-ai-contact-form\/"},"modified":"2026-03-09T08:48:40","modified_gmt":"2026-03-09T13:48:40","slug":"everest-forms-ai-contact-form","status":"publish","type":"product","link":"https:\/\/gpl-love.com\/es\/producto\/everest-forms-ai-contact-form\/","title":{"rendered":"Everest Forms AI Contact Form 1.0.1"},"content":{"rendered":"<h3>Everest Forms AI Contact Form Caracteristicas<\/h3>\n<p>Presentamos el Formulario de Contacto con IA de Everest Forms: el plugin definitivo para formularios de contacto con IA, dise\u00f1ado para revolucionar la interacci\u00f3n con tu sitio web. Con las funciones del plugin Everest Forms, ahora puedes crear formularios con IA sin esfuerzo. Nuestro formulario de contacto con IA aprovecha tecnolog\u00eda avanzada para que la creaci\u00f3n y gesti\u00f3n de formularios sea fluida e intuitiva.<\/p>\n<p>Experimenta una personalizaci\u00f3n inigualable de Everest Forms con nuestro creador de formularios con IA, que incluye una amplia gama de plantillas. Estas plantillas est\u00e1n dise\u00f1adas para adaptarse a diversas necesidades, lo que te garantiza el punto de partida perfecto. La funci\u00f3n de arrastrar y soltar de Everest Forms lo hace incre\u00edblemente f\u00e1cil de usar, permiti\u00e9ndote dise\u00f1ar formularios sin necesidad de conocimientos de programaci\u00f3n.<\/p>\n<p>Integra formularios de contacto inteligentes f\u00e1cilmente con las funciones de integraci\u00f3n de Everest Forms, garantizando que tus formularios funcionen a la perfecci\u00f3n con otras plataformas. Nuestra funci\u00f3n de automatizaci\u00f3n de formularios con IA gestiona las tareas repetitivas, lo que hace que tu flujo de trabajo sea m\u00e1s eficiente. La integraci\u00f3n de Everest Forms con WordPress garantiza que tus formularios est\u00e9n optimizados para los CMS m\u00e1s populares.<\/p>\n<p>Disfruta de la tranquilidad.<\/p>\n<ul>\n<li>Creador de formularios con IA<\/li>\n<li>Interfaz de arrastrar y soltar<\/li>\n<li>Campos de formulario personalizables<\/li>\n<li>Protecci\u00f3n antispam integrada<\/li>\n<li>Validaci\u00f3n de datos en tiempo real<\/li>\n<li>Compatibilidad con formularios de varios pasos<\/li>\n<li>Dise\u00f1o optimizado para dispositivos m\u00f3viles<\/li>\n<li>Integraci\u00f3n con plataformas de email marketing<\/li>\n<li>L\u00f3gica condicional para formularios din\u00e1micos<\/li>\n<li>An\u00e1lisis e informes detallados<\/li>\n<\/ul>\n","protected":false},"excerpt":{"rendered":"<p>Presentamos el Formulario de Contacto con IA de Everest Forms, un plugin de formularios de contacto con IA dise\u00f1ado para revolucionar tu experiencia de creaci\u00f3n de formularios. Con Everest Forms, puedes crear formularios con IA f\u00e1cilmente, aprovechando sus formularios de contacto inteligentes y funciones de automatizaci\u00f3n. Disfruta de una integraci\u00f3n y personalizaci\u00f3n fluidas con Everest Forms gracias a su intuitiva funci\u00f3n de arrastrar y soltar. El plugin de Everest Forms incluye plantillas predise\u00f1adas y una s\u00f3lida compatibilidad con WordPress, lo que garantiza una configuraci\u00f3n sencilla. Descubre el poder del creador de formularios con IA y mejora la interacci\u00f3n en tu sitio web con formularios inteligentes y responsivos. \u00a1Experimenta hoy mismo una facilidad y eficiencia inigualables con el Formulario de Contacto con IA de Everest Forms!<\/p>\n","protected":false},"featured_media":169314,"comment_status":"open","ping_status":"open","template":"","meta":[],"product_brand":[2585],"product_cat":[1214,1206,1211],"product_tag":[2159],"class_list":{"0":"post-161345","1":"product","2":"type-product","3":"status-publish","4":"has-post-thumbnail","6":"product_brand-wpeverest","7":"product_cat-personalizacion","8":"product_cat-plugins","9":"product_cat-wordpress-plugins","10":"product_tag-wpeverest","11":"member-discount","12":"discount-restricted","14":"first","15":"instock","16":"sale","17":"downloadable","18":"virtual","19":"sold-individually","20":"purchasable","21":"product-type-simple"},"_links":{"self":[{"href":"https:\/\/gpl-love.com\/es\/wp-json\/wp\/v2\/product\/161345","targetHints":{"allow":["GET"]}}],"collection":[{"href":"https:\/\/gpl-love.com\/es\/wp-json\/wp\/v2\/product"}],"about":[{"href":"https:\/\/gpl-love.com\/es\/wp-json\/wp\/v2\/types\/product"}],"replies":[{"embeddable":true,"href":"https:\/\/gpl-love.com\/es\/wp-json\/wp\/v2\/comments?post=161345"}],"wp:featuredmedia":[{"embeddable":true,"href":"https:\/\/gpl-love.com\/es\/wp-json\/wp\/v2\/media\/169314"}],"wp:attachment":[{"href":"https:\/\/gpl-love.com\/es\/wp-json\/wp\/v2\/media?parent=161345"}],"wp:term":[{"taxonomy":"product_brand","embeddable":true,"href":"https:\/\/gpl-love.com\/es\/wp-json\/wp\/v2\/product_brand?post=161345"},{"taxonomy":"product_cat","embeddable":true,"href":"https:\/\/gpl-love.com\/es\/wp-json\/wp\/v2\/product_cat?post=161345"},{"taxonomy":"product_tag","embeddable":true,"href":"https:\/\/gpl-love.com\/es\/wp-json\/wp\/v2\/product_tag?post=161345"}],"curies":[{"name":"wp","href":"https:\/\/api.w.org\/{rel}","templated":true}]}}