{"id":161343,"date":"2025-04-27T00:00:00","date_gmt":"2025-04-27T05:00:00","guid":{"rendered":"https:\/\/gpl-love.com\/es\/producto\/everest-forms-custom-captcha\/"},"modified":"2026-04-02T05:16:44","modified_gmt":"2026-04-02T10:16:44","slug":"everest-forms-custom-captcha","status":"publish","type":"product","link":"https:\/\/gpl-love.com\/es\/producto\/everest-forms-custom-captcha\/","title":{"rendered":"Everest Forms Custom Captcha 1.1.3"},"content":{"rendered":"<h3>Everest Forms Custom Captcha Caracteristicas<\/h3>\n<p>Presentamos el plugin Everest Forms Custom Captcha: la soluci\u00f3n definitiva para una mayor seguridad y protecci\u00f3n contra spam. Con una integraci\u00f3n perfecta con Everest Forms, este plugin ofrece una robusta funci\u00f3n de captcha personalizada, adaptada espec\u00edficamente a tus necesidades. Dile adi\u00f3s al spam y dale la bienvenida a un sitio WordPress m\u00e1s seguro.<\/p>\n<p>Con la integraci\u00f3n de Everest Forms Custom Captcha, puedes a\u00f1adir f\u00e1cilmente captcha personalizado para Everest Forms, garantizando que solo se filtren las entradas genuinas. Nuestro avanzado mecanismo de protecci\u00f3n contra spam de Everest Forms est\u00e1 dise\u00f1ado para mantener a raya a los bots, brind\u00e1ndote tranquilidad.<\/p>\n<p>Administra f\u00e1cilmente la configuraci\u00f3n de captcha de Everest Forms a trav\u00e9s de una interfaz intuitiva que ofrece simplicidad y eficiencia. Para quienes prefieren la reconocida seguridad de Google, nuestro plugin es compatible con Everest Forms Google reCAPTCHA, combinando comodidad con protecci\u00f3n de primer nivel.<\/p>\n<p>Mejora las capacidades de captcha de Everest Forms en WordPress con esta herramienta de seguridad imprescindible. La configuraci\u00f3n del plugin Everest Forms Custom Captcha es sencilla, lo que la hace accesible para usuarios de todos los niveles. Priorice la seguridad de su sitio con las funciones antispam de Everest Forms y mantenga sus formularios a salvo de correos maliciosos.<\/p>\n<ul>\n<li>Opciones de captcha personalizables<\/li>\n<li>F\u00e1cil integraci\u00f3n con Everest Forms<\/li>\n<li>Evita el spam y los env\u00edos automatizados<\/li>\n<li>Interfaz intuitiva<\/li>\n<li>Compatible con m\u00faltiples tipos de captcha (p. ej., reCAPTCHA, hCaptcha)<\/li>\n<li>Dise\u00f1o optimizado para dispositivos m\u00f3viles<\/li>\n<li>Niveles de dificultad ajustables<\/li>\n<li>Compatibilidad multiling\u00fce<\/li>\n<li>Actualizaciones y soporte t\u00e9cnico regulares<\/li>\n<li>Ligero y con tiempos de carga r\u00e1pidos<\/li>\n<\/ul>\n","protected":false},"excerpt":{"rendered":"<p>Presentamos el plugin Captcha personalizado de Everest Forms, la soluci\u00f3n definitiva para una protecci\u00f3n robusta contra spam en Everest Forms. Integra f\u00e1cilmente captcha personalizado en Everest Forms y mejora la seguridad con la integraci\u00f3n de Captcha de Everest Forms. Configura f\u00e1cilmente los ajustes de captcha de Everest Forms, incluyendo Google reCAPTCHA de Everest Forms, para mantener tu sitio WordPress seguro. Nuestra configuraci\u00f3n del plugin CAPTCHA de Everest Forms garantiza medidas antispam eficaces, brind\u00e1ndote tranquilidad. Mejora la seguridad de tu sitio Everest Forms hoy mismo con nuestro completo y f\u00e1cil de usar plugin Captcha de Everest Forms.<\/p>\n","protected":false},"featured_media":169313,"comment_status":"open","ping_status":"open","template":"","meta":[],"product_brand":[2585],"product_cat":[1214,1206,1211],"product_tag":[2159],"class_list":{"0":"post-161343","1":"product","2":"type-product","3":"status-publish","4":"has-post-thumbnail","6":"product_brand-wpeverest","7":"product_cat-personalizacion","8":"product_cat-plugins","9":"product_cat-wordpress-plugins","10":"product_tag-wpeverest","11":"member-discount","12":"discount-restricted","14":"first","15":"instock","16":"sale","17":"downloadable","18":"virtual","19":"sold-individually","20":"purchasable","21":"product-type-simple"},"_links":{"self":[{"href":"https:\/\/gpl-love.com\/es\/wp-json\/wp\/v2\/product\/161343","targetHints":{"allow":["GET"]}}],"collection":[{"href":"https:\/\/gpl-love.com\/es\/wp-json\/wp\/v2\/product"}],"about":[{"href":"https:\/\/gpl-love.com\/es\/wp-json\/wp\/v2\/types\/product"}],"replies":[{"embeddable":true,"href":"https:\/\/gpl-love.com\/es\/wp-json\/wp\/v2\/comments?post=161343"}],"wp:featuredmedia":[{"embeddable":true,"href":"https:\/\/gpl-love.com\/es\/wp-json\/wp\/v2\/media\/169313"}],"wp:attachment":[{"href":"https:\/\/gpl-love.com\/es\/wp-json\/wp\/v2\/media?parent=161343"}],"wp:term":[{"taxonomy":"product_brand","embeddable":true,"href":"https:\/\/gpl-love.com\/es\/wp-json\/wp\/v2\/product_brand?post=161343"},{"taxonomy":"product_cat","embeddable":true,"href":"https:\/\/gpl-love.com\/es\/wp-json\/wp\/v2\/product_cat?post=161343"},{"taxonomy":"product_tag","embeddable":true,"href":"https:\/\/gpl-love.com\/es\/wp-json\/wp\/v2\/product_tag?post=161343"}],"curies":[{"name":"wp","href":"https:\/\/api.w.org\/{rel}","templated":true}]}}