{"id":161341,"date":"2025-01-30T00:00:00","date_gmt":"2025-01-30T05:00:00","guid":{"rendered":"https:\/\/gpl-love.com\/es\/producto\/everest-forms-google-sheets\/"},"modified":"2026-04-02T05:16:43","modified_gmt":"2026-04-02T10:16:43","slug":"everest-forms-google-sheets","status":"publish","type":"product","link":"https:\/\/gpl-love.com\/es\/producto\/everest-forms-google-sheets\/","title":{"rendered":"Everest Forms Google Sheets 1.2.2"},"content":{"rendered":"<h3>Everest Forms Google Sheets Caracteristicas<\/h3>\n<p>Presentamos la integraci\u00f3n de Everest Forms con Hojas de C\u00e1lculo de Google: La soluci\u00f3n definitiva para una gesti\u00f3n de datos optimizada<\/p>\n<p>Simplifique su proceso de recopilaci\u00f3n de datos con la integraci\u00f3n de Everest Forms con Hojas de C\u00e1lculo de Google. Esta potente herramienta permite transferir sin problemas los env\u00edos de formularios desde Everest Forms directamente a Hojas de C\u00e1lculo de Google, garantizando que sus datos est\u00e9n siempre organizados y accesibles.<\/p>\n<p>D\u00edgale adi\u00f3s a la entrada manual de datos y a los posibles errores. Con Everest Forms con Hojas de C\u00e1lculo de Google, las respuestas de sus formularios se sincronizan autom\u00e1ticamente con sus hojas de c\u00e1lculo en tiempo real. Esta integraci\u00f3n es perfecta para empresas, educadores y cualquier persona que necesite una gesti\u00f3n de datos eficiente.<\/p>\n<p>Caracter\u00edsticas principales:<br \/>\nIntegraci\u00f3n sencilla: Conecte Everest Forms con Hojas de C\u00e1lculo de Google en tan solo unos clics.<br \/>\nSincronizaci\u00f3n en tiempo real: Actualice al instante Hojas de C\u00e1lculo de Google con los nuevos env\u00edos de formularios.<br \/>\nAsignaci\u00f3n personalizable: Asigne campos de formulario a columnas espec\u00edficas en Hojas de C\u00e1lculo de Google para una estructura de datos personalizada.<br \/>\nMayor productividad: Ahorre tiempo y reduzca errores con la entrada de datos automatizada.<\/p>\n<p>Ya sea que est\u00e9 administrando comentarios de clientes, registros o respuestas de encuestas, Everest Forms Google Sheets<\/p>\n<ul>\n<li>Integraci\u00f3n perfecta con Hojas de C\u00e1lculo de Google<\/li>\n<li>Sincronizaci\u00f3n de datos en tiempo real<\/li>\n<li>Campos de formulario personalizables<\/li>\n<li>F\u00e1cil configuraci\u00f3n e interfaz intuitiva<\/li>\n<li>Exportaci\u00f3n de datos automatizada<\/li>\n<li>Compatibilidad con l\u00f3gica condicional<\/li>\n<li>Transferencia de datos segura<\/li>\n<li>Compatibilidad con m\u00faltiples formularios<\/li>\n<li>Informes detallados de datos<\/li>\n<li>Dise\u00f1o optimizado para dispositivos m\u00f3viles<\/li>\n<\/ul>\n","protected":false},"excerpt":{"rendered":"<p>Presentamos Everest Forms, el plugin definitivo para WordPress, dise\u00f1ado para integrarse a la perfecci\u00f3n con Hojas de C\u00e1lculo de Google. Crea, gestiona y almacena f\u00e1cilmente datos de formularios directamente en tus Hojas de C\u00e1lculo de Google con esta potente herramienta. Everest Forms ofrece una intuitiva funci\u00f3n de arrastrar y soltar, plantillas personalizables y sincronizaci\u00f3n en tiempo real. Mejora tu productividad y optimiza la gesti\u00f3n de datos con una seguridad de primer nivel. Ideal para empresas, blogueros y sitios web de todos los tama\u00f1os, Everest Forms garantiza que tus datos est\u00e9n siempre organizados y accesibles. \u00a1\u00danete a miles de usuarios satisfechos y transforma hoy mismo tu forma de gestionar el env\u00edo de formularios con Everest Forms y Hojas de C\u00e1lculo de Google!<\/p>\n","protected":false},"featured_media":169312,"comment_status":"open","ping_status":"open","template":"","meta":[],"product_brand":[2585],"product_cat":[1214,1206,1211],"product_tag":[2159],"class_list":{"0":"post-161341","1":"product","2":"type-product","3":"status-publish","4":"has-post-thumbnail","6":"product_brand-wpeverest","7":"product_cat-personalizacion","8":"product_cat-plugins","9":"product_cat-wordpress-plugins","10":"product_tag-wpeverest","11":"member-discount","12":"discount-restricted","14":"first","15":"instock","16":"sale","17":"downloadable","18":"virtual","19":"sold-individually","20":"purchasable","21":"product-type-simple"},"_links":{"self":[{"href":"https:\/\/gpl-love.com\/es\/wp-json\/wp\/v2\/product\/161341","targetHints":{"allow":["GET"]}}],"collection":[{"href":"https:\/\/gpl-love.com\/es\/wp-json\/wp\/v2\/product"}],"about":[{"href":"https:\/\/gpl-love.com\/es\/wp-json\/wp\/v2\/types\/product"}],"replies":[{"embeddable":true,"href":"https:\/\/gpl-love.com\/es\/wp-json\/wp\/v2\/comments?post=161341"}],"wp:featuredmedia":[{"embeddable":true,"href":"https:\/\/gpl-love.com\/es\/wp-json\/wp\/v2\/media\/169312"}],"wp:attachment":[{"href":"https:\/\/gpl-love.com\/es\/wp-json\/wp\/v2\/media?parent=161341"}],"wp:term":[{"taxonomy":"product_brand","embeddable":true,"href":"https:\/\/gpl-love.com\/es\/wp-json\/wp\/v2\/product_brand?post=161341"},{"taxonomy":"product_cat","embeddable":true,"href":"https:\/\/gpl-love.com\/es\/wp-json\/wp\/v2\/product_cat?post=161341"},{"taxonomy":"product_tag","embeddable":true,"href":"https:\/\/gpl-love.com\/es\/wp-json\/wp\/v2\/product_tag?post=161341"}],"curies":[{"name":"wp","href":"https:\/\/api.w.org\/{rel}","templated":true}]}}