{"id":161339,"date":"2024-09-21T00:00:00","date_gmt":"2024-09-21T05:00:00","guid":{"rendered":"https:\/\/gpl-love.com\/es\/producto\/everest-forms-cloud-storage\/"},"modified":"2026-04-02T05:16:42","modified_gmt":"2026-04-02T10:16:42","slug":"everest-forms-cloud-storage","status":"publish","type":"product","link":"https:\/\/gpl-love.com\/es\/producto\/everest-forms-cloud-storage\/","title":{"rendered":"Everest Forms Cloud Storage 1.0.4"},"content":{"rendered":"<h3>Everest Forms Cloud Storage Caracteristicas<\/h3>\n<p>Libere todo el potencial de la gesti\u00f3n de sus datos con la integraci\u00f3n de Everest Forms Cloud Storage. Nuestras innovadoras soluciones de Everest Forms Cloud Storage optimizan su flujo de trabajo sincronizando y respaldando informaci\u00f3n cr\u00edtica sin problemas. Con el plugin de Everest Forms Cloud Storage, la configuraci\u00f3n es muy sencilla gracias a nuestra completa gu\u00eda de configuraci\u00f3n y tutorial paso a paso.<\/p>\n<p>Nuestras funciones de Everest Forms Cloud Storage garantizan una seguridad excepcional y compatibilidad con diversas plataformas. Disfrute de la tranquilidad que le ofrece la robusta seguridad de Everest Forms Cloud Storage y las fiables opciones de respaldo. Explore las ventajas de Everest Forms Cloud Storage, como la sincronizaci\u00f3n sin complicaciones y la gesti\u00f3n eficiente de datos.<\/p>\n<p>Los precios asequibles y transparentes de Everest Forms Cloud Storage lo hacen accesible para empresas de todos los tama\u00f1os. \u00bfNecesita ayuda? Nuestro equipo de soporte dedicado de Everest Forms Cloud Storage est\u00e1 siempre listo para ayudarle. Optimice la gesti\u00f3n de sus datos con nuestras mejores pr\u00e1cticas de Everest Forms Cloud Storage y garantice un funcionamiento sin problemas.<\/p>\n<p>Transforme su estrategia de gesti\u00f3n de datos con Everest Forms Cloud Storage, su soluci\u00f3n definitiva para un almacenamiento en la nube seguro, eficiente y confiable.<\/p>\n<ul>\n<li>Integraci\u00f3n fluida con la nube<\/li>\n<li>Env\u00edo ilimitado de formularios<\/li>\n<li>Cifrado de datos de alto nivel<\/li>\n<li>Interfaz intuitiva<\/li>\n<li>Sincronizaci\u00f3n de datos en tiempo real<\/li>\n<li>Planes de almacenamiento personalizados<\/li>\n<li>Copias de seguridad automatizadas<\/li>\n<li>Accesibilidad multiplataforma<\/li>\n<li>Herramientas avanzadas de generaci\u00f3n de informes<\/li>\n<li>Atenci\u00f3n al cliente 24\/7<\/li>\n<\/ul>\n","protected":false},"excerpt":{"rendered":"<p>Presentamos la integraci\u00f3n de Everest Forms Cloud Storage: \u00a1la soluci\u00f3n definitiva para una gesti\u00f3n fluida de datos de formularios! Este potente plugin ofrece funciones robustas como sincronizaci\u00f3n sencilla, copias de seguridad fiables y seguridad de primer nivel. Nuestra completa gu\u00eda de configuraci\u00f3n y tutorial paso a paso garantizan una instalaci\u00f3n sin complicaciones, y nuestro equipo de soporte dedicado est\u00e1 siempre listo para ayudarte. Descubre las numerosas ventajas, desde una mayor compatibilidad hasta precios competitivos. Mant\u00e9nte organizado con Everest Forms Cloud Storage y sigue las mejores pr\u00e1cticas para un rendimiento \u00f3ptimo. \u00a1Desbloquea todo el potencial de tus formularios hoy mismo!<\/p>\n","protected":false},"featured_media":169311,"comment_status":"open","ping_status":"open","template":"","meta":[],"product_brand":[2585],"product_cat":[1214,1206,1211],"product_tag":[2159],"class_list":{"0":"post-161339","1":"product","2":"type-product","3":"status-publish","4":"has-post-thumbnail","6":"product_brand-wpeverest","7":"product_cat-personalizacion","8":"product_cat-plugins","9":"product_cat-wordpress-plugins","10":"product_tag-wpeverest","11":"member-discount","12":"discount-restricted","14":"first","15":"instock","16":"sale","17":"downloadable","18":"virtual","19":"sold-individually","20":"purchasable","21":"product-type-simple"},"_links":{"self":[{"href":"https:\/\/gpl-love.com\/es\/wp-json\/wp\/v2\/product\/161339","targetHints":{"allow":["GET"]}}],"collection":[{"href":"https:\/\/gpl-love.com\/es\/wp-json\/wp\/v2\/product"}],"about":[{"href":"https:\/\/gpl-love.com\/es\/wp-json\/wp\/v2\/types\/product"}],"replies":[{"embeddable":true,"href":"https:\/\/gpl-love.com\/es\/wp-json\/wp\/v2\/comments?post=161339"}],"wp:featuredmedia":[{"embeddable":true,"href":"https:\/\/gpl-love.com\/es\/wp-json\/wp\/v2\/media\/169311"}],"wp:attachment":[{"href":"https:\/\/gpl-love.com\/es\/wp-json\/wp\/v2\/media?parent=161339"}],"wp:term":[{"taxonomy":"product_brand","embeddable":true,"href":"https:\/\/gpl-love.com\/es\/wp-json\/wp\/v2\/product_brand?post=161339"},{"taxonomy":"product_cat","embeddable":true,"href":"https:\/\/gpl-love.com\/es\/wp-json\/wp\/v2\/product_cat?post=161339"},{"taxonomy":"product_tag","embeddable":true,"href":"https:\/\/gpl-love.com\/es\/wp-json\/wp\/v2\/product_tag?post=161339"}],"curies":[{"name":"wp","href":"https:\/\/api.w.org\/{rel}","templated":true}]}}