{"id":161333,"date":"2024-09-21T00:00:00","date_gmt":"2024-09-21T05:00:00","guid":{"rendered":"https:\/\/gpl-love.com\/es\/producto\/everest-forms-getresponse\/"},"modified":"2026-03-09T08:48:33","modified_gmt":"2026-03-09T13:48:33","slug":"everest-forms-getresponse","status":"publish","type":"product","link":"https:\/\/gpl-love.com\/es\/producto\/everest-forms-getresponse\/","title":{"rendered":"Everest Forms GetResponse 1.0.1"},"content":{"rendered":"<h3>Everest Forms GetResponse Caracteristicas<\/h3>\n<p>Descubra la soluci\u00f3n definitiva para la creaci\u00f3n fluida de formularios y una potente integraci\u00f3n de email marketing con Everest Forms y GetResponse. Everest Forms es la mejor opci\u00f3n para crear formularios profesionales e intuitivos en su sitio de WordPress. Ya sea que necesite formularios de contacto, de registro o encuestas, Everest Forms ofrece un creador de arrastrar y soltar, lo que garantiza una experiencia sin complicaciones.<\/p>\n<p>Combine esto con GetResponse, una plataforma l\u00edder de email marketing, y tendr\u00e1 una soluci\u00f3n ideal para su negocio online. GetResponse destaca en la creaci\u00f3n de campa\u00f1as de email atractivas, la automatizaci\u00f3n de flujos de trabajo y el an\u00e1lisis de m\u00e9tricas de rendimiento para impulsar sus estrategias de marketing.<\/p>\n<p>Al integrar Everest Forms con GetResponse, puede captar leads f\u00e1cilmente a trav\u00e9s de sus formularios y a\u00f1adirlos autom\u00e1ticamente a sus listas de correo electr\u00f3nico de GetResponse. Esta conexi\u00f3n fluida le ahorra tiempo y garantiza que su email marketing est\u00e9 siempre actualizado. Impulse su estrategia digital con la combinaci\u00f3n perfecta de la creaci\u00f3n intuitiva de formularios de Everest Forms y las robustas herramientas de email marketing de GetResponse.<\/p>\n<p>Lleve su negocio en l\u00ednea al siguiente nivel con Everest Forms y GetResponse, donde<\/p>\n<ul>\n<li>Integraci\u00f3n perfecta con GetResponse<\/li>\n<li>Generador de formularios f\u00e1cil de usar con funci\u00f3n de arrastrar y soltar<\/li>\n<li>Plantillas de formulario predise\u00f1adas disponibles<\/li>\n<li>Campos de formulario personalizables<\/li>\n<li>Compatible con m\u00faltiples tipos de formulario (contacto, suscripci\u00f3n, etc.)<\/li>\n<li>Notificaciones de env\u00edo de formularios en tiempo real<\/li>\n<li>Dise\u00f1o adaptable a dispositivos m\u00f3viles<\/li>\n<li>Protecci\u00f3n avanzada contra spam<\/li>\n<li>F\u00e1cil integraci\u00f3n con shortcode o widget<\/li>\n<li>An\u00e1lisis detallado del env\u00edo de formularios<\/li>\n<\/ul>\n","protected":false},"excerpt":{"rendered":"<p>Descubra la soluci\u00f3n definitiva para crear formularios sin complicaciones con Everest Forms. Integrada con GetResponse, esta potente herramienta le permite dise\u00f1ar y gestionar formularios f\u00e1cilmente, mejorando la interacci\u00f3n del usuario y la generaci\u00f3n de leads. Perfecta para empresas de todos los tama\u00f1os, Everest Forms ofrece plantillas personalizables, funciones avanzadas y una integraci\u00f3n fluida con GetResponse para garantizar que sus campa\u00f1as de email marketing sean m\u00e1s efectivas que nunca. Experimente la facilidad y eficiencia de Everest Forms hoy mismo y transforme sus interacciones con los clientes.<\/p>\n","protected":false},"featured_media":169308,"comment_status":"open","ping_status":"open","template":"","meta":[],"product_brand":[2585],"product_cat":[1232,1206,1211],"product_tag":[2159],"class_list":{"0":"post-161333","1":"product","2":"type-product","3":"status-publish","4":"has-post-thumbnail","6":"product_brand-wpeverest","7":"product_cat-marketing-wordpress-plugins","8":"product_cat-plugins","9":"product_cat-wordpress-plugins","10":"product_tag-wpeverest","11":"member-discount","12":"discount-restricted","14":"first","15":"instock","16":"sale","17":"downloadable","18":"virtual","19":"sold-individually","20":"purchasable","21":"product-type-simple"},"_links":{"self":[{"href":"https:\/\/gpl-love.com\/es\/wp-json\/wp\/v2\/product\/161333","targetHints":{"allow":["GET"]}}],"collection":[{"href":"https:\/\/gpl-love.com\/es\/wp-json\/wp\/v2\/product"}],"about":[{"href":"https:\/\/gpl-love.com\/es\/wp-json\/wp\/v2\/types\/product"}],"replies":[{"embeddable":true,"href":"https:\/\/gpl-love.com\/es\/wp-json\/wp\/v2\/comments?post=161333"}],"wp:featuredmedia":[{"embeddable":true,"href":"https:\/\/gpl-love.com\/es\/wp-json\/wp\/v2\/media\/169308"}],"wp:attachment":[{"href":"https:\/\/gpl-love.com\/es\/wp-json\/wp\/v2\/media?parent=161333"}],"wp:term":[{"taxonomy":"product_brand","embeddable":true,"href":"https:\/\/gpl-love.com\/es\/wp-json\/wp\/v2\/product_brand?post=161333"},{"taxonomy":"product_cat","embeddable":true,"href":"https:\/\/gpl-love.com\/es\/wp-json\/wp\/v2\/product_cat?post=161333"},{"taxonomy":"product_tag","embeddable":true,"href":"https:\/\/gpl-love.com\/es\/wp-json\/wp\/v2\/product_tag?post=161333"}],"curies":[{"name":"wp","href":"https:\/\/api.w.org\/{rel}","templated":true}]}}