{"id":161331,"date":"2025-01-30T00:00:00","date_gmt":"2025-01-30T05:00:00","guid":{"rendered":"https:\/\/gpl-love.com\/es\/producto\/everest-forms-geolocation\/"},"modified":"2026-04-02T05:16:40","modified_gmt":"2026-04-02T10:16:40","slug":"everest-forms-geolocation","status":"publish","type":"product","link":"https:\/\/gpl-love.com\/es\/producto\/everest-forms-geolocation\/","title":{"rendered":"Everest Forms Geolocation 1.1.7"},"content":{"rendered":"<h3>Everest Forms Geolocation Caracteristicas<\/h3>\n<p>Descubra el poder de la geolocalizaci\u00f3n de Everest Forms<\/p>\n<p>Mejore la experiencia de sus formularios con la geolocalizaci\u00f3n de Everest Forms, la soluci\u00f3n definitiva para capturar datos de ubicaci\u00f3n precisos. Perfecta tanto para empresas como para desarrolladores, esta funci\u00f3n avanzada de geolocalizaci\u00f3n se integra a la perfecci\u00f3n con Everest Forms, proporcionando informaci\u00f3n precisa y en tiempo real a sus usuarios.<\/p>\n<p>Con la geolocalizaci\u00f3n de Everest Forms, puede rastrear f\u00e1cilmente la ubicaci\u00f3n de los usuarios, mejorar la precisi\u00f3n de los datos y optimizar las operaciones. Ideal para servicios de entrega, planificaci\u00f3n de eventos y encuestas de clientes, esta herramienta le garantiza obtener los datos correctos en todo momento.<\/p>\n<p>Nuestra funci\u00f3n de geolocalizaci\u00f3n es f\u00e1cil de configurar y no requiere conocimientos de programaci\u00f3n. Simplemente act\u00edvela en la configuraci\u00f3n de Everest Forms y estar\u00e1 listo. Compatible con Google Maps, ofrece una interfaz fiable e intuitiva.<\/p>\n<p>Optimice su flujo de trabajo y tome decisiones informadas con la geolocalizaci\u00f3n de Everest Forms. Mejore sus formularios hoy mismo y disfrute de los beneficios de datos de ubicaci\u00f3n precisos y fiables. Pruebe la geolocalizaci\u00f3n de Everest Forms ahora y transforme su forma de recopilar informaci\u00f3n.<\/p>\n<p>Palabras clave: Everest Forms Ge<\/p>\n<ul>\n<li>Integraci\u00f3n perfecta con Everest Forms<\/li>\n<li>Detecci\u00f3n autom\u00e1tica de la ubicaci\u00f3n del usuario<\/li>\n<li>Compatibilidad con m\u00faltiples servicios de geolocalizaci\u00f3n<\/li>\n<li>Campos de ubicaci\u00f3n personalizables<\/li>\n<li>Sugerencias de direcciones en tiempo real<\/li>\n<li>Formularios con mayor precisi\u00f3n gracias a los datos de ubicaci\u00f3n<\/li>\n<li>Dise\u00f1o optimizado para dispositivos m\u00f3viles<\/li>\n<li>Gesti\u00f3n de datos conforme al RGPD<\/li>\n<li>Interfaz intuitiva<\/li>\n<li>Compatibilidad con los temas y plugins m\u00e1s populares de WordPress<\/li>\n<\/ul>\n","protected":false},"excerpt":{"rendered":"<p>Presentamos Everest Forms Geolocation, la herramienta definitiva para mejorar la experiencia del usuario en tu sitio web. Con funciones avanzadas de geolocalizaci\u00f3n, este plugin te permite crear formularios personalizados que detectan y completan autom\u00e1ticamente la ubicaci\u00f3n del usuario. Ideal para empresas que buscan optimizar procesos y mejorar la precisi\u00f3n de los datos. Mejora tus formularios hoy mismo con Everest Forms Geolocation y observa c\u00f3mo la interacci\u00f3n con tus clientes se dispara.<\/p>\n","protected":false},"featured_media":169307,"comment_status":"open","ping_status":"open","template":"","meta":[],"product_brand":[2585],"product_cat":[1214,1206,1211],"product_tag":[2159],"class_list":{"0":"post-161331","1":"product","2":"type-product","3":"status-publish","4":"has-post-thumbnail","6":"product_brand-wpeverest","7":"product_cat-personalizacion","8":"product_cat-plugins","9":"product_cat-wordpress-plugins","10":"product_tag-wpeverest","11":"member-discount","12":"discount-restricted","14":"first","15":"instock","16":"sale","17":"downloadable","18":"virtual","19":"sold-individually","20":"purchasable","21":"product-type-simple"},"_links":{"self":[{"href":"https:\/\/gpl-love.com\/es\/wp-json\/wp\/v2\/product\/161331","targetHints":{"allow":["GET"]}}],"collection":[{"href":"https:\/\/gpl-love.com\/es\/wp-json\/wp\/v2\/product"}],"about":[{"href":"https:\/\/gpl-love.com\/es\/wp-json\/wp\/v2\/types\/product"}],"replies":[{"embeddable":true,"href":"https:\/\/gpl-love.com\/es\/wp-json\/wp\/v2\/comments?post=161331"}],"wp:featuredmedia":[{"embeddable":true,"href":"https:\/\/gpl-love.com\/es\/wp-json\/wp\/v2\/media\/169307"}],"wp:attachment":[{"href":"https:\/\/gpl-love.com\/es\/wp-json\/wp\/v2\/media?parent=161331"}],"wp:term":[{"taxonomy":"product_brand","embeddable":true,"href":"https:\/\/gpl-love.com\/es\/wp-json\/wp\/v2\/product_brand?post=161331"},{"taxonomy":"product_cat","embeddable":true,"href":"https:\/\/gpl-love.com\/es\/wp-json\/wp\/v2\/product_cat?post=161331"},{"taxonomy":"product_tag","embeddable":true,"href":"https:\/\/gpl-love.com\/es\/wp-json\/wp\/v2\/product_tag?post=161331"}],"curies":[{"name":"wp","href":"https:\/\/api.w.org\/{rel}","templated":true}]}}