{"id":161330,"date":"2024-09-21T00:00:00","date_gmt":"2024-09-21T05:00:00","guid":{"rendered":"https:\/\/gpl-love.com\/es\/producto\/everest-forms-salesforce\/"},"modified":"2026-04-03T23:16:36","modified_gmt":"2026-04-04T04:16:36","slug":"everest-forms-salesforce","status":"publish","type":"product","link":"https:\/\/gpl-love.com\/es\/producto\/everest-forms-salesforce\/","title":{"rendered":"Everest Forms Salesforce 1.0.4"},"content":{"rendered":"<h3>Everest Forms Salesforce Caracteristicas<\/h3>\n<p>Libere todo el potencial de la gesti\u00f3n de sus datos con la integraci\u00f3n de Everest Forms con Salesforce. Nuestro potente plugin de Everest Forms para Salesforce conecta a la perfecci\u00f3n sus formularios de WordPress con Salesforce, simplificando su flujo de trabajo y aumentando la productividad. Tanto si es principiante como si es un experto, nuestra configuraci\u00f3n paso a paso de Everest Forms para Salesforce le garantiza una experiencia fluida y sin complicaciones.<\/p>\n<p>\u00bfNecesita ayuda para empezar? Explore nuestro completo tutorial y gu\u00eda de Everest Forms para Salesforce. Estos recursos est\u00e1n repletos de instrucciones detalladas y consejos pr\u00e1cticos para ayudarle a dominar el conector de Everest Forms para Salesforce. Desde la configuraci\u00f3n inicial hasta la personalizaci\u00f3n avanzada, nuestras gu\u00edas cubren todo lo que necesita saber.<\/p>\n<p>\u00bfTiene curiosidad por saber c\u00f3mo funciona todo? Nuestros art\u00edculos pr\u00e1cticos de Everest Forms para Salesforce ofrecen explicaciones claras y concisas, y ayudas visuales para que el proceso sea sencillo e intuitivo.<\/p>\n<p>Con Everest Forms para Salesforce, puede gestionar f\u00e1cilmente clientes potenciales, contactos y m\u00e1s, directamente desde su sitio de WordPress. Dile adi\u00f3s a los datos manuales.<\/p>\n<ul>\n<li>Integraci\u00f3n perfecta con Salesforce CRM<\/li>\n<li>Generador de formularios con funci\u00f3n de arrastrar y soltar<\/li>\n<li>Campos de formulario personalizables<\/li>\n<li>Sincronizaci\u00f3n de datos en tiempo real<\/li>\n<li>L\u00f3gica condicional para formularios din\u00e1micos<\/li>\n<li>Formularios de varios pasos<\/li>\n<li>Protecci\u00f3n contra spam con reCAPTCHA<\/li>\n<li>Plantillas de formulario predise\u00f1adas<\/li>\n<li>Dise\u00f1o adaptable a dispositivos m\u00f3viles<\/li>\n<li>An\u00e1lisis e informes detallados de env\u00edos<\/li>\n<\/ul>\n","protected":false},"excerpt":{"rendered":"<p>Presentamos la integraci\u00f3n de Everest Forms con Salesforce: \u00a1la soluci\u00f3n definitiva para una gesti\u00f3n de datos fluida! Con el potente plugin de Everest Forms para Salesforce, conecte f\u00e1cilmente sus formularios con Salesforce. Nuestro intuitivo conector de Everest Forms para Salesforce agiliza la configuraci\u00f3n y garantiza un funcionamiento sin problemas. Tanto si necesita un tutorial como una gu\u00eda completa de Everest Forms para Salesforce, lo tenemos cubierto. Descubra la facilidad de uso con nuestros recursos pr\u00e1cticos de Everest Forms para Salesforce. Mejore su experiencia de gesti\u00f3n de datos hoy mismo con Everest Forms y Salesforce: donde la eficiencia se une a la simplicidad.<\/p>\n","protected":false},"featured_media":169306,"comment_status":"open","ping_status":"open","template":"","meta":[],"product_brand":[2585],"product_cat":[1232,1206,1211],"product_tag":[2159],"class_list":{"0":"post-161330","1":"product","2":"type-product","3":"status-publish","4":"has-post-thumbnail","6":"product_brand-wpeverest","7":"product_cat-marketing-wordpress-plugins","8":"product_cat-plugins","9":"product_cat-wordpress-plugins","10":"product_tag-wpeverest","11":"member-discount","12":"discount-restricted","14":"first","15":"instock","16":"sale","17":"downloadable","18":"virtual","19":"sold-individually","20":"purchasable","21":"product-type-simple"},"_links":{"self":[{"href":"https:\/\/gpl-love.com\/es\/wp-json\/wp\/v2\/product\/161330","targetHints":{"allow":["GET"]}}],"collection":[{"href":"https:\/\/gpl-love.com\/es\/wp-json\/wp\/v2\/product"}],"about":[{"href":"https:\/\/gpl-love.com\/es\/wp-json\/wp\/v2\/types\/product"}],"replies":[{"embeddable":true,"href":"https:\/\/gpl-love.com\/es\/wp-json\/wp\/v2\/comments?post=161330"}],"wp:featuredmedia":[{"embeddable":true,"href":"https:\/\/gpl-love.com\/es\/wp-json\/wp\/v2\/media\/169306"}],"wp:attachment":[{"href":"https:\/\/gpl-love.com\/es\/wp-json\/wp\/v2\/media?parent=161330"}],"wp:term":[{"taxonomy":"product_brand","embeddable":true,"href":"https:\/\/gpl-love.com\/es\/wp-json\/wp\/v2\/product_brand?post=161330"},{"taxonomy":"product_cat","embeddable":true,"href":"https:\/\/gpl-love.com\/es\/wp-json\/wp\/v2\/product_cat?post=161330"},{"taxonomy":"product_tag","embeddable":true,"href":"https:\/\/gpl-love.com\/es\/wp-json\/wp\/v2\/product_tag?post=161330"}],"curies":[{"name":"wp","href":"https:\/\/api.w.org\/{rel}","templated":true}]}}