{"id":161329,"date":"2024-09-21T00:00:00","date_gmt":"2024-09-21T05:00:00","guid":{"rendered":"https:\/\/gpl-love.com\/es\/producto\/everest-forms-mailerlite-2\/"},"modified":"2026-03-09T08:48:29","modified_gmt":"2026-03-09T13:48:29","slug":"everest-forms-mailerlite-2","status":"publish","type":"product","link":"https:\/\/gpl-love.com\/es\/producto\/everest-forms-mailerlite-2\/","title":{"rendered":"Everest Forms MailerLite 1.0.3"},"content":{"rendered":"<h3>Everest Forms MailerLite Caracteristicas<\/h3>\n<p>Presentamos la integraci\u00f3n de Everest Forms con MailerLite: \u00a1la soluci\u00f3n definitiva para una automatizaci\u00f3n fluida del email marketing! Este potente plugin de Everest Forms con MailerLite est\u00e1 dise\u00f1ado para optimizar tu flujo de trabajo, facilitando m\u00e1s que nunca la conexi\u00f3n de tus formularios con MailerLite.<\/p>\n<p>Con nuestra completa configuraci\u00f3n de Everest Forms con MailerLite, puedes integrar r\u00e1pidamente tus formularios y empezar a crear tus listas de correo electr\u00f3nico sin esfuerzo. Tanto si eres principiante como si eres un experto en marketing, nuestro tutorial paso a paso y nuestra gu\u00eda detallada te guiar\u00e1n en cada etapa del proceso.<\/p>\n<p>Descubre las inigualables funciones de Everest Forms con MailerLite, que te permiten automatizar campa\u00f1as de email marketing, monitorizar la actividad de tus suscriptores y aumentar la interacci\u00f3n. Descubre las innumerables ventajas de Everest Forms con MailerLite, como una mayor productividad y una comunicaci\u00f3n optimizada con tu audiencia.<\/p>\n<p>\u00bfNecesitas ayuda? Nuestro equipo de soporte de Everest Forms con MailerLite est\u00e1 siempre listo para ayudarte con cualquier consulta o problema. \u00a1Mejore su estrategia de marketing por correo electr\u00f3nico hoy con Everest Forms MailerLite!<\/p>\n<ul>\n<li>Integraci\u00f3n perfecta con MailerLite<\/li>\n<li>Creaci\u00f3n sencilla de formularios con un generador de arrastrar y soltar<\/li>\n<li>Notificaciones de correo electr\u00f3nico automatizadas<\/li>\n<li>Plantillas de correo electr\u00f3nico personalizables<\/li>\n<li>Cumple con el RGPD con opciones de consentimiento opt-in<\/li>\n<li>Protecci\u00f3n avanzada contra spam con reCAPTCHA<\/li>\n<li>An\u00e1lisis e informes en tiempo real<\/li>\n<li>Dise\u00f1o adaptable a dispositivos m\u00f3viles<\/li>\n<li>Compatibilidad con varios idiomas<\/li>\n<li>Compatibilidad con varios temas y plugins de WordPress<\/li>\n<\/ul>\n","protected":false},"excerpt":{"rendered":"<p>Presentamos la integraci\u00f3n de Everest Forms con MailerLite: \u00a1la herramienta perfecta para impulsar tu email marketing! El plugin de Everest Forms MailerLite ofrece una configuraci\u00f3n sencilla que te permite automatizar tus campa\u00f1as sin esfuerzo. Con nuestro completo tutorial y gu\u00eda de Everest Forms MailerLite, dominar\u00e1s todas las funciones en un abrir y cerrar de ojos. Benef\u00edciate de la automatizaci\u00f3n avanzada, las potentes funciones de email marketing y un soporte excepcional. \u00a1Descubre las ventajas inigualables de Everest Forms MailerLite y potencia tu estrategia de marketing hoy mismo!<\/p>\n","protected":false},"featured_media":169305,"comment_status":"open","ping_status":"open","template":"","meta":[],"product_brand":[2585],"product_cat":[1232,1206,1211],"product_tag":[2159],"class_list":{"0":"post-161329","1":"product","2":"type-product","3":"status-publish","4":"has-post-thumbnail","6":"product_brand-wpeverest","7":"product_cat-marketing-wordpress-plugins","8":"product_cat-plugins","9":"product_cat-wordpress-plugins","10":"product_tag-wpeverest","11":"member-discount","12":"discount-restricted","14":"first","15":"instock","16":"sale","17":"downloadable","18":"virtual","19":"sold-individually","20":"purchasable","21":"product-type-simple"},"_links":{"self":[{"href":"https:\/\/gpl-love.com\/es\/wp-json\/wp\/v2\/product\/161329","targetHints":{"allow":["GET"]}}],"collection":[{"href":"https:\/\/gpl-love.com\/es\/wp-json\/wp\/v2\/product"}],"about":[{"href":"https:\/\/gpl-love.com\/es\/wp-json\/wp\/v2\/types\/product"}],"replies":[{"embeddable":true,"href":"https:\/\/gpl-love.com\/es\/wp-json\/wp\/v2\/comments?post=161329"}],"wp:featuredmedia":[{"embeddable":true,"href":"https:\/\/gpl-love.com\/es\/wp-json\/wp\/v2\/media\/169305"}],"wp:attachment":[{"href":"https:\/\/gpl-love.com\/es\/wp-json\/wp\/v2\/media?parent=161329"}],"wp:term":[{"taxonomy":"product_brand","embeddable":true,"href":"https:\/\/gpl-love.com\/es\/wp-json\/wp\/v2\/product_brand?post=161329"},{"taxonomy":"product_cat","embeddable":true,"href":"https:\/\/gpl-love.com\/es\/wp-json\/wp\/v2\/product_cat?post=161329"},{"taxonomy":"product_tag","embeddable":true,"href":"https:\/\/gpl-love.com\/es\/wp-json\/wp\/v2\/product_tag?post=161329"}],"curies":[{"name":"wp","href":"https:\/\/api.w.org\/{rel}","templated":true}]}}