{"id":161324,"date":"2024-09-21T00:00:00","date_gmt":"2024-09-21T05:00:00","guid":{"rendered":"https:\/\/gpl-love.com\/es\/producto\/everest-forms-convertkit\/"},"modified":"2026-03-09T08:48:28","modified_gmt":"2026-03-09T13:48:28","slug":"everest-forms-convertkit","status":"publish","type":"product","link":"https:\/\/gpl-love.com\/es\/producto\/everest-forms-convertkit\/","title":{"rendered":"Everest Forms ConvertKit 1.1.3"},"content":{"rendered":"<h3>Everest Forms ConvertKit Caracteristicas<\/h3>\n<p>Desbloquea todo el potencial de tu email marketing con la integraci\u00f3n de Everest Forms con ConvertKit. Esta potente herramienta conecta Everest Forms con ConvertKit a la perfecci\u00f3n, optimizando tu flujo de trabajo y mejorando la interacci\u00f3n con tu audiencia. Tanto si buscas un tutorial completo de Everest Forms con ConvertKit como una gu\u00eda paso a paso para su configuraci\u00f3n, lo tenemos cubierto.<\/p>\n<p>Nuestras funciones de automatizaci\u00f3n de Everest Forms con ConvertKit te permiten gestionar f\u00e1cilmente tus listas de correo electr\u00f3nico y campa\u00f1as. Con nuestra gu\u00eda detallada de Everest Forms con ConvertKit, podr\u00e1s configurar tus formularios en un abrir y cerrar de ojos. Explora las numerosas funciones de Everest Forms con ConvertKit que facilitan como nunca la captaci\u00f3n de leads y el crecimiento de tu base de suscriptores.<\/p>\n<p>\u00bfBuscas las mejores pr\u00e1cticas de Everest Forms con ConvertKit? Nuestros consejos de expertos te garantizar\u00e1n maximizar la eficiencia y la eficacia. Consulta un ejemplo de Everest Forms con ConvertKit para ver c\u00f3mo otros usuarios aprovechan esta integraci\u00f3n para alcanzar el \u00e9xito.<\/p>\n<p>No te pierdas la gu\u00eda de Everest Forms con ConvertKit que transformar\u00e1 tu forma de gestionar el email marketing. Sum\u00e9rgete en nuestros consejos de Everest Forms ConvertKit y mejora tu correo electr\u00f3nico<\/p>\n<ul>\n<li>Integraci\u00f3n perfecta con ConvertKit<\/li>\n<li>Creador de formularios f\u00e1cil de arrastrar y soltar<\/li>\n<li>Plantillas de formulario predise\u00f1adas<\/li>\n<li>Dise\u00f1o adaptable a dispositivos m\u00f3viles<\/li>\n<li>Campos de formulario personalizables<\/li>\n<li>Notificaciones por correo electr\u00f3nico en tiempo real<\/li>\n<li>L\u00f3gica condicional para formularios avanzados<\/li>\n<li>Cumple con el RGPD<\/li>\n<li>Protecci\u00f3n contra spam con reCAPTCHA<\/li>\n<li>An\u00e1lisis detallado del env\u00edo de formularios<\/li>\n<\/ul>\n","protected":false},"excerpt":{"rendered":"<p>Presentamos la integraci\u00f3n de Everest Forms con ConvertKit, \u00a1la soluci\u00f3n definitiva para una automatizaci\u00f3n fluida del email marketing! Esta potente herramienta simplifica tu flujo de trabajo con una configuraci\u00f3n sencilla de Everest Forms ConvertKit y tutoriales intuitivos. Descubre una gu\u00eda detallada de Everest Forms ConvertKit y un tutorial para dominar cada funci\u00f3n. Aprende las mejores pr\u00e1cticas y consejos para optimizar tus formularios sin esfuerzo. Con ejemplos reales y explicaciones detalladas, nuestra automatizaci\u00f3n de Everest Forms con ConvertKit te garantiza captar y nutrir leads como un profesional. \u00a1Desbloquea todo el potencial de tu email marketing con Everest Forms ConvertKit hoy mismo!<\/p>\n","protected":false},"featured_media":169304,"comment_status":"open","ping_status":"open","template":"","meta":[],"product_brand":[2585],"product_cat":[1232,1206,1211],"product_tag":[2159],"class_list":{"0":"post-161324","1":"product","2":"type-product","3":"status-publish","4":"has-post-thumbnail","6":"product_brand-wpeverest","7":"product_cat-marketing-wordpress-plugins","8":"product_cat-plugins","9":"product_cat-wordpress-plugins","10":"product_tag-wpeverest","11":"member-discount","12":"discount-restricted","14":"first","15":"instock","16":"sale","17":"downloadable","18":"virtual","19":"sold-individually","20":"purchasable","21":"product-type-simple"},"_links":{"self":[{"href":"https:\/\/gpl-love.com\/es\/wp-json\/wp\/v2\/product\/161324","targetHints":{"allow":["GET"]}}],"collection":[{"href":"https:\/\/gpl-love.com\/es\/wp-json\/wp\/v2\/product"}],"about":[{"href":"https:\/\/gpl-love.com\/es\/wp-json\/wp\/v2\/types\/product"}],"replies":[{"embeddable":true,"href":"https:\/\/gpl-love.com\/es\/wp-json\/wp\/v2\/comments?post=161324"}],"wp:featuredmedia":[{"embeddable":true,"href":"https:\/\/gpl-love.com\/es\/wp-json\/wp\/v2\/media\/169304"}],"wp:attachment":[{"href":"https:\/\/gpl-love.com\/es\/wp-json\/wp\/v2\/media?parent=161324"}],"wp:term":[{"taxonomy":"product_brand","embeddable":true,"href":"https:\/\/gpl-love.com\/es\/wp-json\/wp\/v2\/product_brand?post=161324"},{"taxonomy":"product_cat","embeddable":true,"href":"https:\/\/gpl-love.com\/es\/wp-json\/wp\/v2\/product_cat?post=161324"},{"taxonomy":"product_tag","embeddable":true,"href":"https:\/\/gpl-love.com\/es\/wp-json\/wp\/v2\/product_tag?post=161324"}],"curies":[{"name":"wp","href":"https:\/\/api.w.org\/{rel}","templated":true}]}}