{"id":161322,"date":"2024-09-21T00:00:00","date_gmt":"2024-09-21T05:00:00","guid":{"rendered":"https:\/\/gpl-love.com\/es\/producto\/everest-forms-pipedrive\/"},"modified":"2026-03-09T08:48:27","modified_gmt":"2026-03-09T13:48:27","slug":"everest-forms-pipedrive","status":"publish","type":"product","link":"https:\/\/gpl-love.com\/es\/producto\/everest-forms-pipedrive\/","title":{"rendered":"Everest Forms Pipedrive 1.0.4"},"content":{"rendered":"<h3>Everest Forms Pipedrive Caracteristicas<\/h3>\n<p>Impulsa tu flujo de trabajo con la integraci\u00f3n de Everest Forms y Pipedrive<\/p>\n<p>Optimiza tus operaciones comerciales con la potente integraci\u00f3n de Everest Forms y Pipedrive. Esta din\u00e1mica combinaci\u00f3n est\u00e1 dise\u00f1ada para optimizar tu flujo de trabajo, permiti\u00e9ndote captar leads sin problemas y gestionar las relaciones con los clientes de forma eficiente.<\/p>\n<p>Everest Forms ofrece una interfaz intuitiva que simplifica la creaci\u00f3n de formularios personalizados, facilitando la recopilaci\u00f3n de datos. Al integrarse con Pipedrive, estos formularios pueden alimentar directamente tu embudo de ventas, garantizando que nunca pierdas ning\u00fan lead.<\/p>\n<p>Con la colaboraci\u00f3n de Everest Forms y Pipedrive, puedes automatizar tus seguimientos, monitorizar las interacciones con los clientes y cerrar tratos m\u00e1s r\u00e1pido. Esta integraci\u00f3n es perfecta para empresas que buscan optimizar sus capacidades de CRM y aumentar la productividad.<\/p>\n<p>No pierdas esta oportunidad de optimizar tus procesos comerciales. Prueba hoy mismo la integraci\u00f3n de Everest Forms y Pipedrive y experimenta una forma m\u00e1s eficiente de gestionar los datos de tus clientes y leads.<\/p>\n<p>#EverestForms #Pipedrive #CRM #LeadManagement #BusinessAutomation #SalesPipeline #<\/p>\n<ul>\n<li>Integraci\u00f3n perfecta con Pipedrive CRM<\/li>\n<li>Generador de formularios f\u00e1cil de usar con solo arrastrar y soltar<\/li>\n<li>Campos de formulario personalizables para adaptarse a las necesidades de su negocio<\/li>\n<li>Generaci\u00f3n autom\u00e1tica de leads y captura de datos<\/li>\n<li>Sincronizaci\u00f3n en tiempo real con los contactos de Pipedrive<\/li>\n<li>L\u00f3gica condicional para un comportamiento din\u00e1mico de los formularios<\/li>\n<li>Transmisi\u00f3n segura de datos con cifrado SSL<\/li>\n<li>Formularios de varios pasos para una mejor experiencia de usuario<\/li>\n<li>An\u00e1lisis e informes detallados de formularios<\/li>\n<li>Dise\u00f1o adaptable a dispositivos m\u00f3viles para acceso en cualquier lugar<\/li>\n<\/ul>\n","protected":false},"excerpt":{"rendered":"<p>Presentamos la integraci\u00f3n de Everest Forms con Pipedrive: Conecte f\u00e1cilmente sus formularios enviados con Pipedrive para optimizar su flujo de trabajo de CRM. Esta potente herramienta le permite captar y gestionar leads f\u00e1cilmente, garantizando que no se pierda ninguna oportunidad. Con la interfaz intuitiva de Everest Forms y las s\u00f3lidas funciones de CRM de Pipedrive, agilice su proceso de ventas, mejore la productividad e impulse las conversiones. Ideal para empresas de todos los tama\u00f1os que buscan optimizar la gesti\u00f3n de sus relaciones con los clientes. \u00a1Pruebe hoy mismo la integraci\u00f3n de Everest Forms con Pipedrive y experimente una forma m\u00e1s inteligente de gestionar su flujo de ventas!<\/p>\n","protected":false},"featured_media":169303,"comment_status":"open","ping_status":"open","template":"","meta":[],"product_brand":[2585],"product_cat":[1232,1206,1211],"product_tag":[2159],"class_list":{"0":"post-161322","1":"product","2":"type-product","3":"status-publish","4":"has-post-thumbnail","6":"product_brand-wpeverest","7":"product_cat-marketing-wordpress-plugins","8":"product_cat-plugins","9":"product_cat-wordpress-plugins","10":"product_tag-wpeverest","11":"member-discount","12":"discount-restricted","14":"first","15":"instock","16":"sale","17":"downloadable","18":"virtual","19":"sold-individually","20":"purchasable","21":"product-type-simple"},"_links":{"self":[{"href":"https:\/\/gpl-love.com\/es\/wp-json\/wp\/v2\/product\/161322","targetHints":{"allow":["GET"]}}],"collection":[{"href":"https:\/\/gpl-love.com\/es\/wp-json\/wp\/v2\/product"}],"about":[{"href":"https:\/\/gpl-love.com\/es\/wp-json\/wp\/v2\/types\/product"}],"replies":[{"embeddable":true,"href":"https:\/\/gpl-love.com\/es\/wp-json\/wp\/v2\/comments?post=161322"}],"wp:featuredmedia":[{"embeddable":true,"href":"https:\/\/gpl-love.com\/es\/wp-json\/wp\/v2\/media\/169303"}],"wp:attachment":[{"href":"https:\/\/gpl-love.com\/es\/wp-json\/wp\/v2\/media?parent=161322"}],"wp:term":[{"taxonomy":"product_brand","embeddable":true,"href":"https:\/\/gpl-love.com\/es\/wp-json\/wp\/v2\/product_brand?post=161322"},{"taxonomy":"product_cat","embeddable":true,"href":"https:\/\/gpl-love.com\/es\/wp-json\/wp\/v2\/product_cat?post=161322"},{"taxonomy":"product_tag","embeddable":true,"href":"https:\/\/gpl-love.com\/es\/wp-json\/wp\/v2\/product_tag?post=161322"}],"curies":[{"name":"wp","href":"https:\/\/api.w.org\/{rel}","templated":true}]}}