{"id":161320,"date":"2024-09-21T00:00:00","date_gmt":"2024-09-21T05:00:00","guid":{"rendered":"https:\/\/gpl-love.com\/es\/producto\/everest-forms-mailchimp\/"},"modified":"2026-03-09T08:48:26","modified_gmt":"2026-03-09T13:48:26","slug":"everest-forms-mailchimp","status":"publish","type":"product","link":"https:\/\/gpl-love.com\/es\/producto\/everest-forms-mailchimp\/","title":{"rendered":"Everest Forms Mailchimp 1.1.4"},"content":{"rendered":"<h3>Everest Forms Mailchimp Caracteristicas<\/h3>\n<p>Transforma tu email marketing con la potente combinaci\u00f3n de Everest Forms y Mailchimp. Perfecto para empresas de todos los tama\u00f1os, Everest Forms se integra a la perfecci\u00f3n con Mailchimp, permiti\u00e9ndote crear formularios impactantes que impulsan la interacci\u00f3n y las conversiones. Ya sea que est\u00e9s creando un formulario de contacto sencillo o una encuesta compleja de varios pasos, Everest Forms ofrece una interfaz intuitiva de arrastrar y soltar que no requiere conocimientos de programaci\u00f3n.<\/p>\n<p>Al combinar esto con la robusta plataforma de email marketing de Mailchimp, puedes sincronizar f\u00e1cilmente los env\u00edos de formularios, segmentar tu audiencia y enviar campa\u00f1as dirigidas que impacten. La integraci\u00f3n de Everest Forms con Mailchimp garantiza un flujo de datos fluido, automatizando tus estrategias de marketing y ahorr\u00e1ndote tiempo valioso. Optimiza tu estrategia de email marketing hoy mismo con Everest Forms y Mailchimp: donde los formularios potentes se unen al marketing efectivo.<\/p>\n<ul>\n<li>Integraci\u00f3n perfecta con Mailchimp<\/li>\n<li>Creador de formularios f\u00e1cil de arrastrar y soltar<\/li>\n<li>Campos de formulario personalizables<\/li>\n<li>Gesti\u00f3n automatizada de listas de correo electr\u00f3nico<\/li>\n<li>Actualizaciones de suscripciones por correo electr\u00f3nico en tiempo real<\/li>\n<li>Funciones compatibles con el RGPD<\/li>\n<li>Plantillas de formulario predise\u00f1adas<\/li>\n<li>Dise\u00f1o adaptable y optimizado para dispositivos m\u00f3viles<\/li>\n<li>Protecci\u00f3n avanzada contra spam<\/li>\n<li>An\u00e1lisis e informes detallados de formularios<\/li>\n<\/ul>\n","protected":false},"excerpt":{"rendered":"<p>Presentamos la integraci\u00f3n de Everest Forms con Mailchimp: la soluci\u00f3n definitiva para un email marketing fluido. Crea y gestiona formularios f\u00e1cilmente con Everest Forms y sincroniza f\u00e1cilmente tus contactos con Mailchimp. Ahorra tiempo y aumenta la eficiencia con nuestra interfaz intuitiva y f\u00e1cil de usar. Perfecta para empresas de todos los tama\u00f1os, esta potente herramienta optimiza tus campa\u00f1as de email marketing garantizando una recopilaci\u00f3n de datos precisa y una comunicaci\u00f3n optimizada. \u00a1Mejora tu estrategia de marketing hoy mismo con la integraci\u00f3n de Everest Forms con Mailchimp!<\/p>\n","protected":false},"featured_media":169302,"comment_status":"open","ping_status":"open","template":"","meta":[],"product_brand":[2585],"product_cat":[1232,1206,1211],"product_tag":[2159],"class_list":{"0":"post-161320","1":"product","2":"type-product","3":"status-publish","4":"has-post-thumbnail","6":"product_brand-wpeverest","7":"product_cat-marketing-wordpress-plugins","8":"product_cat-plugins","9":"product_cat-wordpress-plugins","10":"product_tag-wpeverest","11":"member-discount","12":"discount-restricted","14":"first","15":"instock","16":"sale","17":"downloadable","18":"virtual","19":"sold-individually","20":"purchasable","21":"product-type-simple"},"_links":{"self":[{"href":"https:\/\/gpl-love.com\/es\/wp-json\/wp\/v2\/product\/161320","targetHints":{"allow":["GET"]}}],"collection":[{"href":"https:\/\/gpl-love.com\/es\/wp-json\/wp\/v2\/product"}],"about":[{"href":"https:\/\/gpl-love.com\/es\/wp-json\/wp\/v2\/types\/product"}],"replies":[{"embeddable":true,"href":"https:\/\/gpl-love.com\/es\/wp-json\/wp\/v2\/comments?post=161320"}],"wp:featuredmedia":[{"embeddable":true,"href":"https:\/\/gpl-love.com\/es\/wp-json\/wp\/v2\/media\/169302"}],"wp:attachment":[{"href":"https:\/\/gpl-love.com\/es\/wp-json\/wp\/v2\/media?parent=161320"}],"wp:term":[{"taxonomy":"product_brand","embeddable":true,"href":"https:\/\/gpl-love.com\/es\/wp-json\/wp\/v2\/product_brand?post=161320"},{"taxonomy":"product_cat","embeddable":true,"href":"https:\/\/gpl-love.com\/es\/wp-json\/wp\/v2\/product_cat?post=161320"},{"taxonomy":"product_tag","embeddable":true,"href":"https:\/\/gpl-love.com\/es\/wp-json\/wp\/v2\/product_tag?post=161320"}],"curies":[{"name":"wp","href":"https:\/\/api.w.org\/{rel}","templated":true}]}}