{"id":161318,"date":"2024-09-21T00:00:00","date_gmt":"2024-09-21T05:00:00","guid":{"rendered":"https:\/\/gpl-love.com\/es\/producto\/everest-forms-zoho-crm\/"},"modified":"2026-04-02T11:16:34","modified_gmt":"2026-04-02T16:16:34","slug":"everest-forms-zoho-crm","status":"publish","type":"product","link":"https:\/\/gpl-love.com\/es\/producto\/everest-forms-zoho-crm\/","title":{"rendered":"Everest Forms Zoho CRM 1.0.2"},"content":{"rendered":"<h3>Everest Forms Zoho CRM Caracteristicas<\/h3>\n<p>Everest Forms y Zoho CRM: Optimiza tu flujo de trabajo<\/p>\n<p>Mejora la eficiencia de tu negocio con la integraci\u00f3n de Everest Forms y Zoho CRM. Conecta f\u00e1cilmente Everest Forms con Zoho CRM y observa c\u00f3mo se transforma tu flujo de trabajo. Ya sea que est\u00e9s captando leads, gestionando informaci\u00f3n de clientes o automatizando seguimientos, esta potente combinaci\u00f3n te garantiza estar siempre a la vanguardia.<\/p>\n<p>Everest Forms ofrece una interfaz intuitiva que te permite crear formularios personalizables en minutos. En combinaci\u00f3n con Zoho CRM, cada env\u00edo de formulario se sincroniza autom\u00e1ticamente, lo que garantiza que tu CRM est\u00e9 siempre actualizado con los datos m\u00e1s recientes. Olv\u00eddate de la entrada manual de datos y de las oportunidades perdidas; todo lo que necesitas est\u00e1 al alcance de tu mano.<\/p>\n<p>Perfecto para empresas de todos los tama\u00f1os, la integraci\u00f3n de Everest Forms con Zoho CRM mejora la productividad y la gesti\u00f3n de las relaciones con los clientes. Disfruta de actualizaciones en tiempo real, an\u00e1lisis detallados y un proceso m\u00e1s \u00e1gil. Simplifica las tareas y conc\u00e9ntrate en el crecimiento de tu negocio.<\/p>\n<p>Descubre todo el potencial de Everest Forms y Zoho CRM hoy mismo. Transforme su generaci\u00f3n de clientes potenciales, mejore las interacciones con los clientes y<\/p>\n<ul>\n<li>Integraci\u00f3n perfecta con Zoho CRM<\/li>\n<li>Interfaz intuitiva para crear formularios<\/li>\n<li>Campos de formulario personalizables<\/li>\n<li>Sincronizaci\u00f3n de datos en tiempo real<\/li>\n<li>Creaci\u00f3n de formularios con solo arrastrar y soltar<\/li>\n<li>L\u00f3gica condicional para los campos de formulario<\/li>\n<li>Protecci\u00f3n antispam integrada<\/li>\n<li>Formularios compatibles con dispositivos m\u00f3viles<\/li>\n<li>Funcionalidad para crear formularios de varios pasos<\/li>\n<li>Informes detallados de env\u00edo de formularios<\/li>\n<\/ul>\n","protected":false},"excerpt":{"rendered":"<p>Presentamos Everest Forms, la soluci\u00f3n perfecta para integrar Zoho CRM con su sitio web. Everest Forms ofrece una interfaz intuitiva que facilita la creaci\u00f3n de formularios personalizados y la captaci\u00f3n de leads directamente en Zoho CRM. Mejore la gesti\u00f3n de sus relaciones con los clientes con la sincronizaci\u00f3n de datos en tiempo real, garantizando as\u00ed que nunca pierda un cliente potencial. Ideal para empresas de todos los tama\u00f1os, Everest Forms optimiza su flujo de trabajo y aumenta la productividad. Empiece hoy mismo a fidelizar a los visitantes de su sitio web con Everest Forms y Zoho CRM.<\/p>\n","protected":false},"featured_media":169301,"comment_status":"open","ping_status":"open","template":"","meta":[],"product_brand":[2585],"product_cat":[1232,1206,1211],"product_tag":[2159],"class_list":{"0":"post-161318","1":"product","2":"type-product","3":"status-publish","4":"has-post-thumbnail","6":"product_brand-wpeverest","7":"product_cat-marketing-wordpress-plugins","8":"product_cat-plugins","9":"product_cat-wordpress-plugins","10":"product_tag-wpeverest","11":"member-discount","12":"discount-restricted","14":"first","15":"instock","16":"sale","17":"downloadable","18":"virtual","19":"sold-individually","20":"purchasable","21":"product-type-simple"},"_links":{"self":[{"href":"https:\/\/gpl-love.com\/es\/wp-json\/wp\/v2\/product\/161318","targetHints":{"allow":["GET"]}}],"collection":[{"href":"https:\/\/gpl-love.com\/es\/wp-json\/wp\/v2\/product"}],"about":[{"href":"https:\/\/gpl-love.com\/es\/wp-json\/wp\/v2\/types\/product"}],"replies":[{"embeddable":true,"href":"https:\/\/gpl-love.com\/es\/wp-json\/wp\/v2\/comments?post=161318"}],"wp:featuredmedia":[{"embeddable":true,"href":"https:\/\/gpl-love.com\/es\/wp-json\/wp\/v2\/media\/169301"}],"wp:attachment":[{"href":"https:\/\/gpl-love.com\/es\/wp-json\/wp\/v2\/media?parent=161318"}],"wp:term":[{"taxonomy":"product_brand","embeddable":true,"href":"https:\/\/gpl-love.com\/es\/wp-json\/wp\/v2\/product_brand?post=161318"},{"taxonomy":"product_cat","embeddable":true,"href":"https:\/\/gpl-love.com\/es\/wp-json\/wp\/v2\/product_cat?post=161318"},{"taxonomy":"product_tag","embeddable":true,"href":"https:\/\/gpl-love.com\/es\/wp-json\/wp\/v2\/product_tag?post=161318"}],"curies":[{"name":"wp","href":"https:\/\/api.w.org\/{rel}","templated":true}]}}