{"id":161308,"date":"2026-05-05T00:00:00","date_gmt":"2026-05-05T05:00:00","guid":{"rendered":"https:\/\/gpl-love.com\/es\/producto\/everest-forms-stripe\/"},"modified":"2026-05-05T11:17:02","modified_gmt":"2026-05-05T16:17:02","slug":"everest-forms-stripe","status":"publish","type":"product","link":"https:\/\/gpl-love.com\/es\/producto\/everest-forms-stripe\/","title":{"rendered":"Everest Forms Stripe 1.3.10"},"content":{"rendered":"<h3>Everest Forms Stripe Caracteristicas<\/h3>\n<p>Presentamos la integraci\u00f3n de Everest Forms con Stripe: \u00a1la soluci\u00f3n definitiva para pagos online sin complicaciones! Con Everest Forms y Stripe, puedes mejorar f\u00e1cilmente la funcionalidad de tu sitio web de WordPress. Dise\u00f1ada para facilitar transacciones fluidas, esta potente integraci\u00f3n garantiza que tus usuarios experimenten pagos sin complicaciones en todo momento.<\/p>\n<p>Everest Forms es un plugin l\u00edder para la creaci\u00f3n de formularios que te permite crear formularios profesionales e intuitivos con facilidad. Al combinarlo con la pasarela de pago segura de Stripe, puedes aceptar pagos con tarjeta de cr\u00e9dito directamente a trav\u00e9s de tus formularios, ofreciendo una soluci\u00f3n de pago c\u00f3moda y fiable para tus clientes.<\/p>\n<p>\u00bfPor qu\u00e9 elegir la integraci\u00f3n de Everest Forms con Stripe? Es f\u00e1cil de configurar, ofrece una seguridad robusta y admite m\u00faltiples divisas, lo que la hace perfecta para empresas de todos los tama\u00f1os. Ya sea que gestiones una tienda de comercio electr\u00f3nico, una organizaci\u00f3n sin \u00e1nimo de lucro o un sitio de membres\u00eda, la integraci\u00f3n de Everest Forms con Stripe agiliza tus procesos de pago y aumenta tu eficiencia general.<\/p>\n<ul>\n<li>Integraci\u00f3n perfecta con la pasarela de pagos Stripe<\/li>\n<li>Compatible con m\u00faltiples m\u00e9todos de pago<\/li>\n<li>Transacciones seguras y cifradas<\/li>\n<li>F\u00e1cil configuraci\u00f3n e interfaz intuitiva<\/li>\n<li>Formularios de pago personalizables<\/li>\n<li>Seguimiento de transacciones en tiempo real<\/li>\n<li>Notificaciones autom\u00e1ticas de pago<\/li>\n<li>Compatible con pagos recurrentes y suscripciones<\/li>\n<li>Dise\u00f1o adaptable a dispositivos m\u00f3viles<\/li>\n<li>Documentaci\u00f3n y soporte completos<\/li>\n<\/ul>\n","protected":false},"excerpt":{"rendered":"<p>Everest Forms Stripe, la soluci\u00f3n definitiva para pagos online sin complicaciones. Con la interfaz intuitiva de Everest Forms y la pasarela de pagos segura de Stripe, crea f\u00e1cilmente formularios de pago personalizables para tu sitio web. Perfecta para empresas de todos los tama\u00f1os, esta integraci\u00f3n garantiza transacciones r\u00e1pidas, mayor seguridad y una mayor satisfacci\u00f3n del cliente. Optimiza tu proceso de pago y observa c\u00f3mo crece tu negocio con Everest Forms Stripe.<\/p>\n","protected":false},"featured_media":169296,"comment_status":"open","ping_status":"open","template":"","meta":[],"product_brand":[2585],"product_cat":[1278,1206,1211],"product_tag":[2159],"class_list":{"0":"post-161308","1":"product","2":"type-product","3":"status-publish","4":"has-post-thumbnail","6":"product_brand-wpeverest","7":"product_cat-pago","8":"product_cat-plugins","9":"product_cat-wordpress-plugins","10":"product_tag-wpeverest","11":"member-discount","12":"discount-restricted","14":"first","15":"instock","16":"sale","17":"downloadable","18":"virtual","19":"sold-individually","20":"purchasable","21":"product-type-simple"},"_links":{"self":[{"href":"https:\/\/gpl-love.com\/es\/wp-json\/wp\/v2\/product\/161308","targetHints":{"allow":["GET"]}}],"collection":[{"href":"https:\/\/gpl-love.com\/es\/wp-json\/wp\/v2\/product"}],"about":[{"href":"https:\/\/gpl-love.com\/es\/wp-json\/wp\/v2\/types\/product"}],"replies":[{"embeddable":true,"href":"https:\/\/gpl-love.com\/es\/wp-json\/wp\/v2\/comments?post=161308"}],"wp:featuredmedia":[{"embeddable":true,"href":"https:\/\/gpl-love.com\/es\/wp-json\/wp\/v2\/media\/169296"}],"wp:attachment":[{"href":"https:\/\/gpl-love.com\/es\/wp-json\/wp\/v2\/media?parent=161308"}],"wp:term":[{"taxonomy":"product_brand","embeddable":true,"href":"https:\/\/gpl-love.com\/es\/wp-json\/wp\/v2\/product_brand?post=161308"},{"taxonomy":"product_cat","embeddable":true,"href":"https:\/\/gpl-love.com\/es\/wp-json\/wp\/v2\/product_cat?post=161308"},{"taxonomy":"product_tag","embeddable":true,"href":"https:\/\/gpl-love.com\/es\/wp-json\/wp\/v2\/product_tag?post=161308"}],"curies":[{"name":"wp","href":"https:\/\/api.w.org\/{rel}","templated":true}]}}