{"id":161306,"date":"2024-09-21T00:00:00","date_gmt":"2024-09-21T05:00:00","guid":{"rendered":"https:\/\/gpl-love.com\/es\/producto\/everest-forms-brevo\/"},"modified":"2026-03-09T08:48:17","modified_gmt":"2026-03-09T13:48:17","slug":"everest-forms-brevo","status":"publish","type":"product","link":"https:\/\/gpl-love.com\/es\/producto\/everest-forms-brevo\/","title":{"rendered":"Everest Forms Brevo 1.0.2"},"content":{"rendered":"<h3>Everest Forms Brevo Caracteristicas<\/h3>\n<p>Presentamos Everest Forms: la soluci\u00f3n definitiva para crear formularios impactantes y funcionales para tu sitio web. Dise\u00f1ado pensando en la experiencia del usuario, Everest Forms te permite crear formularios personalizados f\u00e1cilmente con su intuitiva interfaz de arrastrar y soltar. Ya sea que necesites formularios de contacto, de registro o de encuesta, Everest Forms te cubre las espaldas.<\/p>\n<p>\u00a1Pero eso no es todo! Everest Forms se integra a la perfecci\u00f3n con Brevo, brind\u00e1ndote capacidades de email marketing inigualables. Recopila informaci\u00f3n de usuarios y sincron\u00edzala autom\u00e1ticamente con tu cuenta de Brevo para optimizar tus campa\u00f1as de email marketing. Esta potente combinaci\u00f3n te garantiza no solo captar leads, sino tambi\u00e9n nutrirlos eficazmente.<\/p>\n<p>Con Everest Forms y Brevo, puedes mejorar la funcionalidad de tu sitio web e impulsar tus estrategias de marketing. \u00a1No te pierdas esta din\u00e1mica dupla: crea, conecta y convierte como nunca antes!<\/p>\n<ul>\n<li>Creador de formularios intuitivo con funci\u00f3n de arrastrar y soltar<\/li>\n<li>Plantillas de formulario predise\u00f1adas<\/li>\n<li>Dise\u00f1o adaptable a dispositivos m\u00f3viles<\/li>\n<li>L\u00f3gica condicional para formularios din\u00e1micos<\/li>\n<li>Notificaciones y confirmaciones por correo electr\u00f3nico<\/li>\n<li>Integraci\u00f3n con servicios populares de email marketing<\/li>\n<li>Protecci\u00f3n antispam con reCAPTCHA<\/li>\n<li>Opciones de dise\u00f1o multicolumna<\/li>\n<li>Estilo de formulario personalizable<\/li>\n<li>Amplia documentaci\u00f3n y soporte<\/li>\n<\/ul>\n","protected":false},"excerpt":{"rendered":"<p>Presentamos Everest Forms, la soluci\u00f3n definitiva para crear formularios impactantes e intuitivos en tu sitio web. Al integrarse a la perfecci\u00f3n con Brevo, Everest Forms te permite crear formularios personalizados para cualquier prop\u00f3sito, desde formularios de contacto hasta encuestas, con facilidad. Nuestra intuitiva interfaz de arrastrar y soltar garantiza una experiencia sin complicaciones, mientras que funciones avanzadas como la l\u00f3gica condicional y los formularios de varios pasos mejoran la interacci\u00f3n del usuario. Optimiza tus interacciones web y la recopilaci\u00f3n de datos con Everest Forms, tu herramienta predilecta para crear formularios potentes y profesionales.<\/p>\n","protected":false},"featured_media":169295,"comment_status":"open","ping_status":"open","template":"","meta":[],"product_brand":[2585],"product_cat":[1232,1206,1211],"product_tag":[2159],"class_list":{"0":"post-161306","1":"product","2":"type-product","3":"status-publish","4":"has-post-thumbnail","6":"product_brand-wpeverest","7":"product_cat-marketing-wordpress-plugins","8":"product_cat-plugins","9":"product_cat-wordpress-plugins","10":"product_tag-wpeverest","11":"member-discount","12":"discount-restricted","14":"first","15":"instock","16":"sale","17":"downloadable","18":"virtual","19":"sold-individually","20":"purchasable","21":"product-type-simple"},"_links":{"self":[{"href":"https:\/\/gpl-love.com\/es\/wp-json\/wp\/v2\/product\/161306","targetHints":{"allow":["GET"]}}],"collection":[{"href":"https:\/\/gpl-love.com\/es\/wp-json\/wp\/v2\/product"}],"about":[{"href":"https:\/\/gpl-love.com\/es\/wp-json\/wp\/v2\/types\/product"}],"replies":[{"embeddable":true,"href":"https:\/\/gpl-love.com\/es\/wp-json\/wp\/v2\/comments?post=161306"}],"wp:featuredmedia":[{"embeddable":true,"href":"https:\/\/gpl-love.com\/es\/wp-json\/wp\/v2\/media\/169295"}],"wp:attachment":[{"href":"https:\/\/gpl-love.com\/es\/wp-json\/wp\/v2\/media?parent=161306"}],"wp:term":[{"taxonomy":"product_brand","embeddable":true,"href":"https:\/\/gpl-love.com\/es\/wp-json\/wp\/v2\/product_brand?post=161306"},{"taxonomy":"product_cat","embeddable":true,"href":"https:\/\/gpl-love.com\/es\/wp-json\/wp\/v2\/product_cat?post=161306"},{"taxonomy":"product_tag","embeddable":true,"href":"https:\/\/gpl-love.com\/es\/wp-json\/wp\/v2\/product_tag?post=161306"}],"curies":[{"name":"wp","href":"https:\/\/api.w.org\/{rel}","templated":true}]}}