{"id":161304,"date":"2024-09-21T00:00:00","date_gmt":"2024-09-21T05:00:00","guid":{"rendered":"https:\/\/gpl-love.com\/es\/producto\/everest-forms-drip\/"},"modified":"2026-03-09T08:48:15","modified_gmt":"2026-03-09T13:48:15","slug":"everest-forms-drip","status":"publish","type":"product","link":"https:\/\/gpl-love.com\/es\/producto\/everest-forms-drip\/","title":{"rendered":"Everest Forms Drip 1.0.2"},"content":{"rendered":"<h3>Everest Forms Drip Caracteristicas<\/h3>\n<p>Presentamos Everest Form Drip, la soluci\u00f3n definitiva para una gesti\u00f3n fluida de formularios e integraci\u00f3n con email marketing. Dise\u00f1ado para optimizar tu flujo de trabajo, Everest Form Drip combina potentes funciones de creaci\u00f3n de formularios con campa\u00f1as automatizadas de email marketing por goteo, garantizando que nunca pierdas un lead.<\/p>\n<p>Everest Form Drip ofrece un intuitivo generador de formularios con funci\u00f3n de arrastrar y soltar, lo que facilita la creaci\u00f3n de formularios personalizados en minutos. Ya sea que necesites formularios de contacto, de registro o de encuesta, nuestra herramienta te cubre las espaldas. Con funciones avanzadas como l\u00f3gica condicional, formularios de varios pasos e integraciones de pago, puedes personalizar cada formulario para satisfacer tus necesidades espec\u00edficas.<\/p>\n<p>\u00a1Pero eso no es todo! Everest Form Drip se integra a la perfecci\u00f3n con tus plataformas de email marketing favoritas, permiti\u00e9ndote configurar campa\u00f1as automatizadas de email marketing por goteo basadas en los env\u00edos de formularios. Nutre a tus leads con secuencias de email personalizadas, impulsando la interacci\u00f3n y las tasas de conversi\u00f3n sin esfuerzo.<\/p>\n<p>Dise\u00f1ado para empresas de todos los tama\u00f1os, Everest Form Drip es f\u00e1cil de usar y no requiere conocimientos de programaci\u00f3n. Experimenta el poder de la gesti\u00f3n eficiente de formularios y el email marketing automatizado en una herramienta integral.<\/p>\n<ul>\n<li>Construcci\u00f3n duradera y de alta calidad<\/li>\n<li>Dise\u00f1o ergon\u00f3mico para un uso c\u00f3modo<\/li>\n<li>Superficie f\u00e1cil de limpiar<\/li>\n<li>Agarre antideslizante para mayor seguridad<\/li>\n<li>Ligero y port\u00e1til<\/li>\n<li>Apariencia elegante y moderna<\/li>\n<li>Vers\u00e1til para diversas aplicaciones<\/li>\n<li>Materiales ecol\u00f3gicos<\/li>\n<li>Rendimiento duradero<\/li>\n<li>Disponible en varios colores<\/li>\n<\/ul>\n","protected":false},"excerpt":{"rendered":"<p>Presentamos Everest Form Drip, la soluci\u00f3n definitiva para crear formularios online fluidos y de alta conversi\u00f3n. Dise\u00f1ada para la simplicidad y la eficiencia, nuestra potente herramienta te permite crear, personalizar y gestionar formularios sin esfuerzo. Con Everest Form Drip, puedes captar leads, impulsar la interacci\u00f3n y optimizar la recopilaci\u00f3n de datos. Entre sus caracter\u00edsticas clave se incluyen un generador de formularios intuitivo con funci\u00f3n de arrastrar y soltar, dise\u00f1o responsivo y una s\u00f3lida integraci\u00f3n con apps populares. Ideal para empresas de todos los tama\u00f1os, Everest Form Drip mejora la experiencia del usuario y maximiza tus estrategias de marketing. \u00a1Prueba Everest Form Drip hoy mismo y eleva tus interacciones online a un nuevo nivel!<\/p>\n","protected":false},"featured_media":169294,"comment_status":"open","ping_status":"open","template":"","meta":[],"product_brand":[2585],"product_cat":[1232,1206,1211],"product_tag":[2159],"class_list":{"0":"post-161304","1":"product","2":"type-product","3":"status-publish","4":"has-post-thumbnail","6":"product_brand-wpeverest","7":"product_cat-marketing-wordpress-plugins","8":"product_cat-plugins","9":"product_cat-wordpress-plugins","10":"product_tag-wpeverest","11":"member-discount","12":"discount-restricted","14":"first","15":"instock","16":"sale","17":"downloadable","18":"virtual","19":"sold-individually","20":"purchasable","21":"product-type-simple"},"_links":{"self":[{"href":"https:\/\/gpl-love.com\/es\/wp-json\/wp\/v2\/product\/161304","targetHints":{"allow":["GET"]}}],"collection":[{"href":"https:\/\/gpl-love.com\/es\/wp-json\/wp\/v2\/product"}],"about":[{"href":"https:\/\/gpl-love.com\/es\/wp-json\/wp\/v2\/types\/product"}],"replies":[{"embeddable":true,"href":"https:\/\/gpl-love.com\/es\/wp-json\/wp\/v2\/comments?post=161304"}],"wp:featuredmedia":[{"embeddable":true,"href":"https:\/\/gpl-love.com\/es\/wp-json\/wp\/v2\/media\/169294"}],"wp:attachment":[{"href":"https:\/\/gpl-love.com\/es\/wp-json\/wp\/v2\/media?parent=161304"}],"wp:term":[{"taxonomy":"product_brand","embeddable":true,"href":"https:\/\/gpl-love.com\/es\/wp-json\/wp\/v2\/product_brand?post=161304"},{"taxonomy":"product_cat","embeddable":true,"href":"https:\/\/gpl-love.com\/es\/wp-json\/wp\/v2\/product_cat?post=161304"},{"taxonomy":"product_tag","embeddable":true,"href":"https:\/\/gpl-love.com\/es\/wp-json\/wp\/v2\/product_tag?post=161304"}],"curies":[{"name":"wp","href":"https:\/\/api.w.org\/{rel}","templated":true}]}}