{"id":161166,"date":"2025-04-11T00:00:00","date_gmt":"2025-04-11T05:00:00","guid":{"rendered":"https:\/\/gpl-love.com\/es\/producto\/wpforo-embeds\/"},"modified":"2026-03-09T08:48:00","modified_gmt":"2026-03-09T13:48:00","slug":"wpforo-embeds","status":"publish","type":"product","link":"https:\/\/gpl-love.com\/es\/producto\/wpforo-embeds\/","title":{"rendered":"WPForo Embeds 3.0.10"},"content":{"rendered":"<h3>WPForo Embeds Caracteristicas<\/h3>\n<p>Descubre la soluci\u00f3n definitiva para una integraci\u00f3n fluida de contenido con WPForo Embeds. Dise\u00f1ada espec\u00edficamente para WPForo, esta potente herramienta te permite incrustar f\u00e1cilmente elementos multimedia en las publicaciones de tu foro, mejorando la interacci\u00f3n y la participaci\u00f3n de los usuarios. Ya sea que quieras a\u00f1adir v\u00eddeos, im\u00e1genes o contenido para redes sociales, WPForo Embeds lo hace sencillo e intuitivo.<\/p>\n<p>Con WPForo Embeds, puedes transformar tu foro en un centro comunitario din\u00e1mico e interactivo. El plugin es compatible con una amplia gama de tipos de medios, lo que garantiza que tus publicaciones sean siempre din\u00e1micas y visualmente atractivas. Adem\u00e1s, es totalmente compatible con las \u00faltimas actualizaciones de WordPress, lo que garantiza un rendimiento fluido y fiable.<\/p>\n<p>Aumenta el atractivo de tu foro y mant\u00e9n a tu audiencia enganchada con WPForo Embeds. F\u00e1cil de instalar y a\u00fan m\u00e1s f\u00e1cil de usar, este plugin es imprescindible para cualquier usuario de WPForo que busque mejorar su experiencia en el foro. \u00a1No dejes que tu contenido decaiga! \u00a1Haz que destaque con WPForo Embeds hoy mismo!<\/p>\n<ul>\n<li>Integraci\u00f3n perfecta con WordPress<\/li>\n<li>Admite la incrustaci\u00f3n de contenido desde diversas plataformas<\/li>\n<li>Interfaz intuitiva para una f\u00e1cil incrustaci\u00f3n<\/li>\n<li>Opciones de incrustaci\u00f3n personalizables<\/li>\n<li>Dise\u00f1o adaptable a dispositivos m\u00f3viles<\/li>\n<li>Compatible con los temas m\u00e1s populares de WordPress<\/li>\n<li>Ligero y optimizado para un rendimiento \u00f3ptimo<\/li>\n<li>Documentaci\u00f3n y soporte detallados<\/li>\n<li>Actualizaciones y mejoras peri\u00f3dicas<\/li>\n<li>Funcionalidad segura y fiable<\/li>\n<\/ul>\n","protected":false},"excerpt":{"rendered":"<p>WPForo Embeds es la soluci\u00f3n definitiva para integrar a la perfecci\u00f3n contenido multimedia enriquecido en las discusiones de tu foro. Con WPForo Embeds, puedes incrustar f\u00e1cilmente v\u00eddeos, im\u00e1genes y publicaciones en redes sociales, mejorando la interacci\u00f3n del usuario y dinamizando tus conversaciones. Esta potente herramienta es compatible con una amplia gama de plataformas, lo que garantiza que tu foro siga siendo interactivo y visualmente atractivo. Ya sea que compartas tutoriales, presentes productos o simplemente fomentes la interacci\u00f3n de la comunidad, WPForo Embeds simplifica el proceso, ahorr\u00e1ndote tiempo y mejorando la experiencia del usuario. \u00a1Mejora tu foro hoy mismo con WPForo Embeds y cautiva a tu audiencia!<\/p>\n","protected":false},"featured_media":169283,"comment_status":"open","ping_status":"open","template":"","meta":[],"product_brand":[2688],"product_cat":[1214,1206,1211],"product_tag":[2335],"class_list":{"0":"post-161166","1":"product","2":"type-product","3":"status-publish","4":"has-post-thumbnail","6":"product_brand-gvectors-team","7":"product_cat-personalizacion","8":"product_cat-plugins","9":"product_cat-wordpress-plugins","10":"product_tag-gvectors-team","11":"member-discount","12":"discount-restricted","14":"first","15":"instock","16":"sale","17":"downloadable","18":"virtual","19":"sold-individually","20":"purchasable","21":"product-type-simple"},"_links":{"self":[{"href":"https:\/\/gpl-love.com\/es\/wp-json\/wp\/v2\/product\/161166","targetHints":{"allow":["GET"]}}],"collection":[{"href":"https:\/\/gpl-love.com\/es\/wp-json\/wp\/v2\/product"}],"about":[{"href":"https:\/\/gpl-love.com\/es\/wp-json\/wp\/v2\/types\/product"}],"replies":[{"embeddable":true,"href":"https:\/\/gpl-love.com\/es\/wp-json\/wp\/v2\/comments?post=161166"}],"wp:featuredmedia":[{"embeddable":true,"href":"https:\/\/gpl-love.com\/es\/wp-json\/wp\/v2\/media\/169283"}],"wp:attachment":[{"href":"https:\/\/gpl-love.com\/es\/wp-json\/wp\/v2\/media?parent=161166"}],"wp:term":[{"taxonomy":"product_brand","embeddable":true,"href":"https:\/\/gpl-love.com\/es\/wp-json\/wp\/v2\/product_brand?post=161166"},{"taxonomy":"product_cat","embeddable":true,"href":"https:\/\/gpl-love.com\/es\/wp-json\/wp\/v2\/product_cat?post=161166"},{"taxonomy":"product_tag","embeddable":true,"href":"https:\/\/gpl-love.com\/es\/wp-json\/wp\/v2\/product_tag?post=161166"}],"curies":[{"name":"wp","href":"https:\/\/api.w.org\/{rel}","templated":true}]}}