{"id":161164,"date":"2024-09-17T00:00:00","date_gmt":"2024-09-17T05:00:00","guid":{"rendered":"https:\/\/gpl-love.com\/es\/producto\/wpforo-paid-memberships-pro\/"},"modified":"2026-03-09T08:47:59","modified_gmt":"2026-03-09T13:47:59","slug":"wpforo-paid-memberships-pro","status":"publish","type":"product","link":"https:\/\/gpl-love.com\/es\/producto\/wpforo-paid-memberships-pro\/","title":{"rendered":"WPForo Paid Memberships Pro 1.2.0"},"content":{"rendered":"<h3>WPForo Paid Memberships Pro Caracteristicas<\/h3>\n<p>\u00a1Desbloquea todo el potencial de tu comunidad online con wpForo Paid Memberships Pro! Mejora la experiencia de tu foro ofreciendo contenido exclusivo, funciones premium y acceso exclusivo para miembros. Dise\u00f1ado para una integraci\u00f3n perfecta, wpForo Paid Memberships Pro te permite gestionar f\u00e1cilmente las suscripciones, impulsar la participaci\u00f3n y monetizar tu foro.<\/p>\n<p>Nuestro potente plugin es perfecto para l\u00edderes de comunidad que buscan crear un espacio din\u00e1mico e interactivo. Con wpForo Paid Memberships Pro, puedes configurar f\u00e1cilmente niveles de membres\u00eda, ofreciendo diversas ventajas y beneficios. Personaliza tus planes de membres\u00eda para adaptarlos a las necesidades de tu audiencia y observa c\u00f3mo crece tu comunidad.<\/p>\n<ul>\n<li>Integraci\u00f3n perfecta con los foros de WPForo<\/li>\n<li>M\u00faltiples niveles de membres\u00eda<\/li>\n<li>Planes de membres\u00eda personalizables<\/li>\n<li>Compatibilidad con pasarelas de pago para las principales tarjetas de cr\u00e9dito y PayPal<\/li>\n<li>Acceso a contenido exclusivo para miembros<\/li>\n<li>Renovaci\u00f3n autom\u00e1tica de suscripciones<\/li>\n<li>Informes y an\u00e1lisis detallados<\/li>\n<li>Notificaciones por correo electr\u00f3nico sobre las actividades de los miembros<\/li>\n<li>Gesti\u00f3n de c\u00f3digos de descuento y promociones<\/li>\n<li>Configuraci\u00f3n intuitiva<\/li>\n<\/ul>\n","protected":false},"excerpt":{"rendered":"<p>Presentamos WPForo Paid Memberships Pro: tu soluci\u00f3n definitiva para gestionar contenido exclusivo en tu sitio de WordPress. Este potente plugin se integra a la perfecci\u00f3n, permiti\u00e9ndote crear, gestionar y monetizar suscripciones de membres\u00eda sin esfuerzo. Con WPForo Paid Memberships Pro, puedes ofrecer niveles de membres\u00eda, proteger contenido valioso y brindar una experiencia de usuario excepcional. Mejora la funcionalidad de tu sitio y expande tu comunidad con esta herramienta f\u00e1cil de usar y repleta de funciones. \u00a1Prueba WPForo Paid Memberships Pro hoy mismo y transforma tu sitio de WordPress en una plataforma de membres\u00eda pr\u00f3spera!<\/p>\n","protected":false},"featured_media":169282,"comment_status":"open","ping_status":"open","template":"","meta":[],"product_brand":[2688],"product_cat":[1214,1206,1211],"product_tag":[2335],"class_list":{"0":"post-161164","1":"product","2":"type-product","3":"status-publish","4":"has-post-thumbnail","6":"product_brand-gvectors-team","7":"product_cat-personalizacion","8":"product_cat-plugins","9":"product_cat-wordpress-plugins","10":"product_tag-gvectors-team","11":"member-discount","12":"discount-restricted","14":"first","15":"instock","16":"sale","17":"downloadable","18":"virtual","19":"sold-individually","20":"purchasable","21":"product-type-simple"},"_links":{"self":[{"href":"https:\/\/gpl-love.com\/es\/wp-json\/wp\/v2\/product\/161164","targetHints":{"allow":["GET"]}}],"collection":[{"href":"https:\/\/gpl-love.com\/es\/wp-json\/wp\/v2\/product"}],"about":[{"href":"https:\/\/gpl-love.com\/es\/wp-json\/wp\/v2\/types\/product"}],"replies":[{"embeddable":true,"href":"https:\/\/gpl-love.com\/es\/wp-json\/wp\/v2\/comments?post=161164"}],"wp:featuredmedia":[{"embeddable":true,"href":"https:\/\/gpl-love.com\/es\/wp-json\/wp\/v2\/media\/169282"}],"wp:attachment":[{"href":"https:\/\/gpl-love.com\/es\/wp-json\/wp\/v2\/media?parent=161164"}],"wp:term":[{"taxonomy":"product_brand","embeddable":true,"href":"https:\/\/gpl-love.com\/es\/wp-json\/wp\/v2\/product_brand?post=161164"},{"taxonomy":"product_cat","embeddable":true,"href":"https:\/\/gpl-love.com\/es\/wp-json\/wp\/v2\/product_cat?post=161164"},{"taxonomy":"product_tag","embeddable":true,"href":"https:\/\/gpl-love.com\/es\/wp-json\/wp\/v2\/product_tag?post=161164"}],"curies":[{"name":"wp","href":"https:\/\/api.w.org\/{rel}","templated":true}]}}