{"id":161162,"date":"2024-09-17T00:00:00","date_gmt":"2024-09-17T05:00:00","guid":{"rendered":"https:\/\/gpl-love.com\/es\/producto\/wpforo-polls\/"},"modified":"2026-03-09T08:47:58","modified_gmt":"2026-03-09T13:47:58","slug":"wpforo-polls","status":"publish","type":"product","link":"https:\/\/gpl-love.com\/es\/producto\/wpforo-polls\/","title":{"rendered":"WPForo Polls 3.0.2"},"content":{"rendered":"<h3>WPForo Polls Caracteristicas<\/h3>\n<p>Impulsa la participaci\u00f3n de tu comunidad con WPForo Polls, el plugin definitivo para WordPress dise\u00f1ado para impulsar la interacci\u00f3n en tu foro. Esta vers\u00e1til herramienta te permite crear encuestas atractivas en tiempo real que cautivan a tu audiencia y te brindan informaci\u00f3n valiosa. Con WPForo Polls, puedes personalizar f\u00e1cilmente las opciones de las encuestas, establecer l\u00edmites de votaci\u00f3n y analizar los resultados con estad\u00edsticas detalladas.<\/p>\n<p>Perfecto para foros de todos los tama\u00f1os, WPForo Polls se integra a la perfecci\u00f3n con tu configuraci\u00f3n actual de WPForo, garantizando una experiencia de usuario fluida. Ya sea que busques comentarios, realices estudios de mercado o simplemente inicies conversaciones, este plugin es tu soluci\u00f3n ideal.<\/p>\n<p>Sus caracter\u00edsticas clave incluyen la creaci\u00f3n intuitiva de encuestas, m\u00faltiples tipos de preguntas y un dise\u00f1o responsivo, lo que lo hace accesible desde cualquier dispositivo. \u00a1Mejora tu foro hoy mismo con WPForo Polls y observa c\u00f3mo tu comunidad prospera!<\/p>\n<ul>\n<li>Integraci\u00f3n perfecta con el plugin de foro WPForo<\/li>\n<li>Interfaz intuitiva para crear y gestionar encuestas<\/li>\n<li>M\u00faltiples tipos de preguntas (opci\u00f3n simple, opci\u00f3n m\u00faltiple, etc.)<\/li>\n<li>Apariencia y dise\u00f1o de encuesta personalizables<\/li>\n<li>Votaci\u00f3n y actualizaciones de resultados en tiempo real<\/li>\n<li>Opci\u00f3n para permitir o restringir la votaci\u00f3n a usuarios registrados<\/li>\n<li>Opciones de programaci\u00f3n y vencimiento de encuestas<\/li>\n<li>An\u00e1lisis detallados e informes sobre los resultados de las encuestas<\/li>\n<li>Dise\u00f1o adaptable a dispositivos m\u00f3viles<\/li>\n<li>Compatibilidad con varios idiomas y localizaci\u00f3n<\/li>\n<\/ul>\n","protected":false},"excerpt":{"rendered":"<p>\u00a1Transforma las interacciones de tu foro con WPForo Polls! Este potente plugin se integra a la perfecci\u00f3n con tu foro de WPForo, permiti\u00e9ndote crear encuestas atractivas e interactivas sin esfuerzo. Impulsa la participaci\u00f3n de los usuarios, recopila informaci\u00f3n valiosa y enriquece las discusiones de la comunidad con herramientas intuitivas para crear encuestas. Perfecto para foros de todos los tama\u00f1os, WPForo Polls ofrece opciones personalizables que se adaptan a la est\u00e9tica y las necesidades de tu foro. Mejora tu experiencia en el foro hoy mismo y descubre por qu\u00e9 WPForo Polls es imprescindible para cualquier comunidad online din\u00e1mica.<\/p>\n","protected":false},"featured_media":169281,"comment_status":"open","ping_status":"open","template":"","meta":[],"product_brand":[2688],"product_cat":[1214,1206,1211],"product_tag":[2335],"class_list":{"0":"post-161162","1":"product","2":"type-product","3":"status-publish","4":"has-post-thumbnail","6":"product_brand-gvectors-team","7":"product_cat-personalizacion","8":"product_cat-plugins","9":"product_cat-wordpress-plugins","10":"product_tag-gvectors-team","11":"member-discount","12":"discount-restricted","14":"first","15":"instock","16":"sale","17":"downloadable","18":"virtual","19":"sold-individually","20":"purchasable","21":"product-type-simple"},"_links":{"self":[{"href":"https:\/\/gpl-love.com\/es\/wp-json\/wp\/v2\/product\/161162","targetHints":{"allow":["GET"]}}],"collection":[{"href":"https:\/\/gpl-love.com\/es\/wp-json\/wp\/v2\/product"}],"about":[{"href":"https:\/\/gpl-love.com\/es\/wp-json\/wp\/v2\/types\/product"}],"replies":[{"embeddable":true,"href":"https:\/\/gpl-love.com\/es\/wp-json\/wp\/v2\/comments?post=161162"}],"wp:featuredmedia":[{"embeddable":true,"href":"https:\/\/gpl-love.com\/es\/wp-json\/wp\/v2\/media\/169281"}],"wp:attachment":[{"href":"https:\/\/gpl-love.com\/es\/wp-json\/wp\/v2\/media?parent=161162"}],"wp:term":[{"taxonomy":"product_brand","embeddable":true,"href":"https:\/\/gpl-love.com\/es\/wp-json\/wp\/v2\/product_brand?post=161162"},{"taxonomy":"product_cat","embeddable":true,"href":"https:\/\/gpl-love.com\/es\/wp-json\/wp\/v2\/product_cat?post=161162"},{"taxonomy":"product_tag","embeddable":true,"href":"https:\/\/gpl-love.com\/es\/wp-json\/wp\/v2\/product_tag?post=161162"}],"curies":[{"name":"wp","href":"https:\/\/api.w.org\/{rel}","templated":true}]}}