{"id":161160,"date":"2024-09-17T00:00:00","date_gmt":"2024-09-17T05:00:00","guid":{"rendered":"https:\/\/gpl-love.com\/es\/producto\/wpforo-private-messages\/"},"modified":"2026-03-09T08:47:57","modified_gmt":"2026-03-09T13:47:57","slug":"wpforo-private-messages","status":"publish","type":"product","link":"https:\/\/gpl-love.com\/es\/producto\/wpforo-private-messages\/","title":{"rendered":"WPForo Private Messages 3.1.2"},"content":{"rendered":"<h3>WPForo Private Messages Caracteristicas<\/h3>\n<p>Mensajes Privados de WPForo: la soluci\u00f3n definitiva para una comunicaci\u00f3n fluida y segura dentro de tu comunidad de WordPress. Optimiza la interacci\u00f3n de los miembros con nuestro intuitivo sistema de mensajer\u00eda que garantiza la privacidad y fomenta la participaci\u00f3n.<br \/>\nCon s\u00f3lidas medidas de seguridad.<\/p>\n<p>Ideal para foros, redes sociales y sitios de membres\u00eda, Mensajes Privados de WPForo se integra a la perfecci\u00f3n con tu configuraci\u00f3n actual. Impulsa la participaci\u00f3n y la satisfacci\u00f3n de los usuarios con una herramienta de comunicaci\u00f3n privada y eficiente. \u00a1Prueba Mensajes Privados de WPForo hoy mismo y transforma la experiencia de tu comunidad de WordPress!<\/p>\n<ul>\n<li>Mensajer\u00eda segura y privada<\/li>\n<li>Interfaz intuitiva<\/li>\n<li>Notificaciones en tiempo real<\/li>\n<li>Admite archivos adjuntos (im\u00e1genes, archivos)<\/li>\n<li>Vista de conversaciones en cadena<\/li>\n<li>Configuraci\u00f3n y permisos personalizables<\/li>\n<li>Integraci\u00f3n con foros de WPForo<\/li>\n<li>Historial de mensajes con funci\u00f3n de b\u00fasqueda<\/li>\n<li>Dise\u00f1o adaptable a dispositivos m\u00f3viles<\/li>\n<li>Compatibilidad con varios idiomas<\/li>\n<\/ul>\n","protected":false},"excerpt":{"rendered":"<p>Mejora tu foro con Mensajes Privados de WPForo, la soluci\u00f3n definitiva para una comunicaci\u00f3n segura y fluida. Nuestro plugin ofrece funciones avanzadas e interfaces intuitivas para garantizar interacciones privadas y eficientes entre los miembros. Impulsa la interacci\u00f3n y protege la privacidad con el fiable sistema de mensajer\u00eda de WPForo. Disfruta de las ventajas de las notificaciones en tiempo real, la creaci\u00f3n de hilos de mensajes y la configuraci\u00f3n personalizable. Perfecto para cualquier comunidad que busque fomentar conexiones significativas y agilizar la comunicaci\u00f3n. \u00a1Mejora tu foro hoy mismo con Mensajes Privados de WPForo!<\/p>\n","protected":false},"featured_media":169280,"comment_status":"open","ping_status":"open","template":"","meta":[],"product_brand":[2688],"product_cat":[1214,1206,1211],"product_tag":[2335],"class_list":{"0":"post-161160","1":"product","2":"type-product","3":"status-publish","4":"has-post-thumbnail","6":"product_brand-gvectors-team","7":"product_cat-personalizacion","8":"product_cat-plugins","9":"product_cat-wordpress-plugins","10":"product_tag-gvectors-team","11":"member-discount","12":"discount-restricted","14":"first","15":"instock","16":"sale","17":"downloadable","18":"virtual","19":"sold-individually","20":"purchasable","21":"product-type-simple"},"_links":{"self":[{"href":"https:\/\/gpl-love.com\/es\/wp-json\/wp\/v2\/product\/161160","targetHints":{"allow":["GET"]}}],"collection":[{"href":"https:\/\/gpl-love.com\/es\/wp-json\/wp\/v2\/product"}],"about":[{"href":"https:\/\/gpl-love.com\/es\/wp-json\/wp\/v2\/types\/product"}],"replies":[{"embeddable":true,"href":"https:\/\/gpl-love.com\/es\/wp-json\/wp\/v2\/comments?post=161160"}],"wp:featuredmedia":[{"embeddable":true,"href":"https:\/\/gpl-love.com\/es\/wp-json\/wp\/v2\/media\/169280"}],"wp:attachment":[{"href":"https:\/\/gpl-love.com\/es\/wp-json\/wp\/v2\/media?parent=161160"}],"wp:term":[{"taxonomy":"product_brand","embeddable":true,"href":"https:\/\/gpl-love.com\/es\/wp-json\/wp\/v2\/product_brand?post=161160"},{"taxonomy":"product_cat","embeddable":true,"href":"https:\/\/gpl-love.com\/es\/wp-json\/wp\/v2\/product_cat?post=161160"},{"taxonomy":"product_tag","embeddable":true,"href":"https:\/\/gpl-love.com\/es\/wp-json\/wp\/v2\/product_tag?post=161160"}],"curies":[{"name":"wp","href":"https:\/\/api.w.org\/{rel}","templated":true}]}}