{"id":161158,"date":"2024-09-17T00:00:00","date_gmt":"2024-09-17T05:00:00","guid":{"rendered":"https:\/\/gpl-love.com\/es\/producto\/wpforo-suremembers\/"},"modified":"2026-03-09T08:47:56","modified_gmt":"2026-03-09T13:47:56","slug":"wpforo-suremembers","status":"publish","type":"product","link":"https:\/\/gpl-love.com\/es\/producto\/wpforo-suremembers\/","title":{"rendered":"WPForo SureMembers 1.1.0"},"content":{"rendered":"<h3>WPForo SureMembers Caracteristicas<\/h3>\n<p>\u00a1Transforma tu comunidad online con WPForo y SureMembers! WPForo es el plugin definitivo para foros de WordPress, dise\u00f1ado para crear comunidades din\u00e1micas e interactivas. Tanto si est\u00e1s creando un foro especializado como un foro de gran envergadura, WPForo ofrece una gama de potentes funciones, como un dise\u00f1o moderno, f\u00e1cil personalizaci\u00f3n y una integraci\u00f3n perfecta con tu sitio WordPress.<\/p>\n<p>Mejora tu experiencia en el foro con SureMembers, el plugin de membres\u00eda l\u00edder para WordPress. SureMembers te permite gestionar f\u00e1cilmente membres\u00edas, suscripciones y niveles de acceso, garantizando la exclusividad y seguridad de tu comunidad. Con SureMembers, puedes crear planes de membres\u00eda por niveles, ofrecer contenido premium y automatizar la gesti\u00f3n de miembros f\u00e1cilmente.<\/p>\n<p>Al combinar las robustas funciones de foro de WPForo con la gesti\u00f3n avanzada de membres\u00edas de SureMembers, puedes crear una comunidad online din\u00e1mica, atractiva y monetizable. Aprovecha funciones como notificaciones en tiempo real, mensajer\u00eda privada y an\u00e1lisis detallados para impulsar la participaci\u00f3n y el crecimiento.<\/p>\n<ul>\n<li>Gesti\u00f3n avanzada de acceso para foros de WordPress<\/li>\n<li>Integraci\u00f3n perfecta con el plugin WPForo<\/li>\n<li>Niveles de membres\u00eda personalizables<\/li>\n<li>Funcionalidad de contenido por goteo<\/li>\n<li>Panel de control intuitivo para administradores<\/li>\n<li>Notificaciones autom\u00e1ticas a miembros<\/li>\n<li>Compatibilidad flexible con pasarelas de pago<\/li>\n<li>Acceso al contenido basado en roles<\/li>\n<li>Informes y an\u00e1lisis completos<\/li>\n<li>Funciones de seguridad mejoradas para los datos de los miembros<\/li>\n<\/ul>\n","protected":false},"excerpt":{"rendered":"<p>Descubre la soluci\u00f3n definitiva para gestionar tu comunidad online con WPForo SureMembers. Este potente plugin ofrece una integraci\u00f3n perfecta, funciones avanzadas de gesti\u00f3n de miembros y foros personalizables para mejorar la interacci\u00f3n de los usuarios. Crea f\u00e1cilmente contenido exclusivo, gestiona suscripciones y fomenta una comunidad pr\u00f3spera. WPForo SureMembers est\u00e1 dise\u00f1ado para optimizar la gesti\u00f3n de tu comunidad, ofreciendo una interfaz intuitiva y herramientas robustas para mantener a tus miembros comprometidos e informados. Transforma tu espacio online hoy mismo y disfruta de las ventajas de un foro din\u00e1mico y bien gestionado con WPForo SureMembers.<\/p>\n","protected":false},"featured_media":169279,"comment_status":"open","ping_status":"open","template":"","meta":[],"product_brand":[2688],"product_cat":[1214,1206,1211],"product_tag":[2335],"class_list":{"0":"post-161158","1":"product","2":"type-product","3":"status-publish","4":"has-post-thumbnail","6":"product_brand-gvectors-team","7":"product_cat-personalizacion","8":"product_cat-plugins","9":"product_cat-wordpress-plugins","10":"product_tag-gvectors-team","11":"member-discount","12":"discount-restricted","14":"first","15":"instock","16":"sale","17":"downloadable","18":"virtual","19":"sold-individually","20":"purchasable","21":"product-type-simple"},"_links":{"self":[{"href":"https:\/\/gpl-love.com\/es\/wp-json\/wp\/v2\/product\/161158","targetHints":{"allow":["GET"]}}],"collection":[{"href":"https:\/\/gpl-love.com\/es\/wp-json\/wp\/v2\/product"}],"about":[{"href":"https:\/\/gpl-love.com\/es\/wp-json\/wp\/v2\/types\/product"}],"replies":[{"embeddable":true,"href":"https:\/\/gpl-love.com\/es\/wp-json\/wp\/v2\/comments?post=161158"}],"wp:featuredmedia":[{"embeddable":true,"href":"https:\/\/gpl-love.com\/es\/wp-json\/wp\/v2\/media\/169279"}],"wp:attachment":[{"href":"https:\/\/gpl-love.com\/es\/wp-json\/wp\/v2\/media?parent=161158"}],"wp:term":[{"taxonomy":"product_brand","embeddable":true,"href":"https:\/\/gpl-love.com\/es\/wp-json\/wp\/v2\/product_brand?post=161158"},{"taxonomy":"product_cat","embeddable":true,"href":"https:\/\/gpl-love.com\/es\/wp-json\/wp\/v2\/product_cat?post=161158"},{"taxonomy":"product_tag","embeddable":true,"href":"https:\/\/gpl-love.com\/es\/wp-json\/wp\/v2\/product_tag?post=161158"}],"curies":[{"name":"wp","href":"https:\/\/api.w.org\/{rel}","templated":true}]}}